{"id":10,"date":"2021-06-16T19:03:43","date_gmt":"2021-06-16T17:03:43","guid":{"rendered":"https:\/\/lifepath.eu\/lp-term-conditions\/"},"modified":"2023-05-24T15:22:45","modified_gmt":"2023-05-24T13:22:45","slug":"lp-term-conditions","status":"publish","type":"page","link":"https:\/\/lifepath.eu\/de\/lp-term-conditions\/","title":{"rendered":"AGB Kurse"},"content":{"rendered":"\n<p><strong>Stand<br><\/strong>01.05.2023<\/p>\n\n\n\n<p><strong>Allgemeines &amp; Geltungsbereich<br><\/strong>Die folgenden \u201eAllgemeinen Gesch\u00e4ftsbedingungen Kurse\u201c (AGB) gelten sei es f\u00fcr die digitalen Kursangebote, als auch f\u00fcr jene in Pr\u00e4senz, die von Lifepath der Daniela Delmonego anbgeboten werden, in der Folge Veranstalterin genannt. Ma\u00dfgeblich ist jeweils die zum Zeitpunkt des Vertragsabschlusses g\u00fcltige Fassung.<\/p>\n\n\n\n<p><strong>Anmeldung<br><\/strong>Interessenten*innen k\u00f6nnen sich zu allen Kursen wie folgt anmelden: online oder per Email.<\/p>\n\n\n\n<p>Aufgrund der begrenzten Anzahl der Teilnehmer*innen vor allem im Falle von Kurse, Seminare und Veranstaltungen in Pr\u00e4senz werden die Anmeldungen \u2013 vorbehaltlich eventueller Zugangsvoraussetzungen &#8211; in der Reihenfolge ihres Eingangs ber\u00fccksichtigt. Die Anmeldung muss in jedem Fall innerhalb des vorgesehenen Anmeldeschlusses erfolgen, wobei deren Eingang schriftlich best\u00e4tigt wird. Die \u00dcberpr\u00fcfung der Zugangsvoraussetzungen zu einem Kurs obliegt der Veranstalterin, welche sich vorbeh\u00e4lt, ein Auswahlverfahren durchzuf\u00fchren oder weitere Unterlagen einzuholen.<\/p>\n\n\n\n<p>Wird die Veranstaltung durchgef\u00fchrt, werden die Teilnehmer*innen mittels Kurseinladung \u00fcber die Zahlungsbedingungen, Kurstermine usw. schriftlich informiert.<\/p>\n\n\n\n<p>Mit der Anmeldung erkl\u00e4ren sich die Teilnehmer*innen mit den AGB\u2019s einverstanden.<\/p>\n\n\n\n<p><strong>Kursabsage durch die Veranstalterin<\/strong><\/p>\n\n\n\n<p>F\u00fcr s\u00e4mtliche Weiterbildungsveranstaltungen ist eine Mindest- und H\u00f6chstteilnehmer*innenanzahl festgelegt. Sollte die Mindestanzahl nicht erreicht werden, ist die Veranstalterin berechtigt, die Veranstaltung abzusagen.<\/p>\n\n\n\n<p>In diesem Falle werden die Kursteilnehmer*innen vor Kursbeginn dar\u00fcber in Kenntnis gesetzt, wobei keinerlei finanzielle Anspr\u00fcche geltend gemacht werden k\u00f6nnen.<\/p>\n\n\n\n<p><strong>Kursabsage durch den Teilnehmenden<br><\/strong>Abmeldungen durch eine*n Teilnehmende*n werden nur schriftlich und vor Beginn der Weiterbildungsveranstaltung akzeptiert.<\/p>\n\n\n\n<p>Es gelten folgende Regelungen:<\/p>\n\n\n\n<ul class=\"wp-block-list\">\n<li>Bei schriftlicher Abmeldung vor Anmeldeschluss wird keine Stornogeb\u00fchr berechnet.<\/li>\n\n\n\n<li>Bei schriftlicher Abmeldung, welche im Zeitraum zwischen dem Anmeldeschluss und einer Woche vor Kursbeginn erfolgt, wird eine Bearbeitungsgeb\u00fchr von 20 \u20ac berechnet.<\/li>\n\n\n\n<li>Bei sp\u00e4terer Abmeldung ist die gesamte Kursgeb\u00fchr in voller H\u00f6he zu bezahlen.<\/li>\n\n\n\n<li>Im Falle von Krankheit, Unfall oder h\u00f6herer Gewalt ist eine R\u00fcckerstattung der Kursgeb\u00fchr nur nach Vorlage eines \u00e4rztlichen Zeugnisses oder einer entsprechenden schriftlichen Begr\u00fcndung m\u00f6glich.<\/li>\n\n\n\n<li>Falls ein Kurs vom Teilnehmenden vorzeitig abgebrochen wird, entf\u00e4llt das Recht auf R\u00fcckerstattung der Kursgeb\u00fchr.<\/li>\n\n\n\n<li>Nach Kursbeginn ist keine R\u00fcckerstattung der Kursgeb\u00fchr vorgesehen.<\/li>\n<\/ul>\n\n\n\n<p><strong>Kursgeb\u00fchr<br><\/strong>Die Best\u00e4tigung \u00fcber die Einzahlung der Kursgeb\u00fchr berechtigt zur Teilnahme am Kurs.<\/p>\n\n\n\n<p>Anfallende Materialspesen sind in der Kursbeschreibung entweder ausgewiesen und\u202fwerden gemeinsam mit den Kursgeb\u00fchren eingehoben oder sind bereits in den Kursgeb\u00fchren enthalten .<\/p>\n\n\n\n<p>Die <strong>Kursgeb\u00fchr <\/strong>muss <strong>sp\u00e4testens eine Woche vor Beginn<\/strong> der Veranstaltung mittels Paypal oder Bank\u00fcberweisung bezahlt werden. F\u00fcr die Rechnungslegung werden die vollst\u00e4ndigen Rechnungsdaten ben\u00f6tigt.<\/p>\n\n\n\n<p><strong>Teilnahmebest\u00e4tigung<br><\/strong>Nach Abschluss einer Veranstaltung wird eine Teilnahmebest\u00e4tigung ausgestellt, vorausgesetzt, es werden mindestens 80% der vorgesehenen Kursstunden besucht.<\/p>\n\n\n\n<p><strong>\u00c4nderung im Veranstaltungsprogramm<br><\/strong>Die Veranstalterin beh\u00e4lt sich aus organisatorischen Gr\u00fcnden \u00c4nderungen bei den Kurstagen, Kurszeiten, Veranstaltungsorten, Ausfall einzelner Lehreinheiten, usw. vor. Die Teilnehmenden werden dar\u00fcber rechtzeitig und in geeigneter Form verst\u00e4ndigt. Wird das Kursangebot von der Veranstalterin erst nach erfolgter Buchung abge\u00e4ndert, haben die Teilnehmenden das Recht, von der Anmeldung zur\u00fcckzutreten. Die Kursgeb\u00fchr w\u00fcrde in diesem Falle r\u00fcckerstattet.<\/p>\n\n\n\n<p><strong>Haftung<br><\/strong>Die Veranstalterin \u00fcbernimmt keine Haftung f\u00fcr Verluste, Diebst\u00e4hle, Unf\u00e4lle und Sch\u00e4den, die bei der Teilnahme an der Veranstaltung am Kursort entstehen k\u00f6nnen. Die jeweilige Hausordnung ist f\u00fcr die Teilnehmenden verpflichtend einzuhalten.<\/p>\n","protected":false},"excerpt":{"rendered":"<p>Stand01.05.2023 Allgemeines &amp; GeltungsbereichDie folgenden \u201eAllgemeinen Gesch\u00e4ftsbedingungen Kurse\u201c (AGB) gelten sei es f\u00fcr die digitalen Kursangebote, als auch f\u00fcr jene in Pr\u00e4senz, die von Lifepath der Daniela Delmonego anbgeboten werden, in der Folge Veranstalterin genannt. Ma\u00dfgeblich ist jeweils die zum [&hellip;]<\/p>\n","protected":false},"author":2,"featured_media":0,"parent":0,"menu_order":0,"comment_status":"closed","ping_status":"closed","template":"","meta":{"footnotes":""},"class_list":["post-10","page","type-page","status-publish","hentry"],"yoast_head":"<!-- This site is optimized with the Yoast SEO plugin v27.3 - https:\/\/yoast.com\/product\/yoast-seo-wordpress\/ -->\n<title>AGB Kurse - Mentaltraining als Lebensweg<\/title>\n<meta name=\"robots\" content=\"index, follow, max-snippet:-1, max-image-preview:large, max-video-preview:-1\" \/>\n<link rel=\"canonical\" href=\"https:\/\/lifepath.eu\/de\/lp-term-conditions\/\" \/>\n<meta property=\"og:locale\" content=\"de_DE\" \/>\n<meta property=\"og:type\" content=\"article\" \/>\n<meta property=\"og:title\" content=\"AGB Kurse - Mentaltraining als Lebensweg\" \/>\n<meta property=\"og:description\" content=\"Stand01.05.2023 Allgemeines &amp; GeltungsbereichDie folgenden \u201eAllgemeinen Gesch\u00e4ftsbedingungen Kurse\u201c (AGB) gelten sei es f\u00fcr die digitalen Kursangebote, als auch f\u00fcr jene in Pr\u00e4senz, die von Lifepath der Daniela Delmonego anbgeboten werden, in der Folge Veranstalterin genannt. Ma\u00dfgeblich ist jeweils die zum [&hellip;]\" \/>\n<meta property=\"og:url\" content=\"https:\/\/lifepath.eu\/de\/lp-term-conditions\/\" \/>\n<meta property=\"og:site_name\" content=\"Mentaltraining als Lebensweg\" \/>\n<meta property=\"article:publisher\" content=\"https:\/\/www.facebook.com\/lifepath.eu\/\" \/>\n<meta property=\"article:modified_time\" content=\"2023-05-24T13:22:45+00:00\" \/>\n<meta name=\"twitter:card\" content=\"summary_large_image\" \/>\n<meta name=\"twitter:label1\" content=\"Gesch\u00e4tzte Lesezeit\" \/>\n\t<meta name=\"twitter:data1\" content=\"3\u00a0Minuten\" \/>\n<script type=\"application\/ld+json\" class=\"yoast-schema-graph\">{\"@context\":\"https:\\\/\\\/schema.org\",\"@graph\":[{\"@type\":\"WebPage\",\"@id\":\"https:\\\/\\\/lifepath.eu\\\/de\\\/lp-term-conditions\\\/\",\"url\":\"https:\\\/\\\/lifepath.eu\\\/de\\\/lp-term-conditions\\\/\",\"name\":\"AGB Kurse - Mentaltraining als Lebensweg\",\"isPartOf\":{\"@id\":\"https:\\\/\\\/lifepath.eu\\\/de\\\/#website\"},\"datePublished\":\"2021-06-16T17:03:43+00:00\",\"dateModified\":\"2023-05-24T13:22:45+00:00\",\"breadcrumb\":{\"@id\":\"https:\\\/\\\/lifepath.eu\\\/de\\\/lp-term-conditions\\\/#breadcrumb\"},\"inLanguage\":\"de\",\"potentialAction\":[{\"@type\":\"ReadAction\",\"target\":[\"https:\\\/\\\/lifepath.eu\\\/de\\\/lp-term-conditions\\\/\"]}]},{\"@type\":\"BreadcrumbList\",\"@id\":\"https:\\\/\\\/lifepath.eu\\\/de\\\/lp-term-conditions\\\/#breadcrumb\",\"itemListElement\":[{\"@type\":\"ListItem\",\"position\":1,\"name\":\"Startseite\",\"item\":\"https:\\\/\\\/lifepath.eu\\\/de\\\/\"},{\"@type\":\"ListItem\",\"position\":2,\"name\":\"AGB Kurse\"}]},{\"@type\":\"WebSite\",\"@id\":\"https:\\\/\\\/lifepath.eu\\\/de\\\/#website\",\"url\":\"https:\\\/\\\/lifepath.eu\\\/de\\\/\",\"name\":\"Mentaltraining als Lebensweg\",\"description\":\"Deine Online-Pers\u00f6nlichkeitsentwicklung\",\"publisher\":{\"@id\":\"https:\\\/\\\/lifepath.eu\\\/de\\\/#organization\"},\"potentialAction\":[{\"@type\":\"SearchAction\",\"target\":{\"@type\":\"EntryPoint\",\"urlTemplate\":\"https:\\\/\\\/lifepath.eu\\\/de\\\/?s={search_term_string}\"},\"query-input\":{\"@type\":\"PropertyValueSpecification\",\"valueRequired\":true,\"valueName\":\"search_term_string\"}}],\"inLanguage\":\"de\"},{\"@type\":\"Organization\",\"@id\":\"https:\\\/\\\/lifepath.eu\\\/de\\\/#organization\",\"name\":\"Lifepath\",\"url\":\"https:\\\/\\\/lifepath.eu\\\/de\\\/\",\"logo\":{\"@type\":\"ImageObject\",\"inLanguage\":\"de\",\"@id\":\"https:\\\/\\\/lifepath.eu\\\/de\\\/#\\\/schema\\\/logo\\\/image\\\/\",\"url\":\"https:\\\/\\\/lifepath.eu\\\/wp-content\\\/uploads\\\/2023\\\/02\\\/LIFEPATH-LOGO-final.png\",\"contentUrl\":\"https:\\\/\\\/lifepath.eu\\\/wp-content\\\/uploads\\\/2023\\\/02\\\/LIFEPATH-LOGO-final.png\",\"width\":388,\"height\":266,\"caption\":\"Lifepath\"},\"image\":{\"@id\":\"https:\\\/\\\/lifepath.eu\\\/de\\\/#\\\/schema\\\/logo\\\/image\\\/\"},\"sameAs\":[\"https:\\\/\\\/www.facebook.com\\\/lifepath.eu\\\/\",\"https:\\\/\\\/www.instagram.com\\\/lifepath.eu\\\/\"]}]}<\/script>\n<!-- \/ Yoast SEO plugin. -->","yoast_head_json":{"title":"AGB Kurse - Mentaltraining als Lebensweg","robots":{"index":"index","follow":"follow","max-snippet":"max-snippet:-1","max-image-preview":"max-image-preview:large","max-video-preview":"max-video-preview:-1"},"canonical":"https:\/\/lifepath.eu\/de\/lp-term-conditions\/","og_locale":"de_DE","og_type":"article","og_title":"AGB Kurse - Mentaltraining als Lebensweg","og_description":"Stand01.05.2023 Allgemeines &amp; GeltungsbereichDie folgenden \u201eAllgemeinen Gesch\u00e4ftsbedingungen Kurse\u201c (AGB) gelten sei es f\u00fcr die digitalen Kursangebote, als auch f\u00fcr jene in Pr\u00e4senz, die von Lifepath der Daniela Delmonego anbgeboten werden, in der Folge Veranstalterin genannt. Ma\u00dfgeblich ist jeweils die zum [&hellip;]","og_url":"https:\/\/lifepath.eu\/de\/lp-term-conditions\/","og_site_name":"Mentaltraining als Lebensweg","article_publisher":"https:\/\/www.facebook.com\/lifepath.eu\/","article_modified_time":"2023-05-24T13:22:45+00:00","twitter_card":"summary_large_image","twitter_misc":{"Gesch\u00e4tzte Lesezeit":"3\u00a0Minuten"},"schema":{"@context":"https:\/\/schema.org","@graph":[{"@type":"WebPage","@id":"https:\/\/lifepath.eu\/de\/lp-term-conditions\/","url":"https:\/\/lifepath.eu\/de\/lp-term-conditions\/","name":"AGB Kurse - Mentaltraining als Lebensweg","isPartOf":{"@id":"https:\/\/lifepath.eu\/de\/#website"},"datePublished":"2021-06-16T17:03:43+00:00","dateModified":"2023-05-24T13:22:45+00:00","breadcrumb":{"@id":"https:\/\/lifepath.eu\/de\/lp-term-conditions\/#breadcrumb"},"inLanguage":"de","potentialAction":[{"@type":"ReadAction","target":["https:\/\/lifepath.eu\/de\/lp-term-conditions\/"]}]},{"@type":"BreadcrumbList","@id":"https:\/\/lifepath.eu\/de\/lp-term-conditions\/#breadcrumb","itemListElement":[{"@type":"ListItem","position":1,"name":"Startseite","item":"https:\/\/lifepath.eu\/de\/"},{"@type":"ListItem","position":2,"name":"AGB Kurse"}]},{"@type":"WebSite","@id":"https:\/\/lifepath.eu\/de\/#website","url":"https:\/\/lifepath.eu\/de\/","name":"Mentaltraining als Lebensweg","description":"Deine Online-Pers\u00f6nlichkeitsentwicklung","publisher":{"@id":"https:\/\/lifepath.eu\/de\/#organization"},"potentialAction":[{"@type":"SearchAction","target":{"@type":"EntryPoint","urlTemplate":"https:\/\/lifepath.eu\/de\/?s={search_term_string}"},"query-input":{"@type":"PropertyValueSpecification","valueRequired":true,"valueName":"search_term_string"}}],"inLanguage":"de"},{"@type":"Organization","@id":"https:\/\/lifepath.eu\/de\/#organization","name":"Lifepath","url":"https:\/\/lifepath.eu\/de\/","logo":{"@type":"ImageObject","inLanguage":"de","@id":"https:\/\/lifepath.eu\/de\/#\/schema\/logo\/image\/","url":"https:\/\/lifepath.eu\/wp-content\/uploads\/2023\/02\/LIFEPATH-LOGO-final.png","contentUrl":"https:\/\/lifepath.eu\/wp-content\/uploads\/2023\/02\/LIFEPATH-LOGO-final.png","width":388,"height":266,"caption":"Lifepath"},"image":{"@id":"https:\/\/lifepath.eu\/de\/#\/schema\/logo\/image\/"},"sameAs":["https:\/\/www.facebook.com\/lifepath.eu\/","https:\/\/www.instagram.com\/lifepath.eu\/"]}]}},"_links":{"self":[{"href":"https:\/\/lifepath.eu\/de\/wp-json\/wp\/v2\/pages\/10","targetHints":{"allow":["GET"]}}],"collection":[{"href":"https:\/\/lifepath.eu\/de\/wp-json\/wp\/v2\/pages"}],"about":[{"href":"https:\/\/lifepath.eu\/de\/wp-json\/wp\/v2\/types\/page"}],"author":[{"embeddable":true,"href":"https:\/\/lifepath.eu\/de\/wp-json\/wp\/v2\/users\/2"}],"replies":[{"embeddable":true,"href":"https:\/\/lifepath.eu\/de\/wp-json\/wp\/v2\/comments?post=10"}],"version-history":[{"count":0,"href":"https:\/\/lifepath.eu\/de\/wp-json\/wp\/v2\/pages\/10\/revisions"}],"wp:attachment":[{"href":"https:\/\/lifepath.eu\/de\/wp-json\/wp\/v2\/media?parent=10"}],"curies":[{"name":"wp","href":"https:\/\/api.w.org\/{rel}","templated":true}]}}