{"id":12700,"date":"2024-08-30T17:58:56","date_gmt":"2024-08-30T15:58:56","guid":{"rendered":"https:\/\/lifepath.eu\/?page_id=12700"},"modified":"2025-09-19T12:34:22","modified_gmt":"2025-09-19T10:34:22","slug":"frauenkreis","status":"publish","type":"page","link":"https:\/\/lifepath.eu\/de\/frauenkreis\/","title":{"rendered":"Frauenkreis"},"content":{"rendered":"\t\t<div data-elementor-type=\"wp-page\" data-elementor-id=\"12700\" class=\"elementor elementor-12700\">\n\t\t\t\t\t\t<section class=\"elementor-section elementor-top-section elementor-element elementor-element-7a78ec1 elementor-section-boxed elementor-section-height-default elementor-section-height-default\" data-id=\"7a78ec1\" data-element_type=\"section\" data-e-type=\"section\">\n\t\t\t\t\t\t<div class=\"elementor-container elementor-column-gap-default\">\n\t\t\t\t\t<div class=\"elementor-column elementor-col-50 elementor-top-column elementor-element elementor-element-f56c58d\" data-id=\"f56c58d\" data-element_type=\"column\" data-e-type=\"column\">\n\t\t\t<div class=\"elementor-widget-wrap elementor-element-populated\">\n\t\t\t\t\t\t<div class=\"elementor-element elementor-element-739c9a7 elementor-widget elementor-widget-text-editor\" data-id=\"739c9a7\" data-element_type=\"widget\" data-e-type=\"widget\" data-widget_type=\"text-editor.default\">\n\t\t\t\t<div class=\"elementor-widget-container\">\n\t\t\t\t\t\t\t\t\t<div class=\"entry-content\"><p>Suchst Du einen Ort, an dem Du Dich tief mit dir selbst und anderen Frauen verbinden kannst? Einen Raum, in dem <b>Deine Stimme geh\u00f6rt<\/b> wird, <b>Deine Gef\u00fchle geehrt<\/b> und <b>Deine Erfahrungen geteilt<\/b> werden? Unser Frauenkreis ist genau das: ein geweihter Treffpunkt jeden ersten Donnerstagabend im Monat, an dem wir uns zusammenfinden, um verschiedene Themen zu erkunden, die unser Herz und unsere Seele ber\u00fchren.<\/p><\/div>\t\t\t\t\t\t\t\t<\/div>\n\t\t\t\t<\/div>\n\t\t\t\t<div class=\"elementor-element elementor-element-fbd19a6 elementor-widget elementor-widget-thim-heading\" data-id=\"fbd19a6\" data-element_type=\"widget\" data-e-type=\"widget\" data-widget_type=\"thim-heading.default\">\n\t\t\t\t<div class=\"elementor-widget-container\">\n\t\t\t\t\t<div class=\"sc_heading   \"><h3 class=\"title\">Was ist ein Frauenkreis?<\/h3><span class=\"line\"><\/span><\/div>\t\t\t\t<\/div>\n\t\t\t\t<\/div>\n\t\t\t\t<div class=\"elementor-element elementor-element-6f31f9b elementor-widget elementor-widget-text-editor\" data-id=\"6f31f9b\" data-element_type=\"widget\" data-e-type=\"widget\" data-widget_type=\"text-editor.default\">\n\t\t\t\t<div class=\"elementor-widget-container\">\n\t\t\t\t\t\t\t\t\t<div class=\"entry-content\"><p>Ein Frauenkreis ist ein <strong>sicherer, n\u00e4hrender Raum<\/strong>, in dem Frauen jeden Alters und jeder Herkunft zusammenkommen, um <strong>zu teilen, zuzuh\u00f6ren und zu wachsen<\/strong>. In unserem Kreis liegt der Fokus auf authentischem Dialog und gegenseitiger Unterst\u00fctzung. Es ist ein Ort, an dem Du Dein wahres Selbst ohne Urteil ausdr\u00fccken kannst, in Deiner Wahrheit gesehen und geh\u00f6rt wirst und Dich auf einer tiefen und bedeutungsvollen Ebene mit anderen Frauen verbinden kannst.<\/p><\/div>\t\t\t\t\t\t\t\t<\/div>\n\t\t\t\t<\/div>\n\t\t\t\t<div class=\"elementor-element elementor-element-f5c4ef2 elementor-widget elementor-widget-thim-heading\" data-id=\"f5c4ef2\" data-element_type=\"widget\" data-e-type=\"widget\" data-widget_type=\"thim-heading.default\">\n\t\t\t\t<div class=\"elementor-widget-container\">\n\t\t\t\t\t<div class=\"sc_heading   \"><h3 class=\"title\">Warum solltest Du mitmachen?<\/h3><span class=\"line\"><\/span><\/div>\t\t\t\t<\/div>\n\t\t\t\t<\/div>\n\t\t\t\t<div class=\"elementor-element elementor-element-208fc69 elementor-widget elementor-widget-text-editor\" data-id=\"208fc69\" data-element_type=\"widget\" data-e-type=\"widget\" data-widget_type=\"text-editor.default\">\n\t\t\t\t<div class=\"elementor-widget-container\">\n\t\t\t\t\t\t\t\t\t<p>Wenn Du einen Ort suchst, an dem Du wirklich Du selbst sein, neue Ideen erkunden und Dich mit einer <b>unterst\u00fctzenden Gemeinschaft von Frauen <\/b>verbinden kannst, ist unser Frauenkreis genau das Richtige f\u00fcr Dich. Egal, ob Du <b>pers\u00f6nliche Herausforderungen<\/b> bew\u00e4ltigst, <b>neue Perspektiven<\/b> suchst oder einfach einen <b>Ort zum Krafttanken <\/b>brauchst, hier wirst Du finden, was Du suchst. Gemeinsam schaffen wir einen n\u00e4hrenden Raum, um zu erkunden, zu lernen und zu wachsen.<\/p>\t\t\t\t\t\t\t\t<\/div>\n\t\t\t\t<\/div>\n\t\t\t\t<div class=\"elementor-element elementor-element-596c300 elementor-widget elementor-widget-thim-heading\" data-id=\"596c300\" data-element_type=\"widget\" data-e-type=\"widget\" data-widget_type=\"thim-heading.default\">\n\t\t\t\t<div class=\"elementor-widget-container\">\n\t\t\t\t\t<div class=\"sc_heading   \"><h3 class=\"title\">Bereit, Dich uns anzuschlie\u00dfen?<\/h3><p class=\"sub-heading\" style=\"\">Sei Teil dieser Reise von Verbindung, Heilung und Trasformation.<\/p><span class=\"line\"><\/span><\/div>\t\t\t\t<\/div>\n\t\t\t\t<\/div>\n\t\t\t\t<div class=\"elementor-element elementor-element-c7b6319 elementor-widget elementor-widget-text-editor\" data-id=\"c7b6319\" data-element_type=\"widget\" data-e-type=\"widget\" data-widget_type=\"text-editor.default\">\n\t\t\t\t<div class=\"elementor-widget-container\">\n\t\t\t\t\t\t\t\t\t<p>Schlie\u00dfe Dich uns <b>jeden ersten Donnerstagabend des Monats<\/b> an und erlebe die Magie unseres Frauenkreises. Egal, wo Du Dich auf deinem Weg befindest, hier hast Du einen Platz. Bringe Dein offenes Herz, Deine Geschichten und Deine Weisheit mit. Lass uns gemeinsam etwas Wundersch\u00f6nes erschaffen.<\/p><p><strong>Melde Dich noch heute an und trete in einen Kreis der Schwesternschaft, Unterst\u00fctzung und Erm\u00e4chtigung ein!<\/strong><\/p><p>Die Teilnahme ist <strong>kostenlos.<br \/><\/strong><\/p><p>Ich kann es kaum erwarten, Dich willkommen zu hei\u00dfen!<\/p>\t\t\t\t\t\t\t\t<\/div>\n\t\t\t\t<\/div>\n\t\t\t\t\t<\/div>\n\t\t<\/div>\n\t\t\t\t<div class=\"elementor-column elementor-col-50 elementor-top-column elementor-element elementor-element-ee0e842\" data-id=\"ee0e842\" data-element_type=\"column\" data-e-type=\"column\">\n\t\t\t<div class=\"elementor-widget-wrap elementor-element-populated\">\n\t\t\t\t\t\t<div class=\"elementor-element elementor-element-e1189d6 elementor-widget thim-widget-accordion\" data-id=\"e1189d6\" data-element_type=\"widget\" data-e-type=\"widget\" data-widget_type=\"thim-accordion.default\">\n\t\t\t\t<div class=\"elementor-widget-container\">\n\t\t\t\t\t\n<div class=\"thim-widget-accordion\">\n\t\t<div id=\"accordion_69dffbdeba4e6\" class=\"panel-group\" role=\"tablist\" aria-multiselectable=\"true\">\n\t\t<!-- List Panel -->\n\t\t\n\t\t<div class=\"panel panel-default\">\n\t\t\t<div class=\"panel-heading\" role=\"tab\" id=\"heading_accordion_69dffbdeba4e6_0\">\n\t\t\t\t<h4 class=\"panel-title\">\n\t\t\t\t\t<a role=\"button\" class=\"\" data-toggle=\"collapse\"\n\t\t\t\t\t\tdata-parent=\"#accordion_69dffbdeba4e6\"\n\t\t\t\t\t\thref=\"#collapse_accordion_69dffbdeba4e6_0\" aria-expanded=\"false\">\n\t\t\t\t\t\tDaten\t\t\t\t\t<\/a>\n\t\t\t\t<\/h4>\n\t\t\t<\/div>\n\t\t\t<div id=\"collapse_accordion_69dffbdeba4e6_0\"\n\t\t\t\tclass=\"panel-collapse collapse in\" role=\"tabpanel\"\n\t\t\t\taria-labelledby=\"heading_accordion_69dffbdeba4e6_0\">\n\t\t\t\t<div class=\"panel-body\">\n\t\t\t\t\tJeden ersten Donnerstag im Monat<\/br><\/br>Jan, Feb, M\u00e4rz, Okt, Nov und Dez: <b>18:15 - 20:00 Uhr<\/b><\/br>\nApril, September: <b>19:15 - 21:00 Uhr<\/b> +Trommeln & Musica Medicina bis Mitternacht<\/br>\n<b><\/b> Mai, Juni, Juli, August: <b>20.15 - 22.00<\/b> + Trommeln & Musica Medicina bis Mitternacht\n\n<h2>Die letzten Treffen im Jahr 2025<\/h2>\n\ud83c\udfe0 Mo, 13.10 (deu)<\/br>\n\ud83c\udfe0 Mo, 10.11 (ita)<\/br>\n\ud83c\udfe0 Mo, 15.12 (deu\/ita)<\/br>\n\n<h2>2026<\/h2>\n<table><tr>\n<th>\ud83c\udfe0<\/br>8 Jan. 2026, Do (deu)<\/th>\n<th>\ud83c\udfe0<\/br>5 Feb. 2026, Do (ita)<\/th>\n<th>\ud83c\udfe0<\/br>5 M\u00e4r. 2026, Do (deu)<\/th>\n<th>\ud83d\udd25<\/br>2 Apr. 2026, Do (ita)<\/th>\n<th>\ud83d\udd25<\/br>5 Mai 2026, Di ! (deu)<\/th>\n<th>\ud83d\udd25<\/br>4 Jun. 2026, Do (ita)<\/th>\n<\/tr>\n<tr>\n<th>\ud83d\udd25<\/br>2 Jul. 2026, Do (deu)<\/th>\n<th>\ud83d\udd25<\/br>6 Aug. 2026, Do (ita)<\/th>\n<th>\ud83d\udd25<\/br>3 Sep. 2026, Do (deu)\n<\/th><th>\ud83c\udfe0<\/br>1 Okt. 2026, Do (ita)<\/th>\n<th>\ud83c\udfe0<\/br>5 Nov. 2026, Do (deu)<\/th>\n<th>\ud83c\udfe0<\/br>10 Dez. 2026, Do (ita)<\/th><\/tr>\n<\/table>\n\n\t\t\t\t<\/div>\n\t\t\t<\/div>\n\t\t<\/div>\n\t\t\t\t\t\t\t\t\t\t\t\t\t<div class=\"panel panel-default\">\n\t\t\t\t<div class=\"panel-heading\" role=\"tab\"\n\t\t\t\t\tid=\"heading_accordion_69dffbdeba4e6_1\">\n\t\t\t\t\t<h4 class=\"panel-title\">\n\t\t\t\t\t\t<a role=\"button\" class=\"collapsed\" data-toggle=\"collapse\"\n\t\t\t\t\t\t\tdata-parent=\"#accordion_69dffbdeba4e6\"\n\t\t\t\t\t\t\thref=\"#collapse_accordion_69dffbdeba4e6_1\"\n\t\t\t\t\t\t\taria-expanded=\"false\">\n\t\t\t\t\t\t\tOrt\t\t\t\t\t\t<\/a>\n\t\t\t\t\t<\/h4>\n\t\t\t\t<\/div>\n\t\t\t\t<div id=\"collapse_accordion_69dffbdeba4e6_1\"\n\t\t\t\t\tclass=\"panel-collapse collapse\" role=\"tabpanel\"\n\t\t\t\t\taria-labelledby=\"heading_accordion_69dffbdeba4e6_1\">\n\t\t\t\t\t<div class=\"panel-body\">\n\t\t\t\t\t\t<b>Fr\u00fchjahr und Sommer<\/b>:<\/br>\n\ud83d\udd25 Schelmwald<\/br>\n<\/br>\n<b>Herbst und Winter<\/b>:<\/br>\n\ud83c\udfe0 Giovanni Caproni Stra\u00dfe 9<\/br>\n39100 Bozen\t\t\t\t\t<\/div>\n\t\t\t\t<\/div>\n\t\t\t<\/div>\n\n\t\t\t\t<!-- End: List Panel -->\n\t<\/div>\n\n<\/div>\n\t\t\t\t<\/div>\n\t\t\t\t<\/div>\n\t\t\t\t<div class=\"elementor-element elementor-element-1ed8049 elementor-widget elementor-widget-html\" data-id=\"1ed8049\" data-element_type=\"widget\" data-e-type=\"widget\" data-widget_type=\"html.default\">\n\t\t\t\t<div class=\"elementor-widget-container\">\n\t\t\t\t\t<iframe width=\"640px\" height=\"1000px\" src=\"https:\/\/forms.cloud.microsoft\/e\/AWJqu5QTLW?embed=true\" frameborder=\"0\" marginwidth=\"0\" marginheight=\"0\" style=\"border: none; max-width:100%; max-height:100vh\" allowfullscreen webkitallowfullscreen mozallowfullscreen msallowfullscreen> <\/iframe>\t\t\t\t<\/div>\n\t\t\t\t<\/div>\n\t\t\t\t\t<\/div>\n\t\t<\/div>\n\t\t\t\t\t<\/div>\n\t\t<\/section>\n\t\t\t\t<section class=\"elementor-section elementor-top-section elementor-element elementor-element-0eb45a3 elementor-section-boxed elementor-section-height-default elementor-section-height-default\" data-id=\"0eb45a3\" data-element_type=\"section\" data-e-type=\"section\">\n\t\t\t\t\t\t<div class=\"elementor-container elementor-column-gap-default\">\n\t\t\t\t\t<div class=\"elementor-column elementor-col-100 elementor-top-column elementor-element elementor-element-9ee6a0c\" data-id=\"9ee6a0c\" data-element_type=\"column\" data-e-type=\"column\">\n\t\t\t<div class=\"elementor-widget-wrap elementor-element-populated\">\n\t\t\t\t\t\t<div class=\"elementor-element elementor-element-6173386 elementor-widget elementor-widget-thim-heading\" data-id=\"6173386\" data-element_type=\"widget\" data-e-type=\"widget\" data-widget_type=\"thim-heading.default\">\n\t\t\t\t<div class=\"elementor-widget-container\">\n\t\t\t\t\t<div class=\"sc_heading   text-center\"><h2 class=\"title\">Das Fundament des Frauenkreises<\/h2><span class=\"line\"><\/span><\/div>\t\t\t\t<\/div>\n\t\t\t\t<\/div>\n\t\t\t\t\t<\/div>\n\t\t<\/div>\n\t\t\t\t\t<\/div>\n\t\t<\/section>\n\t\t\t\t<section class=\"elementor-section elementor-top-section elementor-element elementor-element-28acd76 elementor-section-boxed elementor-section-height-default elementor-section-height-default\" data-id=\"28acd76\" data-element_type=\"section\" data-e-type=\"section\">\n\t\t\t\t\t\t<div class=\"elementor-container elementor-column-gap-default\">\n\t\t\t\t\t<div class=\"elementor-column elementor-col-50 elementor-top-column elementor-element elementor-element-b0b9ca2\" data-id=\"b0b9ca2\" data-element_type=\"column\" data-e-type=\"column\">\n\t\t\t<div class=\"elementor-widget-wrap elementor-element-populated\">\n\t\t\t\t\t\t<div class=\"elementor-element elementor-element-dcf1448 elementor-widget elementor-widget-text-editor\" data-id=\"dcf1448\" data-element_type=\"widget\" data-e-type=\"widget\" data-widget_type=\"text-editor.default\">\n\t\t\t\t<div class=\"elementor-widget-container\">\n\t\t\t\t\t\t\t\t\t<p><strong>Inspiriert von der alten Praxis des Schamanenkreises<\/strong><\/p><p>Unser Frauenkreis l\u00e4sst sich von der alten Praxis des Schamanenkreises inspirieren. In vielen indigenen Kulturen werden Schamanenkreise zur Heilung, F\u00fchrung und Verbindung mit der Geisterwelt genutzt. Sie sind Orte des tiefen Zuh\u00f6rens, des geteilten Wissens und der gemeinschaftlichen Heilung. Durch die Integration von Elementen dieser alten Praxis wird unser Kreis zu einem Ort, an dem moderne Frauen sich wieder mit diesen zeitlosen Traditionen des gemeinschaftlichen Zusammenkommens verbinden k\u00f6nnen, um sich gegenseitig zu unterst\u00fctzen, zu heilen und zu wachsen. In unserem Kreis ehren wir die nat\u00fcrlichen Rhythmen des Lebens, die Weisheit unserer Vorfahren und die Kraft kollektiver Intention.<br \/>Es wird auch besondere Momente geben, in denen wir <b>einfache schamanische Lieder singen<\/b> und gemeinsam <b>schamanische Trommeln spielen<\/b>. Diese Praktiken sind nicht nur Musik\u2014sie sind kraftvolle Werkzeuge, um uns mit unserer inneren St\u00e4rke und miteinander zu verbinden. Der Rhythmus der Trommeln und die Einheit unserer Stimmen helfen uns, Stress abzubauen, uns zu erden und in ein tieferes Gef\u00fchl von St\u00e4rke und Vitalit\u00e4t einzutauchen.<\/p>\t\t\t\t\t\t\t\t<\/div>\n\t\t\t\t<\/div>\n\t\t\t\t\t<\/div>\n\t\t<\/div>\n\t\t\t\t<div class=\"elementor-column elementor-col-50 elementor-top-column elementor-element elementor-element-3abea1b\" data-id=\"3abea1b\" data-element_type=\"column\" data-e-type=\"column\">\n\t\t\t<div class=\"elementor-widget-wrap elementor-element-populated\">\n\t\t\t\t\t\t<div class=\"elementor-element elementor-element-1dc4682 elementor-widget elementor-widget-text-editor\" data-id=\"1dc4682\" data-element_type=\"widget\" data-e-type=\"widget\" data-widget_type=\"text-editor.default\">\n\t\t\t\t<div class=\"elementor-widget-container\">\n\t\t\t\t\t\t\t\t\t<p><strong>Die Dialogtechnik von David Bohm<\/strong><\/p><p>Zentral f\u00fcr unsere Zusammenk\u00fcnfte ist die Dialogtechnik von David Bohm, einem Physiker und Philosophen, der f\u00fcr seine Ideen \u00fcber Denken und Kommunikation bekannt ist. Der Bohmsche Dialog ist eine Art des Gespr\u00e4chs, die <b>tiefes Zuh\u00f6ren und Reflexion<\/b> f\u00f6rdert. Es geht darum, \u00fcber oberfl\u00e4chliche Gespr\u00e4che hinauszugehen und die tieferen Bedeutungen hinter unseren Worten und Gedanken zu erforschen. In unserem Frauenkreis nutzen wir diese Technik, um einen Raum zu schaffen, in dem jede Frau ihre Wahrheit sprechen kann, in dem wir unsere Unterschiede mit Neugier und Mitgef\u00fchl erkunden k\u00f6nnen und in dem neue Einsichten und Verst\u00e4ndnis entstehen k\u00f6nnen.<br \/>Dieser Ansatz hilft uns, auf die kollektive Intelligenz der Gruppe zuzugreifen, ein Gef\u00fchl der Einheit und des gemeinsamen Zwecks zu f\u00f6rdern. Es geht darum, vom Herzen zu sprechen und mit offenem Geist zuzuh\u00f6ren &#8211; einen transformierenden Raum zu schaffen, in dem echtes Verst\u00e4ndnis und Verbindung gedeihen k\u00f6nnen.<\/p>\t\t\t\t\t\t\t\t<\/div>\n\t\t\t\t<\/div>\n\t\t\t\t\t<\/div>\n\t\t<\/div>\n\t\t\t\t\t<\/div>\n\t\t<\/section>\n\t\t\t\t<\/div>\n\t\t","protected":false},"excerpt":{"rendered":"<p>Suchst Du einen Ort, an dem Du Dich tief mit dir selbst und anderen Frauen verbinden kannst? Einen Raum, in dem Deine Stimme geh\u00f6rt wird, Deine Gef\u00fchle geehrt und Deine Erfahrungen geteilt werden? Unser Frauenkreis ist genau das: ein geweihter [&hellip;]<\/p>\n","protected":false},"author":2,"featured_media":12675,"parent":0,"menu_order":0,"comment_status":"closed","ping_status":"closed","template":"","meta":{"footnotes":""},"class_list":["post-12700","page","type-page","status-publish","has-post-thumbnail","hentry"],"yoast_head":"<!-- This site is optimized with the Yoast SEO plugin v27.3 - https:\/\/yoast.com\/product\/yoast-seo-wordpress\/ -->\n<title>Frauenkreis - Mentaltraining als Lebensweg<\/title>\n<meta name=\"robots\" content=\"index, follow, max-snippet:-1, max-image-preview:large, max-video-preview:-1\" \/>\n<link rel=\"canonical\" href=\"https:\/\/lifepath.eu\/de\/frauenkreis\/\" \/>\n<meta property=\"og:locale\" content=\"de_DE\" \/>\n<meta property=\"og:type\" content=\"article\" \/>\n<meta property=\"og:title\" content=\"Frauenkreis - Mentaltraining als Lebensweg\" \/>\n<meta property=\"og:description\" content=\"Suchst Du einen Ort, an dem Du Dich tief mit dir selbst und anderen Frauen verbinden kannst? Einen Raum, in dem Deine Stimme geh\u00f6rt wird, Deine Gef\u00fchle geehrt und Deine Erfahrungen geteilt werden? Unser Frauenkreis ist genau das: ein geweihter [&hellip;]\" \/>\n<meta property=\"og:url\" content=\"https:\/\/lifepath.eu\/de\/frauenkreis\/\" \/>\n<meta property=\"og:site_name\" content=\"Mentaltraining als Lebensweg\" \/>\n<meta property=\"article:publisher\" content=\"https:\/\/www.facebook.com\/lifepath.eu\/\" \/>\n<meta property=\"article:modified_time\" content=\"2025-09-19T10:34:22+00:00\" \/>\n<meta property=\"og:image\" content=\"https:\/\/lifepath.eu\/wp-content\/uploads\/2024\/08\/group-women-meditating-together-meadow-scaled.jpg\" \/>\n\t<meta property=\"og:image:width\" content=\"2560\" \/>\n\t<meta property=\"og:image:height\" content=\"1707\" \/>\n\t<meta property=\"og:image:type\" content=\"image\/jpeg\" \/>\n<meta name=\"twitter:card\" content=\"summary_large_image\" \/>\n<meta name=\"twitter:label1\" content=\"Gesch\u00e4tzte Lesezeit\" \/>\n\t<meta name=\"twitter:data1\" content=\"5\u00a0Minuten\" \/>\n<script type=\"application\/ld+json\" class=\"yoast-schema-graph\">{\"@context\":\"https:\\\/\\\/schema.org\",\"@graph\":[{\"@type\":\"WebPage\",\"@id\":\"https:\\\/\\\/lifepath.eu\\\/de\\\/frauenkreis\\\/\",\"url\":\"https:\\\/\\\/lifepath.eu\\\/de\\\/frauenkreis\\\/\",\"name\":\"Frauenkreis - Mentaltraining als Lebensweg\",\"isPartOf\":{\"@id\":\"https:\\\/\\\/lifepath.eu\\\/de\\\/#website\"},\"primaryImageOfPage\":{\"@id\":\"https:\\\/\\\/lifepath.eu\\\/de\\\/frauenkreis\\\/#primaryimage\"},\"image\":{\"@id\":\"https:\\\/\\\/lifepath.eu\\\/de\\\/frauenkreis\\\/#primaryimage\"},\"thumbnailUrl\":\"https:\\\/\\\/lifepath.eu\\\/wp-content\\\/uploads\\\/2024\\\/08\\\/group-women-meditating-together-meadow-scaled.jpg\",\"datePublished\":\"2024-08-30T15:58:56+00:00\",\"dateModified\":\"2025-09-19T10:34:22+00:00\",\"breadcrumb\":{\"@id\":\"https:\\\/\\\/lifepath.eu\\\/de\\\/frauenkreis\\\/#breadcrumb\"},\"inLanguage\":\"de\",\"potentialAction\":[{\"@type\":\"ReadAction\",\"target\":[\"https:\\\/\\\/lifepath.eu\\\/de\\\/frauenkreis\\\/\"]}]},{\"@type\":\"ImageObject\",\"inLanguage\":\"de\",\"@id\":\"https:\\\/\\\/lifepath.eu\\\/de\\\/frauenkreis\\\/#primaryimage\",\"url\":\"https:\\\/\\\/lifepath.eu\\\/wp-content\\\/uploads\\\/2024\\\/08\\\/group-women-meditating-together-meadow-scaled.jpg\",\"contentUrl\":\"https:\\\/\\\/lifepath.eu\\\/wp-content\\\/uploads\\\/2024\\\/08\\\/group-women-meditating-together-meadow-scaled.jpg\",\"width\":2560,\"height\":1707,\"caption\":\"Women are sitting in lotus position and meditating on green meadow in park.\"},{\"@type\":\"BreadcrumbList\",\"@id\":\"https:\\\/\\\/lifepath.eu\\\/de\\\/frauenkreis\\\/#breadcrumb\",\"itemListElement\":[{\"@type\":\"ListItem\",\"position\":1,\"name\":\"Startseite\",\"item\":\"https:\\\/\\\/lifepath.eu\\\/de\\\/\"},{\"@type\":\"ListItem\",\"position\":2,\"name\":\"Frauenkreis\"}]},{\"@type\":\"WebSite\",\"@id\":\"https:\\\/\\\/lifepath.eu\\\/de\\\/#website\",\"url\":\"https:\\\/\\\/lifepath.eu\\\/de\\\/\",\"name\":\"Mentaltraining als Lebensweg\",\"description\":\"Deine Online-Pers\u00f6nlichkeitsentwicklung\",\"publisher\":{\"@id\":\"https:\\\/\\\/lifepath.eu\\\/de\\\/#organization\"},\"potentialAction\":[{\"@type\":\"SearchAction\",\"target\":{\"@type\":\"EntryPoint\",\"urlTemplate\":\"https:\\\/\\\/lifepath.eu\\\/de\\\/?s={search_term_string}\"},\"query-input\":{\"@type\":\"PropertyValueSpecification\",\"valueRequired\":true,\"valueName\":\"search_term_string\"}}],\"inLanguage\":\"de\"},{\"@type\":\"Organization\",\"@id\":\"https:\\\/\\\/lifepath.eu\\\/de\\\/#organization\",\"name\":\"Lifepath\",\"url\":\"https:\\\/\\\/lifepath.eu\\\/de\\\/\",\"logo\":{\"@type\":\"ImageObject\",\"inLanguage\":\"de\",\"@id\":\"https:\\\/\\\/lifepath.eu\\\/de\\\/#\\\/schema\\\/logo\\\/image\\\/\",\"url\":\"https:\\\/\\\/lifepath.eu\\\/wp-content\\\/uploads\\\/2023\\\/02\\\/LIFEPATH-LOGO-final.png\",\"contentUrl\":\"https:\\\/\\\/lifepath.eu\\\/wp-content\\\/uploads\\\/2023\\\/02\\\/LIFEPATH-LOGO-final.png\",\"width\":388,\"height\":266,\"caption\":\"Lifepath\"},\"image\":{\"@id\":\"https:\\\/\\\/lifepath.eu\\\/de\\\/#\\\/schema\\\/logo\\\/image\\\/\"},\"sameAs\":[\"https:\\\/\\\/www.facebook.com\\\/lifepath.eu\\\/\",\"https:\\\/\\\/www.instagram.com\\\/lifepath.eu\\\/\"]}]}<\/script>\n<!-- \/ Yoast SEO plugin. -->","yoast_head_json":{"title":"Frauenkreis - Mentaltraining als Lebensweg","robots":{"index":"index","follow":"follow","max-snippet":"max-snippet:-1","max-image-preview":"max-image-preview:large","max-video-preview":"max-video-preview:-1"},"canonical":"https:\/\/lifepath.eu\/de\/frauenkreis\/","og_locale":"de_DE","og_type":"article","og_title":"Frauenkreis - Mentaltraining als Lebensweg","og_description":"Suchst Du einen Ort, an dem Du Dich tief mit dir selbst und anderen Frauen verbinden kannst? Einen Raum, in dem Deine Stimme geh\u00f6rt wird, Deine Gef\u00fchle geehrt und Deine Erfahrungen geteilt werden? Unser Frauenkreis ist genau das: ein geweihter [&hellip;]","og_url":"https:\/\/lifepath.eu\/de\/frauenkreis\/","og_site_name":"Mentaltraining als Lebensweg","article_publisher":"https:\/\/www.facebook.com\/lifepath.eu\/","article_modified_time":"2025-09-19T10:34:22+00:00","og_image":[{"width":2560,"height":1707,"url":"https:\/\/lifepath.eu\/wp-content\/uploads\/2024\/08\/group-women-meditating-together-meadow-scaled.jpg","type":"image\/jpeg"}],"twitter_card":"summary_large_image","twitter_misc":{"Gesch\u00e4tzte Lesezeit":"5\u00a0Minuten"},"schema":{"@context":"https:\/\/schema.org","@graph":[{"@type":"WebPage","@id":"https:\/\/lifepath.eu\/de\/frauenkreis\/","url":"https:\/\/lifepath.eu\/de\/frauenkreis\/","name":"Frauenkreis - Mentaltraining als Lebensweg","isPartOf":{"@id":"https:\/\/lifepath.eu\/de\/#website"},"primaryImageOfPage":{"@id":"https:\/\/lifepath.eu\/de\/frauenkreis\/#primaryimage"},"image":{"@id":"https:\/\/lifepath.eu\/de\/frauenkreis\/#primaryimage"},"thumbnailUrl":"https:\/\/lifepath.eu\/wp-content\/uploads\/2024\/08\/group-women-meditating-together-meadow-scaled.jpg","datePublished":"2024-08-30T15:58:56+00:00","dateModified":"2025-09-19T10:34:22+00:00","breadcrumb":{"@id":"https:\/\/lifepath.eu\/de\/frauenkreis\/#breadcrumb"},"inLanguage":"de","potentialAction":[{"@type":"ReadAction","target":["https:\/\/lifepath.eu\/de\/frauenkreis\/"]}]},{"@type":"ImageObject","inLanguage":"de","@id":"https:\/\/lifepath.eu\/de\/frauenkreis\/#primaryimage","url":"https:\/\/lifepath.eu\/wp-content\/uploads\/2024\/08\/group-women-meditating-together-meadow-scaled.jpg","contentUrl":"https:\/\/lifepath.eu\/wp-content\/uploads\/2024\/08\/group-women-meditating-together-meadow-scaled.jpg","width":2560,"height":1707,"caption":"Women are sitting in lotus position and meditating on green meadow in park."},{"@type":"BreadcrumbList","@id":"https:\/\/lifepath.eu\/de\/frauenkreis\/#breadcrumb","itemListElement":[{"@type":"ListItem","position":1,"name":"Startseite","item":"https:\/\/lifepath.eu\/de\/"},{"@type":"ListItem","position":2,"name":"Frauenkreis"}]},{"@type":"WebSite","@id":"https:\/\/lifepath.eu\/de\/#website","url":"https:\/\/lifepath.eu\/de\/","name":"Mentaltraining als Lebensweg","description":"Deine Online-Pers\u00f6nlichkeitsentwicklung","publisher":{"@id":"https:\/\/lifepath.eu\/de\/#organization"},"potentialAction":[{"@type":"SearchAction","target":{"@type":"EntryPoint","urlTemplate":"https:\/\/lifepath.eu\/de\/?s={search_term_string}"},"query-input":{"@type":"PropertyValueSpecification","valueRequired":true,"valueName":"search_term_string"}}],"inLanguage":"de"},{"@type":"Organization","@id":"https:\/\/lifepath.eu\/de\/#organization","name":"Lifepath","url":"https:\/\/lifepath.eu\/de\/","logo":{"@type":"ImageObject","inLanguage":"de","@id":"https:\/\/lifepath.eu\/de\/#\/schema\/logo\/image\/","url":"https:\/\/lifepath.eu\/wp-content\/uploads\/2023\/02\/LIFEPATH-LOGO-final.png","contentUrl":"https:\/\/lifepath.eu\/wp-content\/uploads\/2023\/02\/LIFEPATH-LOGO-final.png","width":388,"height":266,"caption":"Lifepath"},"image":{"@id":"https:\/\/lifepath.eu\/de\/#\/schema\/logo\/image\/"},"sameAs":["https:\/\/www.facebook.com\/lifepath.eu\/","https:\/\/www.instagram.com\/lifepath.eu\/"]}]}},"_links":{"self":[{"href":"https:\/\/lifepath.eu\/de\/wp-json\/wp\/v2\/pages\/12700","targetHints":{"allow":["GET"]}}],"collection":[{"href":"https:\/\/lifepath.eu\/de\/wp-json\/wp\/v2\/pages"}],"about":[{"href":"https:\/\/lifepath.eu\/de\/wp-json\/wp\/v2\/types\/page"}],"author":[{"embeddable":true,"href":"https:\/\/lifepath.eu\/de\/wp-json\/wp\/v2\/users\/2"}],"replies":[{"embeddable":true,"href":"https:\/\/lifepath.eu\/de\/wp-json\/wp\/v2\/comments?post=12700"}],"version-history":[{"count":90,"href":"https:\/\/lifepath.eu\/de\/wp-json\/wp\/v2\/pages\/12700\/revisions"}],"predecessor-version":[{"id":15106,"href":"https:\/\/lifepath.eu\/de\/wp-json\/wp\/v2\/pages\/12700\/revisions\/15106"}],"wp:featuredmedia":[{"embeddable":true,"href":"https:\/\/lifepath.eu\/de\/wp-json\/wp\/v2\/media\/12675"}],"wp:attachment":[{"href":"https:\/\/lifepath.eu\/de\/wp-json\/wp\/v2\/media?parent=12700"}],"curies":[{"name":"wp","href":"https:\/\/api.w.org\/{rel}","templated":true}]}}