{"id":16113,"date":"2026-02-06T12:01:20","date_gmt":"2026-02-06T11:01:20","guid":{"rendered":"https:\/\/lifepath.eu\/?page_id=16113"},"modified":"2026-03-05T16:38:17","modified_gmt":"2026-03-05T15:38:17","slug":"zielearbeit","status":"publish","type":"page","link":"https:\/\/lifepath.eu\/de\/zielearbeit\/","title":{"rendered":"Zielearbeit"},"content":{"rendered":"\t\t<div data-elementor-type=\"wp-page\" data-elementor-id=\"16113\" class=\"elementor elementor-16113\">\n\t\t\t\t\t\t<section class=\"elementor-section elementor-top-section elementor-element elementor-element-d0411f3 elementor-section-boxed elementor-section-height-default elementor-section-height-default\" data-id=\"d0411f3\" data-element_type=\"section\" data-e-type=\"section\">\n\t\t\t\t\t\t<div class=\"elementor-container elementor-column-gap-default\">\n\t\t\t\t\t<div class=\"elementor-column elementor-col-100 elementor-top-column elementor-element elementor-element-f9c7b4f\" data-id=\"f9c7b4f\" data-element_type=\"column\" data-e-type=\"column\">\n\t\t\t<div class=\"elementor-widget-wrap elementor-element-populated\">\n\t\t\t\t\t\t<div class=\"elementor-element elementor-element-9596c6c elementor-widget elementor-widget-thim-heading\" data-id=\"9596c6c\" data-element_type=\"widget\" data-e-type=\"widget\" data-widget_type=\"thim-heading.default\">\n\t\t\t\t<div class=\"elementor-widget-container\">\n\t\t\t\t\t<div class=\"sc_heading   \"><h3 class=\"title\">B\u00fccher zum lesen<\/h3><span class=\"line\"><\/span><\/div>\t\t\t\t<\/div>\n\t\t\t\t<\/div>\n\t\t\t\t<div class=\"elementor-element elementor-element-7cbe8da elementor-widget__width-initial elementor-widget elementor-widget-text-editor\" data-id=\"7cbe8da\" data-element_type=\"widget\" data-e-type=\"widget\" data-widget_type=\"text-editor.default\">\n\t\t\t\t<div class=\"elementor-widget-container\">\n\t\t\t\t\t\t\t\t\t<ul><li><p><strong>Dem Leben Richtung geben: In drei Schritten zu einer selbstbestimmten Zukunft<\/strong> <span data-csa-c-id=\"3dkush-f81ybo-iy9t3a-wqbfqj\" data-cel-widget=\"productTitle\"> \u2013 <\/span>Johannes Huger, J\u00f6rg Knoblauch und Marcus Mockler<\/p><\/li><li><strong>Keiner gewinnt allein: Strukturiertes Netzwerken, der untersch\u00e4tzte Weg zum Erfolg<\/strong>\u00a0 <span data-csa-c-id=\"3dkush-f81ybo-iy9t3a-wqbfqj\" data-cel-widget=\"productTitle\">\u2013<\/span>\u00a0Carsten Sudhoff<\/li><li><p><strong>Setze dir gr\u00f6\u00dfere Ziele: Die Geheimnisse erfolgreicher Pers\u00f6nlichkeiten<\/strong> <span data-csa-c-id=\"3dkush-f81ybo-iy9t3a-wqbfqj\" data-cel-widget=\"productTitle\">\u2013<\/span> Rainer Zitelmann<\/p><\/li><\/ul>\t\t\t\t\t\t\t\t<\/div>\n\t\t\t\t<\/div>\n\t\t\t\t<div class=\"elementor-element elementor-element-df85016 elementor-widget elementor-widget-thim-heading\" data-id=\"df85016\" data-element_type=\"widget\" data-e-type=\"widget\" data-widget_type=\"thim-heading.default\">\n\t\t\t\t<div class=\"elementor-widget-container\">\n\t\t\t\t\t<div class=\"sc_heading   \"><h3 class=\"title\">Linksammlung<\/h3><span class=\"line\"><\/span><\/div>\t\t\t\t<\/div>\n\t\t\t\t<\/div>\n\t\t\t\t<div class=\"elementor-element elementor-element-6ae815c elementor-widget elementor-widget-text-editor\" data-id=\"6ae815c\" data-element_type=\"widget\" data-e-type=\"widget\" data-widget_type=\"text-editor.default\">\n\t\t\t\t<div class=\"elementor-widget-container\">\n\t\t\t\t\t\t\t\t\t<ul><li><strong>\u00dcbergeordnete Ziele f\u00fcr erfolgreichere Zielverfolgung<\/strong>: <a href=\"https:\/\/www.consumer.imu.unibe.ch\/forschung\/wie_uebergeordnete_ziele_zu_erfolgreicherer_zielverfolgung_fuehren_koennen\/index_ger.html\">https:\/\/www.consumer.imu.unibe.ch\/forschung\/wie_uebergeordnete_ziele_zu_erfolgreicherer_zielverfolgung_fuehren_koennen\/index_ger.html<\/a><\/li><li><strong>Wenn-Dann-Prinzip: <\/strong><a href=\"https:\/\/www.forschung-und-lehre.de\/karriere\/mit-dem-wenn-dann-prinzip-die-eigenen-ziele-besser-erreichen-171\">https:\/\/www.forschung-und-lehre.de\/karriere\/mit-dem-wenn-dann-prinzip-die-eigenen-ziele-besser-erreichen-171<\/a><\/li><li><strong>Ziele aufgeben: <\/strong><a href=\"https:\/\/www.psychologie.uzh.ch\/de\/bereiche\/dev\/lifespan\/erleben\/berichte\/mehr-berichte-3\/ziele.html\">https:\/\/www.psychologie.uzh.ch\/de\/bereiche\/dev\/lifespan\/erleben\/berichte\/mehr-berichte-3\/ziele.html<\/a><\/li><\/ul>\t\t\t\t\t\t\t\t<\/div>\n\t\t\t\t<\/div>\n\t\t\t\t<div class=\"elementor-element elementor-element-06d300d elementor-widget elementor-widget-thim-heading\" data-id=\"06d300d\" data-element_type=\"widget\" data-e-type=\"widget\" data-widget_type=\"thim-heading.default\">\n\t\t\t\t<div class=\"elementor-widget-container\">\n\t\t\t\t\t<div class=\"sc_heading   \"><h3 class=\"title\">Quellen<\/h3><span class=\"line\"><\/span><\/div>\t\t\t\t<\/div>\n\t\t\t\t<\/div>\n\t\t\t\t<div class=\"elementor-element elementor-element-684216b elementor-widget elementor-widget-text-editor\" data-id=\"684216b\" data-element_type=\"widget\" data-e-type=\"widget\" data-widget_type=\"text-editor.default\">\n\t\t\t\t<div class=\"elementor-widget-container\">\n\t\t\t\t\t\t\t\t\t<ul><li>Dignath, D., Kiesel, A., &amp; Eder, A.B. (2015). Flexible Conflict Management: Conflict Avoidance and Conflict Adjustment in Reactive Cognitive Control. Journal of Experimental Psychology: Learning, Memory, and Cognition. 41(4), 975-988.\u00a0<\/li><li>Dignath, D.,\u00a0Wirth, R., Pfister, R., Kunde, W., &amp; Eder, A. B. (2016). Attracted by rewards: Disentangling the motivational influence of rewarding and punishing targets and distractors. Motivation Science, 2(3), 143-156.<\/li><li>Dignath, D., Johannsen, L., Hommel, B., &amp; Kiesel, A. (2019) Contextual control of conflict: Reconciling cognitive-control and episodic retrieval accounts of sequential conflict modulation. Journal of Experimental Psychology: Human Perception and Performance,45(9), 1265-1270.\u00a0<\/li><li>Dignath, D., Berger, A., Spruit, I., M., &amp; van Steenbergen, H. (2019) Temporal dynamics of error-related corrugator supercilii and zygomaticus major activity: Evidence for implicit emotion regulation following errors. International Journal of Psychophysiology, 146, 208\u2013216.\u00a0<\/li><li>Dignath, D., Eder, A., Steinhauser, M., &amp; Kiesel, A. (2020). Conflict monitoring and the affective signaling hypothesis -an integrative review. Psychonomic Bulletin and Review, 27,193\u2013216.\u00a0<\/li><li>Dignath, D., Wirth, R., K\u00fchnhausen, J., Gawrilow, C., Kunde, W., &amp; Kiesel, A. (2020). Motivation drives conflict adaptation. Motivation Science, 6(1), 84\u201389.<\/li><li>Epton, T., Currie, S., &amp; Armitage, C. J. (2017). <em>Unique effects of setting goals on behavior change: Systematic review and meta-analysis <\/em>in <i>Journal of Consulting and Clinical Psychology<\/i>, <i>85<\/i>(12), 1182-1198.<\/li><li>Schuch, S. , &amp; Dignath, D., (in press). Task-Conflict biases Decision Making in Journal of Experimental Psychology: General.<\/li><li><p>Locke, E. A., &amp; Latham, G. P. (2002). Building a practically useful theory of goal setting and task motivation: A 35-year odyssey.\u00a0<em>American Psychologist<\/em>,\u00a0<em>57<\/em>(9), 705\u2013717.<\/p><\/li><li><p>Locke, E. A., &amp; Latham, G. P. (Eds.). (2013).\u00a0<em>New developments in goal setting and task performance<\/em>. New York, NY: Routledge.<\/p><\/li><li><p>Ord\u00f3\u00f1ez, L. D., Schweitzer, M. E., Galinsky, A. D., &amp; Bazerman, M. H. (2009). Goals gone wild: The systematic side effects of overprescribing goal setting.\u00a0<em>The Academy of Management Perspectives<\/em>,\u00a0<em>23<\/em>(1), 6\u201316<\/p><\/li><li>Wrosch, C., Scheier, M. F., Miller, G. E., Schulz, R., &amp; Carver, C. S. (2003). <em>Adaptive Self-Regulation of Unattainable Goals: Goal Disengagement, Goal Reengagement, and Subjective Well-Being<\/em>. in <i>Personality and Social Psychology Bulletin, 29<\/i>, 1494\u20131508<\/li><\/ul>\t\t\t\t\t\t\t\t<\/div>\n\t\t\t\t<\/div>\n\t\t\t\t\t<\/div>\n\t\t<\/div>\n\t\t\t\t\t<\/div>\n\t\t<\/section>\n\t\t\t\t<\/div>\n\t\t","protected":false},"excerpt":{"rendered":"<p>B\u00fccher zum lesen Dem Leben Richtung geben: In drei Schritten zu einer selbstbestimmten Zukunft \u2013 Johannes Huger, J\u00f6rg Knoblauch und Marcus Mockler Keiner gewinnt allein: Strukturiertes Netzwerken, der untersch\u00e4tzte Weg zum Erfolg\u00a0 \u2013\u00a0Carsten Sudhoff Setze dir gr\u00f6\u00dfere Ziele: Die Geheimnisse [&hellip;]<\/p>\n","protected":false},"author":2,"featured_media":15835,"parent":0,"menu_order":0,"comment_status":"closed","ping_status":"closed","template":"","meta":{"footnotes":""},"class_list":["post-16113","page","type-page","status-publish","has-post-thumbnail","hentry"],"yoast_head":"<!-- This site is optimized with the Yoast SEO plugin v27.5 - https:\/\/yoast.com\/product\/yoast-seo-wordpress\/ -->\n<title>Zielearbeit - Mentaltraining als Lebensweg<\/title>\n<meta name=\"robots\" content=\"index, follow, max-snippet:-1, max-image-preview:large, max-video-preview:-1\" \/>\n<link rel=\"canonical\" href=\"https:\/\/lifepath.eu\/de\/zielearbeit\/\" \/>\n<meta property=\"og:locale\" content=\"de_DE\" \/>\n<meta property=\"og:type\" content=\"article\" \/>\n<meta property=\"og:title\" content=\"Zielearbeit - Mentaltraining als Lebensweg\" \/>\n<meta property=\"og:description\" content=\"B\u00fccher zum lesen Dem Leben Richtung geben: In drei Schritten zu einer selbstbestimmten Zukunft \u2013 Johannes Huger, J\u00f6rg Knoblauch und Marcus Mockler Keiner gewinnt allein: Strukturiertes Netzwerken, der untersch\u00e4tzte Weg zum Erfolg\u00a0 \u2013\u00a0Carsten Sudhoff Setze dir gr\u00f6\u00dfere Ziele: Die Geheimnisse [&hellip;]\" \/>\n<meta property=\"og:url\" content=\"https:\/\/lifepath.eu\/de\/zielearbeit\/\" \/>\n<meta property=\"og:site_name\" content=\"Mentaltraining als Lebensweg\" \/>\n<meta property=\"article:publisher\" content=\"https:\/\/www.facebook.com\/lifepath.eu\/\" \/>\n<meta property=\"article:modified_time\" content=\"2026-03-05T15:38:17+00:00\" \/>\n<meta property=\"og:image\" content=\"https:\/\/lifepath.eu\/wp-content\/uploads\/2025\/12\/alex-shute-4zMgrY348F0-unsplash-e1767184998779.jpg\" \/>\n\t<meta property=\"og:image:width\" content=\"1920\" \/>\n\t<meta property=\"og:image:height\" content=\"675\" \/>\n\t<meta property=\"og:image:type\" content=\"image\/jpeg\" \/>\n<meta name=\"twitter:card\" content=\"summary_large_image\" \/>\n<meta name=\"twitter:label1\" content=\"Gesch\u00e4tzte Lesezeit\" \/>\n\t<meta name=\"twitter:data1\" content=\"3\u00a0Minuten\" \/>\n<script type=\"application\/ld+json\" class=\"yoast-schema-graph\">{\"@context\":\"https:\\\/\\\/schema.org\",\"@graph\":[{\"@type\":\"WebPage\",\"@id\":\"https:\\\/\\\/lifepath.eu\\\/de\\\/zielearbeit\\\/\",\"url\":\"https:\\\/\\\/lifepath.eu\\\/de\\\/zielearbeit\\\/\",\"name\":\"Zielearbeit - Mentaltraining als Lebensweg\",\"isPartOf\":{\"@id\":\"https:\\\/\\\/lifepath.eu\\\/de\\\/#website\"},\"primaryImageOfPage\":{\"@id\":\"https:\\\/\\\/lifepath.eu\\\/de\\\/zielearbeit\\\/#primaryimage\"},\"image\":{\"@id\":\"https:\\\/\\\/lifepath.eu\\\/de\\\/zielearbeit\\\/#primaryimage\"},\"thumbnailUrl\":\"https:\\\/\\\/lifepath.eu\\\/wp-content\\\/uploads\\\/2025\\\/12\\\/alex-shute-4zMgrY348F0-unsplash-e1767184998779.jpg\",\"datePublished\":\"2026-02-06T11:01:20+00:00\",\"dateModified\":\"2026-03-05T15:38:17+00:00\",\"breadcrumb\":{\"@id\":\"https:\\\/\\\/lifepath.eu\\\/de\\\/zielearbeit\\\/#breadcrumb\"},\"inLanguage\":\"de\",\"potentialAction\":[{\"@type\":\"ReadAction\",\"target\":[\"https:\\\/\\\/lifepath.eu\\\/de\\\/zielearbeit\\\/\"]}]},{\"@type\":\"ImageObject\",\"inLanguage\":\"de\",\"@id\":\"https:\\\/\\\/lifepath.eu\\\/de\\\/zielearbeit\\\/#primaryimage\",\"url\":\"https:\\\/\\\/lifepath.eu\\\/wp-content\\\/uploads\\\/2025\\\/12\\\/alex-shute-4zMgrY348F0-unsplash-e1767184998779.jpg\",\"contentUrl\":\"https:\\\/\\\/lifepath.eu\\\/wp-content\\\/uploads\\\/2025\\\/12\\\/alex-shute-4zMgrY348F0-unsplash-e1767184998779.jpg\",\"width\":1920,\"height\":675},{\"@type\":\"BreadcrumbList\",\"@id\":\"https:\\\/\\\/lifepath.eu\\\/de\\\/zielearbeit\\\/#breadcrumb\",\"itemListElement\":[{\"@type\":\"ListItem\",\"position\":1,\"name\":\"Startseite\",\"item\":\"https:\\\/\\\/lifepath.eu\\\/de\\\/\"},{\"@type\":\"ListItem\",\"position\":2,\"name\":\"Zielearbeit\"}]},{\"@type\":\"WebSite\",\"@id\":\"https:\\\/\\\/lifepath.eu\\\/de\\\/#website\",\"url\":\"https:\\\/\\\/lifepath.eu\\\/de\\\/\",\"name\":\"Mentaltraining als Lebensweg\",\"description\":\"Deine Online-Pers\u00f6nlichkeitsentwicklung\",\"publisher\":{\"@id\":\"https:\\\/\\\/lifepath.eu\\\/de\\\/#organization\"},\"potentialAction\":[{\"@type\":\"SearchAction\",\"target\":{\"@type\":\"EntryPoint\",\"urlTemplate\":\"https:\\\/\\\/lifepath.eu\\\/de\\\/?s={search_term_string}\"},\"query-input\":{\"@type\":\"PropertyValueSpecification\",\"valueRequired\":true,\"valueName\":\"search_term_string\"}}],\"inLanguage\":\"de\"},{\"@type\":\"Organization\",\"@id\":\"https:\\\/\\\/lifepath.eu\\\/de\\\/#organization\",\"name\":\"Lifepath\",\"url\":\"https:\\\/\\\/lifepath.eu\\\/de\\\/\",\"logo\":{\"@type\":\"ImageObject\",\"inLanguage\":\"de\",\"@id\":\"https:\\\/\\\/lifepath.eu\\\/de\\\/#\\\/schema\\\/logo\\\/image\\\/\",\"url\":\"https:\\\/\\\/lifepath.eu\\\/wp-content\\\/uploads\\\/2023\\\/02\\\/LIFEPATH-LOGO-final.png\",\"contentUrl\":\"https:\\\/\\\/lifepath.eu\\\/wp-content\\\/uploads\\\/2023\\\/02\\\/LIFEPATH-LOGO-final.png\",\"width\":388,\"height\":266,\"caption\":\"Lifepath\"},\"image\":{\"@id\":\"https:\\\/\\\/lifepath.eu\\\/de\\\/#\\\/schema\\\/logo\\\/image\\\/\"},\"sameAs\":[\"https:\\\/\\\/www.facebook.com\\\/lifepath.eu\\\/\",\"https:\\\/\\\/www.instagram.com\\\/lifepath.eu\\\/\"]}]}<\/script>\n<!-- \/ Yoast SEO plugin. -->","yoast_head_json":{"title":"Zielearbeit - Mentaltraining als Lebensweg","robots":{"index":"index","follow":"follow","max-snippet":"max-snippet:-1","max-image-preview":"max-image-preview:large","max-video-preview":"max-video-preview:-1"},"canonical":"https:\/\/lifepath.eu\/de\/zielearbeit\/","og_locale":"de_DE","og_type":"article","og_title":"Zielearbeit - Mentaltraining als Lebensweg","og_description":"B\u00fccher zum lesen Dem Leben Richtung geben: In drei Schritten zu einer selbstbestimmten Zukunft \u2013 Johannes Huger, J\u00f6rg Knoblauch und Marcus Mockler Keiner gewinnt allein: Strukturiertes Netzwerken, der untersch\u00e4tzte Weg zum Erfolg\u00a0 \u2013\u00a0Carsten Sudhoff Setze dir gr\u00f6\u00dfere Ziele: Die Geheimnisse [&hellip;]","og_url":"https:\/\/lifepath.eu\/de\/zielearbeit\/","og_site_name":"Mentaltraining als Lebensweg","article_publisher":"https:\/\/www.facebook.com\/lifepath.eu\/","article_modified_time":"2026-03-05T15:38:17+00:00","og_image":[{"width":1920,"height":675,"url":"https:\/\/lifepath.eu\/wp-content\/uploads\/2025\/12\/alex-shute-4zMgrY348F0-unsplash-e1767184998779.jpg","type":"image\/jpeg"}],"twitter_card":"summary_large_image","twitter_misc":{"Gesch\u00e4tzte Lesezeit":"3\u00a0Minuten"},"schema":{"@context":"https:\/\/schema.org","@graph":[{"@type":"WebPage","@id":"https:\/\/lifepath.eu\/de\/zielearbeit\/","url":"https:\/\/lifepath.eu\/de\/zielearbeit\/","name":"Zielearbeit - Mentaltraining als Lebensweg","isPartOf":{"@id":"https:\/\/lifepath.eu\/de\/#website"},"primaryImageOfPage":{"@id":"https:\/\/lifepath.eu\/de\/zielearbeit\/#primaryimage"},"image":{"@id":"https:\/\/lifepath.eu\/de\/zielearbeit\/#primaryimage"},"thumbnailUrl":"https:\/\/lifepath.eu\/wp-content\/uploads\/2025\/12\/alex-shute-4zMgrY348F0-unsplash-e1767184998779.jpg","datePublished":"2026-02-06T11:01:20+00:00","dateModified":"2026-03-05T15:38:17+00:00","breadcrumb":{"@id":"https:\/\/lifepath.eu\/de\/zielearbeit\/#breadcrumb"},"inLanguage":"de","potentialAction":[{"@type":"ReadAction","target":["https:\/\/lifepath.eu\/de\/zielearbeit\/"]}]},{"@type":"ImageObject","inLanguage":"de","@id":"https:\/\/lifepath.eu\/de\/zielearbeit\/#primaryimage","url":"https:\/\/lifepath.eu\/wp-content\/uploads\/2025\/12\/alex-shute-4zMgrY348F0-unsplash-e1767184998779.jpg","contentUrl":"https:\/\/lifepath.eu\/wp-content\/uploads\/2025\/12\/alex-shute-4zMgrY348F0-unsplash-e1767184998779.jpg","width":1920,"height":675},{"@type":"BreadcrumbList","@id":"https:\/\/lifepath.eu\/de\/zielearbeit\/#breadcrumb","itemListElement":[{"@type":"ListItem","position":1,"name":"Startseite","item":"https:\/\/lifepath.eu\/de\/"},{"@type":"ListItem","position":2,"name":"Zielearbeit"}]},{"@type":"WebSite","@id":"https:\/\/lifepath.eu\/de\/#website","url":"https:\/\/lifepath.eu\/de\/","name":"Mentaltraining als Lebensweg","description":"Deine Online-Pers\u00f6nlichkeitsentwicklung","publisher":{"@id":"https:\/\/lifepath.eu\/de\/#organization"},"potentialAction":[{"@type":"SearchAction","target":{"@type":"EntryPoint","urlTemplate":"https:\/\/lifepath.eu\/de\/?s={search_term_string}"},"query-input":{"@type":"PropertyValueSpecification","valueRequired":true,"valueName":"search_term_string"}}],"inLanguage":"de"},{"@type":"Organization","@id":"https:\/\/lifepath.eu\/de\/#organization","name":"Lifepath","url":"https:\/\/lifepath.eu\/de\/","logo":{"@type":"ImageObject","inLanguage":"de","@id":"https:\/\/lifepath.eu\/de\/#\/schema\/logo\/image\/","url":"https:\/\/lifepath.eu\/wp-content\/uploads\/2023\/02\/LIFEPATH-LOGO-final.png","contentUrl":"https:\/\/lifepath.eu\/wp-content\/uploads\/2023\/02\/LIFEPATH-LOGO-final.png","width":388,"height":266,"caption":"Lifepath"},"image":{"@id":"https:\/\/lifepath.eu\/de\/#\/schema\/logo\/image\/"},"sameAs":["https:\/\/www.facebook.com\/lifepath.eu\/","https:\/\/www.instagram.com\/lifepath.eu\/"]}]}},"_links":{"self":[{"href":"https:\/\/lifepath.eu\/de\/wp-json\/wp\/v2\/pages\/16113","targetHints":{"allow":["GET"]}}],"collection":[{"href":"https:\/\/lifepath.eu\/de\/wp-json\/wp\/v2\/pages"}],"about":[{"href":"https:\/\/lifepath.eu\/de\/wp-json\/wp\/v2\/types\/page"}],"author":[{"embeddable":true,"href":"https:\/\/lifepath.eu\/de\/wp-json\/wp\/v2\/users\/2"}],"replies":[{"embeddable":true,"href":"https:\/\/lifepath.eu\/de\/wp-json\/wp\/v2\/comments?post=16113"}],"version-history":[{"count":25,"href":"https:\/\/lifepath.eu\/de\/wp-json\/wp\/v2\/pages\/16113\/revisions"}],"predecessor-version":[{"id":16200,"href":"https:\/\/lifepath.eu\/de\/wp-json\/wp\/v2\/pages\/16113\/revisions\/16200"}],"wp:featuredmedia":[{"embeddable":true,"href":"https:\/\/lifepath.eu\/de\/wp-json\/wp\/v2\/media\/15835"}],"wp:attachment":[{"href":"https:\/\/lifepath.eu\/de\/wp-json\/wp\/v2\/media?parent=16113"}],"curies":[{"name":"wp","href":"https:\/\/api.w.org\/{rel}","templated":true}]}}