{"id":16222,"date":"2026-03-16T11:55:02","date_gmt":"2026-03-16T10:55:02","guid":{"rendered":"https:\/\/lifepath.eu\/?page_id=16222"},"modified":"2026-04-13T15:05:47","modified_gmt":"2026-04-13T13:05:47","slug":"kommunikation-beziehungen","status":"publish","type":"page","link":"https:\/\/lifepath.eu\/de\/kommunikation-beziehungen\/","title":{"rendered":"Kommunikation und Beziehungen"},"content":{"rendered":"\t\t<div data-elementor-type=\"wp-page\" data-elementor-id=\"16222\" class=\"elementor elementor-16222\">\n\t\t\t\t\t\t<section class=\"elementor-section elementor-top-section elementor-element elementor-element-d0411f3 elementor-section-boxed elementor-section-height-default elementor-section-height-default\" data-id=\"d0411f3\" data-element_type=\"section\" data-e-type=\"section\">\n\t\t\t\t\t\t<div class=\"elementor-container elementor-column-gap-default\">\n\t\t\t\t\t<div class=\"elementor-column elementor-col-100 elementor-top-column elementor-element elementor-element-f9c7b4f\" data-id=\"f9c7b4f\" data-element_type=\"column\" data-e-type=\"column\">\n\t\t\t<div class=\"elementor-widget-wrap elementor-element-populated\">\n\t\t\t\t\t\t<div class=\"elementor-element elementor-element-9596c6c elementor-widget elementor-widget-thim-heading\" data-id=\"9596c6c\" data-element_type=\"widget\" data-e-type=\"widget\" data-widget_type=\"thim-heading.default\">\n\t\t\t\t<div class=\"elementor-widget-container\">\n\t\t\t\t\t<div class=\"sc_heading   \"><h3 class=\"title\">B\u00fccher zum lesen<\/h3><span class=\"line\"><\/span><\/div>\t\t\t\t<\/div>\n\t\t\t\t<\/div>\n\t\t\t\t<div class=\"elementor-element elementor-element-7cbe8da elementor-widget__width-initial elementor-widget elementor-widget-text-editor\" data-id=\"7cbe8da\" data-element_type=\"widget\" data-e-type=\"widget\" data-widget_type=\"text-editor.default\">\n\t\t\t\t<div class=\"elementor-widget-container\">\n\t\t\t\t\t\t\t\t\t<ul><li><strong>Getriggert? Wie wir unsere Beziehungen st\u00e4rken, indem wir unsere Emotionen regulieren und gelassener kommunizieren<\/strong> <span data-csa-c-id=\"3dkush-f81ybo-iy9t3a-wqbfqj\" data-cel-widget=\"productTitle\">\u2013 Anouk Algermissen<\/span><\/li><li><p><strong>Gewaltfreie Kommunikation: Eine Sprache des Lebens<\/strong> <span data-csa-c-id=\"3dkush-f81ybo-iy9t3a-wqbfqj\" data-cel-widget=\"productTitle\">\u2013 Marshall B. Rosenberg<\/span><\/p><\/li><li><strong>Was Paare stark macht: Das Geheimnis gl\u00fccklicher Beziehungen<\/strong> <span data-csa-c-id=\"3dkush-f81ybo-iy9t3a-wqbfqj\" data-cel-widget=\"productTitle\">\u2013 Guy Bodenmann, Caroline Br\u00e4ndli<\/span><\/li><li><strong>It&#8217;s Not You! Narzissmus durchschauen und in toxischen Beziehungen f\u00fcr sich einstehen<\/strong> <span data-csa-c-id=\"3dkush-f81ybo-iy9t3a-wqbfqj\" data-cel-widget=\"productTitle\">\u2013 Ramani Durvasula<\/span><\/li><li><strong> Trennt euch! Ein Essay \u00fcber inkompatible Beziehungen und deren wohlverdientes Ende<\/strong> <span data-csa-c-id=\"3dkush-f81ybo-iy9t3a-wqbfqj\" data-cel-widget=\"productTitle\">\u2013 Thomas Meyer<\/span><\/li><li><p><span data-csa-c-id=\"3dkush-f81ybo-iy9t3a-wqbfqj\" data-cel-widget=\"productTitle\"><strong><span role=\"heading\" aria-level=\"4\">Warum Liebe endet: Eine Soziologie negativer Beziehungen<\/span><\/strong> \u2013 Eva Illouz, Michael Adrian<\/span><\/p><\/li><li><strong>Wild Family: Konflikte bew\u00e4ltigen, Geschwister verb\u00fcnden, famili\u00e4re Beziehungen st\u00e4rken<\/strong> <span data-csa-c-id=\"3dkush-f81ybo-iy9t3a-wqbfqj\" data-cel-widget=\"productTitle\">\u2013<\/span> Eliane Retz, Christiane Stella Bongertz<\/li><li><strong>Die N\u00e4he ist ganz nah! Scham und Verletzungen in Beziehungen \u00fcberwinden<\/strong> <span data-csa-c-id=\"3dkush-f81ybo-iy9t3a-wqbfqj\" data-cel-widget=\"productTitle\">\u2013Uri Weinblatt<\/span><\/li><li><strong>Der Dialog: das offene Gespr\u00e4ch am Ende der Diskussionen<\/strong> <span data-csa-c-id=\"3dkush-f81ybo-iy9t3a-wqbfqj\" data-cel-widget=\"productTitle\">\u2013<\/span> David Bohm<\/li><\/ul>\t\t\t\t\t\t\t\t<\/div>\n\t\t\t\t<\/div>\n\t\t\t\t<div class=\"elementor-element elementor-element-df85016 elementor-widget elementor-widget-thim-heading\" data-id=\"df85016\" data-element_type=\"widget\" data-e-type=\"widget\" data-widget_type=\"thim-heading.default\">\n\t\t\t\t<div class=\"elementor-widget-container\">\n\t\t\t\t\t<div class=\"sc_heading   \"><h3 class=\"title\">Linksammlung<\/h3><span class=\"line\"><\/span><\/div>\t\t\t\t<\/div>\n\t\t\t\t<\/div>\n\t\t\t\t<div class=\"elementor-element elementor-element-6ae815c elementor-widget elementor-widget-text-editor\" data-id=\"6ae815c\" data-element_type=\"widget\" data-e-type=\"widget\" data-widget_type=\"text-editor.default\">\n\t\t\t\t<div class=\"elementor-widget-container\">\n\t\t\t\t\t\t\t\t\t<ul><li><strong>\u00dcbergeordnete Ziele f\u00fcr erfolgreichere Zielverfolgung<\/strong>: <a href=\"https:\/\/www.consumer.imu.unibe.ch\/forschung\/wie_uebergeordnete_ziele_zu_erfolgreicherer_zielverfolgung_fuehren_koennen\/index_ger.html\">https:\/\/www.consumer.imu.unibe.ch\/forschung\/wie_uebergeordnete_ziele_zu_erfolgreicherer_zielverfolgung_fuehren_koennen\/index_ger.html<\/a><\/li><li><strong>Bindungsst\u00f6rung<\/strong>:<a href=\"https:\/\/www.therapie.de\/psyche\/info\/index\/diagnose\/bindung\/diagnose-und-behandlung\/\"> https:\/\/www.therapie.de\/psyche\/info\/index\/diagnose\/bindung\/diagnose-und-behandlung\/<\/a><\/li><li><strong>Trennungsbew\u00e4ltigung und Psyche<\/strong>: <a href=\"https:\/\/www.heiligenfeld.de\/blog\/trennungsbewaeltigung-und-psyche\">https:\/\/www.heiligenfeld.de\/blog\/trennungsbewaeltigung-und-psyche<\/a><\/li><li><strong>Phasen des Liebeskummer<\/strong>: <a href=\"https:\/\/lebensfreude-academy.de\/liebeskummer-phasen\/#:~:text=Von%20Wut%20%C3%BCber%20Angst%20und,%E2%80%93%20Verhandeln%20%E2%80%93%20Eingest%C3%A4ndnis%20%E2%80%93%20Akzeptanz.\">https:\/\/lebensfreude-academy.de\/liebeskummer-phasen\/#:~:text=Von%20Wut%20%C3%BCber%20Angst%20und,%E2%80%93%20Verhandeln%20%E2%80%93%20Eingest%C3%A4ndnis%20%E2%80%93%20Akzeptanz.<\/a><\/li><\/ul>\t\t\t\t\t\t\t\t<\/div>\n\t\t\t\t<\/div>\n\t\t\t\t<div class=\"elementor-element elementor-element-06d300d elementor-widget elementor-widget-thim-heading\" data-id=\"06d300d\" data-element_type=\"widget\" data-e-type=\"widget\" data-widget_type=\"thim-heading.default\">\n\t\t\t\t<div class=\"elementor-widget-container\">\n\t\t\t\t\t<div class=\"sc_heading   \"><h3 class=\"title\">Quellen<\/h3><span class=\"line\"><\/span><\/div>\t\t\t\t<\/div>\n\t\t\t\t<\/div>\n\t\t\t\t<div class=\"elementor-element elementor-element-684216b elementor-widget elementor-widget-text-editor\" data-id=\"684216b\" data-element_type=\"widget\" data-e-type=\"widget\" data-widget_type=\"text-editor.default\">\n\t\t\t\t<div class=\"elementor-widget-container\">\n\t\t\t\t\t\t\t\t\t<ul><li><p id=\"block-e9f44d40-be73-4c43-9b14-e5f9db27b8d8\">Bowlby, J.: Bindung als sichere Basis: Grundlagen und Anwendung der Bindungstheorie, 2008<\/p><\/li><li><p id=\"block-e9f44d40-be73-4c43-9b14-e5f9db27b8d8\">Bowlby, J.: Fr\u00fche Bindung und kindliche Entwicklung, 2005<\/p><\/li><li><p id=\"block-e9f44d40-be73-4c43-9b14-e5f9db27b8d8\">Grossmann, K. und K.: Bindungen \u2013 das Gef\u00fcge psychischer Sicherheit, 2012<\/p><\/li><li><p id=\"block-e9f44d40-be73-4c43-9b14-e5f9db27b8d8\">Grossmann, K. und K.: Bindung und menschliche Entwicklung: John Bowlby, Mary Ainsworth und die Grundlagen der Bindungstheorie, 2011<\/p><\/li><li>\u00a0<\/li><\/ul>\t\t\t\t\t\t\t\t<\/div>\n\t\t\t\t<\/div>\n\t\t\t\t\t<\/div>\n\t\t<\/div>\n\t\t\t\t\t<\/div>\n\t\t<\/section>\n\t\t\t\t<\/div>\n\t\t","protected":false},"excerpt":{"rendered":"<p>B\u00fccher zum lesen Getriggert? Wie wir unsere Beziehungen st\u00e4rken, indem wir unsere Emotionen regulieren und gelassener kommunizieren \u2013 Anouk Algermissen Gewaltfreie Kommunikation: Eine Sprache des Lebens \u2013 Marshall B. Rosenberg Was Paare stark macht: Das Geheimnis gl\u00fccklicher Beziehungen \u2013 Guy [&hellip;]<\/p>\n","protected":false},"author":2,"featured_media":16220,"parent":0,"menu_order":0,"comment_status":"closed","ping_status":"closed","template":"","meta":{"footnotes":""},"class_list":["post-16222","page","type-page","status-publish","has-post-thumbnail","hentry"],"yoast_head":"<!-- This site is optimized with the Yoast SEO plugin v27.4 - https:\/\/yoast.com\/product\/yoast-seo-wordpress\/ -->\n<title>Kommunikation und Beziehungen - Mentaltraining als Lebensweg<\/title>\n<meta name=\"robots\" content=\"index, follow, max-snippet:-1, max-image-preview:large, max-video-preview:-1\" \/>\n<link rel=\"canonical\" href=\"https:\/\/lifepath.eu\/de\/kommunikation-beziehungen\/\" \/>\n<meta property=\"og:locale\" content=\"de_DE\" \/>\n<meta property=\"og:type\" content=\"article\" \/>\n<meta property=\"og:title\" content=\"Kommunikation und Beziehungen - Mentaltraining als Lebensweg\" \/>\n<meta property=\"og:description\" content=\"B\u00fccher zum lesen Getriggert? Wie wir unsere Beziehungen st\u00e4rken, indem wir unsere Emotionen regulieren und gelassener kommunizieren \u2013 Anouk Algermissen Gewaltfreie Kommunikation: Eine Sprache des Lebens \u2013 Marshall B. Rosenberg Was Paare stark macht: Das Geheimnis gl\u00fccklicher Beziehungen \u2013 Guy [&hellip;]\" \/>\n<meta property=\"og:url\" content=\"https:\/\/lifepath.eu\/de\/kommunikation-beziehungen\/\" \/>\n<meta property=\"og:site_name\" content=\"Mentaltraining als Lebensweg\" \/>\n<meta property=\"article:publisher\" content=\"https:\/\/www.facebook.com\/lifepath.eu\/\" \/>\n<meta property=\"article:modified_time\" content=\"2026-04-13T13:05:47+00:00\" \/>\n<meta name=\"twitter:card\" content=\"summary_large_image\" \/>\n<meta name=\"twitter:label1\" content=\"Gesch\u00e4tzte Lesezeit\" \/>\n\t<meta name=\"twitter:data1\" content=\"2\u00a0Minuten\" \/>\n<script type=\"application\/ld+json\" class=\"yoast-schema-graph\">{\"@context\":\"https:\\\/\\\/schema.org\",\"@graph\":[{\"@type\":\"WebPage\",\"@id\":\"https:\\\/\\\/lifepath.eu\\\/de\\\/kommunikation-beziehungen\\\/\",\"url\":\"https:\\\/\\\/lifepath.eu\\\/de\\\/kommunikation-beziehungen\\\/\",\"name\":\"Kommunikation und Beziehungen - Mentaltraining als Lebensweg\",\"isPartOf\":{\"@id\":\"https:\\\/\\\/lifepath.eu\\\/de\\\/#website\"},\"primaryImageOfPage\":{\"@id\":\"https:\\\/\\\/lifepath.eu\\\/de\\\/kommunikation-beziehungen\\\/#primaryimage\"},\"image\":{\"@id\":\"https:\\\/\\\/lifepath.eu\\\/de\\\/kommunikation-beziehungen\\\/#primaryimage\"},\"thumbnailUrl\":\"https:\\\/\\\/lifepath.eu\\\/wp-content\\\/uploads\\\/2026\\\/03\\\/photo-unsplash-people.avif\",\"datePublished\":\"2026-03-16T10:55:02+00:00\",\"dateModified\":\"2026-04-13T13:05:47+00:00\",\"breadcrumb\":{\"@id\":\"https:\\\/\\\/lifepath.eu\\\/de\\\/kommunikation-beziehungen\\\/#breadcrumb\"},\"inLanguage\":\"de\",\"potentialAction\":[{\"@type\":\"ReadAction\",\"target\":[\"https:\\\/\\\/lifepath.eu\\\/de\\\/kommunikation-beziehungen\\\/\"]}]},{\"@type\":\"ImageObject\",\"inLanguage\":\"de\",\"@id\":\"https:\\\/\\\/lifepath.eu\\\/de\\\/kommunikation-beziehungen\\\/#primaryimage\",\"url\":\"https:\\\/\\\/lifepath.eu\\\/wp-content\\\/uploads\\\/2026\\\/03\\\/photo-unsplash-people.avif\",\"contentUrl\":\"https:\\\/\\\/lifepath.eu\\\/wp-content\\\/uploads\\\/2026\\\/03\\\/photo-unsplash-people.avif\",\"width\":1019,\"height\":822},{\"@type\":\"BreadcrumbList\",\"@id\":\"https:\\\/\\\/lifepath.eu\\\/de\\\/kommunikation-beziehungen\\\/#breadcrumb\",\"itemListElement\":[{\"@type\":\"ListItem\",\"position\":1,\"name\":\"Startseite\",\"item\":\"https:\\\/\\\/lifepath.eu\\\/de\\\/\"},{\"@type\":\"ListItem\",\"position\":2,\"name\":\"Kommunikation und Beziehungen\"}]},{\"@type\":\"WebSite\",\"@id\":\"https:\\\/\\\/lifepath.eu\\\/de\\\/#website\",\"url\":\"https:\\\/\\\/lifepath.eu\\\/de\\\/\",\"name\":\"Mentaltraining als Lebensweg\",\"description\":\"Deine Online-Pers\u00f6nlichkeitsentwicklung\",\"publisher\":{\"@id\":\"https:\\\/\\\/lifepath.eu\\\/de\\\/#organization\"},\"potentialAction\":[{\"@type\":\"SearchAction\",\"target\":{\"@type\":\"EntryPoint\",\"urlTemplate\":\"https:\\\/\\\/lifepath.eu\\\/de\\\/?s={search_term_string}\"},\"query-input\":{\"@type\":\"PropertyValueSpecification\",\"valueRequired\":true,\"valueName\":\"search_term_string\"}}],\"inLanguage\":\"de\"},{\"@type\":\"Organization\",\"@id\":\"https:\\\/\\\/lifepath.eu\\\/de\\\/#organization\",\"name\":\"Lifepath\",\"url\":\"https:\\\/\\\/lifepath.eu\\\/de\\\/\",\"logo\":{\"@type\":\"ImageObject\",\"inLanguage\":\"de\",\"@id\":\"https:\\\/\\\/lifepath.eu\\\/de\\\/#\\\/schema\\\/logo\\\/image\\\/\",\"url\":\"https:\\\/\\\/lifepath.eu\\\/wp-content\\\/uploads\\\/2023\\\/02\\\/LIFEPATH-LOGO-final.png\",\"contentUrl\":\"https:\\\/\\\/lifepath.eu\\\/wp-content\\\/uploads\\\/2023\\\/02\\\/LIFEPATH-LOGO-final.png\",\"width\":388,\"height\":266,\"caption\":\"Lifepath\"},\"image\":{\"@id\":\"https:\\\/\\\/lifepath.eu\\\/de\\\/#\\\/schema\\\/logo\\\/image\\\/\"},\"sameAs\":[\"https:\\\/\\\/www.facebook.com\\\/lifepath.eu\\\/\",\"https:\\\/\\\/www.instagram.com\\\/lifepath.eu\\\/\"]}]}<\/script>\n<!-- \/ Yoast SEO plugin. -->","yoast_head_json":{"title":"Kommunikation und Beziehungen - Mentaltraining als Lebensweg","robots":{"index":"index","follow":"follow","max-snippet":"max-snippet:-1","max-image-preview":"max-image-preview:large","max-video-preview":"max-video-preview:-1"},"canonical":"https:\/\/lifepath.eu\/de\/kommunikation-beziehungen\/","og_locale":"de_DE","og_type":"article","og_title":"Kommunikation und Beziehungen - Mentaltraining als Lebensweg","og_description":"B\u00fccher zum lesen Getriggert? Wie wir unsere Beziehungen st\u00e4rken, indem wir unsere Emotionen regulieren und gelassener kommunizieren \u2013 Anouk Algermissen Gewaltfreie Kommunikation: Eine Sprache des Lebens \u2013 Marshall B. Rosenberg Was Paare stark macht: Das Geheimnis gl\u00fccklicher Beziehungen \u2013 Guy [&hellip;]","og_url":"https:\/\/lifepath.eu\/de\/kommunikation-beziehungen\/","og_site_name":"Mentaltraining als Lebensweg","article_publisher":"https:\/\/www.facebook.com\/lifepath.eu\/","article_modified_time":"2026-04-13T13:05:47+00:00","twitter_card":"summary_large_image","twitter_misc":{"Gesch\u00e4tzte Lesezeit":"2\u00a0Minuten"},"schema":{"@context":"https:\/\/schema.org","@graph":[{"@type":"WebPage","@id":"https:\/\/lifepath.eu\/de\/kommunikation-beziehungen\/","url":"https:\/\/lifepath.eu\/de\/kommunikation-beziehungen\/","name":"Kommunikation und Beziehungen - Mentaltraining als Lebensweg","isPartOf":{"@id":"https:\/\/lifepath.eu\/de\/#website"},"primaryImageOfPage":{"@id":"https:\/\/lifepath.eu\/de\/kommunikation-beziehungen\/#primaryimage"},"image":{"@id":"https:\/\/lifepath.eu\/de\/kommunikation-beziehungen\/#primaryimage"},"thumbnailUrl":"https:\/\/lifepath.eu\/wp-content\/uploads\/2026\/03\/photo-unsplash-people.avif","datePublished":"2026-03-16T10:55:02+00:00","dateModified":"2026-04-13T13:05:47+00:00","breadcrumb":{"@id":"https:\/\/lifepath.eu\/de\/kommunikation-beziehungen\/#breadcrumb"},"inLanguage":"de","potentialAction":[{"@type":"ReadAction","target":["https:\/\/lifepath.eu\/de\/kommunikation-beziehungen\/"]}]},{"@type":"ImageObject","inLanguage":"de","@id":"https:\/\/lifepath.eu\/de\/kommunikation-beziehungen\/#primaryimage","url":"https:\/\/lifepath.eu\/wp-content\/uploads\/2026\/03\/photo-unsplash-people.avif","contentUrl":"https:\/\/lifepath.eu\/wp-content\/uploads\/2026\/03\/photo-unsplash-people.avif","width":1019,"height":822},{"@type":"BreadcrumbList","@id":"https:\/\/lifepath.eu\/de\/kommunikation-beziehungen\/#breadcrumb","itemListElement":[{"@type":"ListItem","position":1,"name":"Startseite","item":"https:\/\/lifepath.eu\/de\/"},{"@type":"ListItem","position":2,"name":"Kommunikation und Beziehungen"}]},{"@type":"WebSite","@id":"https:\/\/lifepath.eu\/de\/#website","url":"https:\/\/lifepath.eu\/de\/","name":"Mentaltraining als Lebensweg","description":"Deine Online-Pers\u00f6nlichkeitsentwicklung","publisher":{"@id":"https:\/\/lifepath.eu\/de\/#organization"},"potentialAction":[{"@type":"SearchAction","target":{"@type":"EntryPoint","urlTemplate":"https:\/\/lifepath.eu\/de\/?s={search_term_string}"},"query-input":{"@type":"PropertyValueSpecification","valueRequired":true,"valueName":"search_term_string"}}],"inLanguage":"de"},{"@type":"Organization","@id":"https:\/\/lifepath.eu\/de\/#organization","name":"Lifepath","url":"https:\/\/lifepath.eu\/de\/","logo":{"@type":"ImageObject","inLanguage":"de","@id":"https:\/\/lifepath.eu\/de\/#\/schema\/logo\/image\/","url":"https:\/\/lifepath.eu\/wp-content\/uploads\/2023\/02\/LIFEPATH-LOGO-final.png","contentUrl":"https:\/\/lifepath.eu\/wp-content\/uploads\/2023\/02\/LIFEPATH-LOGO-final.png","width":388,"height":266,"caption":"Lifepath"},"image":{"@id":"https:\/\/lifepath.eu\/de\/#\/schema\/logo\/image\/"},"sameAs":["https:\/\/www.facebook.com\/lifepath.eu\/","https:\/\/www.instagram.com\/lifepath.eu\/"]}]}},"_links":{"self":[{"href":"https:\/\/lifepath.eu\/de\/wp-json\/wp\/v2\/pages\/16222","targetHints":{"allow":["GET"]}}],"collection":[{"href":"https:\/\/lifepath.eu\/de\/wp-json\/wp\/v2\/pages"}],"about":[{"href":"https:\/\/lifepath.eu\/de\/wp-json\/wp\/v2\/types\/page"}],"author":[{"embeddable":true,"href":"https:\/\/lifepath.eu\/de\/wp-json\/wp\/v2\/users\/2"}],"replies":[{"embeddable":true,"href":"https:\/\/lifepath.eu\/de\/wp-json\/wp\/v2\/comments?post=16222"}],"version-history":[{"count":26,"href":"https:\/\/lifepath.eu\/de\/wp-json\/wp\/v2\/pages\/16222\/revisions"}],"predecessor-version":[{"id":16319,"href":"https:\/\/lifepath.eu\/de\/wp-json\/wp\/v2\/pages\/16222\/revisions\/16319"}],"wp:featuredmedia":[{"embeddable":true,"href":"https:\/\/lifepath.eu\/de\/wp-json\/wp\/v2\/media\/16220"}],"wp:attachment":[{"href":"https:\/\/lifepath.eu\/de\/wp-json\/wp\/v2\/media?parent=16222"}],"curies":[{"name":"wp","href":"https:\/\/api.w.org\/{rel}","templated":true}]}}