{"id":8657,"date":"2023-02-16T13:17:26","date_gmt":"2023-02-16T12:17:26","guid":{"rendered":"https:\/\/lifepath.eu\/?page_id=8657"},"modified":"2023-05-24T15:18:56","modified_gmt":"2023-05-24T13:18:56","slug":"agb-coachings","status":"publish","type":"page","link":"https:\/\/lifepath.eu\/de\/agb-coachings\/","title":{"rendered":"AGB Coachings"},"content":{"rendered":"\n<p><strong>Stand<\/strong><\/p>\n\n\n\n<p>01.05.2023<\/p>\n\n\n\n<p><strong>Geltungsbereich<\/strong><\/p>\n\n\n\n<p>Die folgenden Allgemeinen Gesch\u00e4ftsbedingungen gelten f\u00fcr alle Leistungen und Vertr\u00e4ge zwischen Lifepath der Daniela Delmonego (nachfolgend als Lifepath bezeichnet) und seinen Kunden. F\u00fcr die AGB der Kurse (online &amp; pr\u00e4senz) siehe <a href=\"\/lp-term-conditions\/\" data-type=\"URL\" data-id=\"\/lp-term-conditions\/\">hier<\/a>.<\/p>\n\n\n\n<p><strong>Leistungsbeschreibung<\/strong><\/p>\n\n\n\n<p>Lifepath bietet individuelle Coaching-Sitzungen an, um den Kunden bei der Erreichung der pers\u00f6nlichen und beruflichen Ziele zu unterst\u00fctzen. Die Sitzungen finden in der Regel in den zur Verf\u00fcgung stehenden R\u00e4umlichkeiten statt, k\u00f6nnen jedoch auch online oder telefonisch durchgef\u00fchrt werden.<\/p>\n\n\n\n<p><strong>Buchung und Zahlungsbedingungen<\/strong><\/p>\n\n\n\n<p>Die Buchung von Coaching-Sitzungen erfolgt online, telefonisch, per WhatsApp oder per E-Mail. Die Bezahlung erfolgt sp\u00e4testens 1 Woche vor der Sitzung per \u00dcberweisung oder PayPal, ansonsten wird der Termin als abgesagt betrachtet.<\/p>\n\n\n\n<ul class=\"wp-block-list\">\n<li>Im Falle einer Stornierung des Termins 1 Woche vor dem Termin wird die volle Summer zur\u00fcckerstattet.<\/li>\n\n\n\n<li>Bei einer Stornierung 48 Stunden vor dem Termin wird die H\u00e4lfte zur\u00fcckerstattet, <\/li>\n\n\n\n<li>Bei einer Absage am Tag zuvor (24 Stunden) wird keine R\u00fcckerstattung geleistet wird. Auch bei Nichterscheinen des Kunden wird die volle Geb\u00fchr f\u00e4llig.<\/li>\n\n\n\n<li>Im Falle von Krankheit, Unfall oder h\u00f6herer Gewalt ist eine R\u00fcckerstattung der Kursgeb\u00fchr nur nach Vorlage eines \u00e4rztlichen Zeugnisses oder einer entsprechenden schriftlichen Begr\u00fcndung m\u00f6glich.<\/li>\n<\/ul>\n\n\n\n<p><strong>Vertraulichkeit<\/strong><\/p>\n\n\n\n<p>Lifepath verpflichtet sich, alle Informationen, die im Rahmen der Coaching-Sitzungen besprochen werden, vertraulich zu behandeln. Eine Weitergabe von Informationen an Dritte erfolgt nur mit ausdr\u00fccklicher Zustimmung des Kunden.<\/p>\n\n\n\n<p><strong>Haftung<\/strong><\/p>\n\n\n\n<p>Lifepath \u00fcbernimmt keine Haftung f\u00fcr Sch\u00e4den, die durch die Umsetzung der im Coaching besprochenen Ma\u00dfnahmen entstehen. Der Kunde ist selbst f\u00fcr die Umsetzung verantwortlich.<\/p>\n\n\n\n<p><strong>\u00c4nderungen der AGB<\/strong><\/p>\n\n\n\n<p>Lifepath beh\u00e4lt sich das Recht vor, die Allgemeinen Gesch\u00e4ftsbedingungen jederzeit zu \u00e4ndern. Die ge\u00e4nderten Bedingungen gelten ab dem Zeitpunkt der Ver\u00f6ffentlichung auf der Website von Lifepath.<\/p>\n\n\n\n<p><strong>Gerichtsstand<\/strong><\/p>\n\n\n\n<p>F\u00fcr alle Streitigkeiten aus oder im Zusammenhang mit diesen AGB gilt das Recht des italienischen Staates.<\/p>\n","protected":false},"excerpt":{"rendered":"<p>Stand 01.05.2023 Geltungsbereich Die folgenden Allgemeinen Gesch\u00e4ftsbedingungen gelten f\u00fcr alle Leistungen und Vertr\u00e4ge zwischen Lifepath der Daniela Delmonego (nachfolgend als Lifepath bezeichnet) und seinen Kunden. F\u00fcr die AGB der Kurse (online &amp; pr\u00e4senz) siehe hier. Leistungsbeschreibung Lifepath bietet individuelle Coaching-Sitzungen [&hellip;]<\/p>\n","protected":false},"author":2,"featured_media":0,"parent":0,"menu_order":0,"comment_status":"closed","ping_status":"closed","template":"","meta":{"footnotes":""},"class_list":["post-8657","page","type-page","status-publish","hentry"],"yoast_head":"<!-- This site is optimized with the Yoast SEO plugin v27.3 - https:\/\/yoast.com\/product\/yoast-seo-wordpress\/ -->\n<title>AGB Coachings - Mentaltraining als Lebensweg<\/title>\n<meta name=\"robots\" content=\"index, follow, max-snippet:-1, max-image-preview:large, max-video-preview:-1\" \/>\n<link rel=\"canonical\" href=\"https:\/\/lifepath.eu\/de\/agb-coachings\/\" \/>\n<meta property=\"og:locale\" content=\"de_DE\" \/>\n<meta property=\"og:type\" content=\"article\" \/>\n<meta property=\"og:title\" content=\"AGB Coachings - Mentaltraining als Lebensweg\" \/>\n<meta property=\"og:description\" content=\"Stand 01.05.2023 Geltungsbereich Die folgenden Allgemeinen Gesch\u00e4ftsbedingungen gelten f\u00fcr alle Leistungen und Vertr\u00e4ge zwischen Lifepath der Daniela Delmonego (nachfolgend als Lifepath bezeichnet) und seinen Kunden. F\u00fcr die AGB der Kurse (online &amp; pr\u00e4senz) siehe hier. Leistungsbeschreibung Lifepath bietet individuelle Coaching-Sitzungen [&hellip;]\" \/>\n<meta property=\"og:url\" content=\"https:\/\/lifepath.eu\/de\/agb-coachings\/\" \/>\n<meta property=\"og:site_name\" content=\"Mentaltraining als Lebensweg\" \/>\n<meta property=\"article:publisher\" content=\"https:\/\/www.facebook.com\/lifepath.eu\/\" \/>\n<meta property=\"article:modified_time\" content=\"2023-05-24T13:18:56+00:00\" \/>\n<meta name=\"twitter:card\" content=\"summary_large_image\" \/>\n<meta name=\"twitter:label1\" content=\"Gesch\u00e4tzte Lesezeit\" \/>\n\t<meta name=\"twitter:data1\" content=\"2\u00a0Minuten\" \/>\n<script type=\"application\/ld+json\" class=\"yoast-schema-graph\">{\"@context\":\"https:\\\/\\\/schema.org\",\"@graph\":[{\"@type\":\"WebPage\",\"@id\":\"https:\\\/\\\/lifepath.eu\\\/de\\\/agb-coachings\\\/\",\"url\":\"https:\\\/\\\/lifepath.eu\\\/de\\\/agb-coachings\\\/\",\"name\":\"AGB Coachings - Mentaltraining als Lebensweg\",\"isPartOf\":{\"@id\":\"https:\\\/\\\/lifepath.eu\\\/de\\\/#website\"},\"datePublished\":\"2023-02-16T12:17:26+00:00\",\"dateModified\":\"2023-05-24T13:18:56+00:00\",\"breadcrumb\":{\"@id\":\"https:\\\/\\\/lifepath.eu\\\/de\\\/agb-coachings\\\/#breadcrumb\"},\"inLanguage\":\"de\",\"potentialAction\":[{\"@type\":\"ReadAction\",\"target\":[\"https:\\\/\\\/lifepath.eu\\\/de\\\/agb-coachings\\\/\"]}]},{\"@type\":\"BreadcrumbList\",\"@id\":\"https:\\\/\\\/lifepath.eu\\\/de\\\/agb-coachings\\\/#breadcrumb\",\"itemListElement\":[{\"@type\":\"ListItem\",\"position\":1,\"name\":\"Startseite\",\"item\":\"https:\\\/\\\/lifepath.eu\\\/de\\\/\"},{\"@type\":\"ListItem\",\"position\":2,\"name\":\"AGB Coachings\"}]},{\"@type\":\"WebSite\",\"@id\":\"https:\\\/\\\/lifepath.eu\\\/de\\\/#website\",\"url\":\"https:\\\/\\\/lifepath.eu\\\/de\\\/\",\"name\":\"Mentaltraining als Lebensweg\",\"description\":\"Deine Online-Pers\u00f6nlichkeitsentwicklung\",\"publisher\":{\"@id\":\"https:\\\/\\\/lifepath.eu\\\/de\\\/#organization\"},\"potentialAction\":[{\"@type\":\"SearchAction\",\"target\":{\"@type\":\"EntryPoint\",\"urlTemplate\":\"https:\\\/\\\/lifepath.eu\\\/de\\\/?s={search_term_string}\"},\"query-input\":{\"@type\":\"PropertyValueSpecification\",\"valueRequired\":true,\"valueName\":\"search_term_string\"}}],\"inLanguage\":\"de\"},{\"@type\":\"Organization\",\"@id\":\"https:\\\/\\\/lifepath.eu\\\/de\\\/#organization\",\"name\":\"Lifepath\",\"url\":\"https:\\\/\\\/lifepath.eu\\\/de\\\/\",\"logo\":{\"@type\":\"ImageObject\",\"inLanguage\":\"de\",\"@id\":\"https:\\\/\\\/lifepath.eu\\\/de\\\/#\\\/schema\\\/logo\\\/image\\\/\",\"url\":\"https:\\\/\\\/lifepath.eu\\\/wp-content\\\/uploads\\\/2023\\\/02\\\/LIFEPATH-LOGO-final.png\",\"contentUrl\":\"https:\\\/\\\/lifepath.eu\\\/wp-content\\\/uploads\\\/2023\\\/02\\\/LIFEPATH-LOGO-final.png\",\"width\":388,\"height\":266,\"caption\":\"Lifepath\"},\"image\":{\"@id\":\"https:\\\/\\\/lifepath.eu\\\/de\\\/#\\\/schema\\\/logo\\\/image\\\/\"},\"sameAs\":[\"https:\\\/\\\/www.facebook.com\\\/lifepath.eu\\\/\",\"https:\\\/\\\/www.instagram.com\\\/lifepath.eu\\\/\"]}]}<\/script>\n<!-- \/ Yoast SEO plugin. -->","yoast_head_json":{"title":"AGB Coachings - Mentaltraining als Lebensweg","robots":{"index":"index","follow":"follow","max-snippet":"max-snippet:-1","max-image-preview":"max-image-preview:large","max-video-preview":"max-video-preview:-1"},"canonical":"https:\/\/lifepath.eu\/de\/agb-coachings\/","og_locale":"de_DE","og_type":"article","og_title":"AGB Coachings - Mentaltraining als Lebensweg","og_description":"Stand 01.05.2023 Geltungsbereich Die folgenden Allgemeinen Gesch\u00e4ftsbedingungen gelten f\u00fcr alle Leistungen und Vertr\u00e4ge zwischen Lifepath der Daniela Delmonego (nachfolgend als Lifepath bezeichnet) und seinen Kunden. F\u00fcr die AGB der Kurse (online &amp; pr\u00e4senz) siehe hier. Leistungsbeschreibung Lifepath bietet individuelle Coaching-Sitzungen [&hellip;]","og_url":"https:\/\/lifepath.eu\/de\/agb-coachings\/","og_site_name":"Mentaltraining als Lebensweg","article_publisher":"https:\/\/www.facebook.com\/lifepath.eu\/","article_modified_time":"2023-05-24T13:18:56+00:00","twitter_card":"summary_large_image","twitter_misc":{"Gesch\u00e4tzte Lesezeit":"2\u00a0Minuten"},"schema":{"@context":"https:\/\/schema.org","@graph":[{"@type":"WebPage","@id":"https:\/\/lifepath.eu\/de\/agb-coachings\/","url":"https:\/\/lifepath.eu\/de\/agb-coachings\/","name":"AGB Coachings - Mentaltraining als Lebensweg","isPartOf":{"@id":"https:\/\/lifepath.eu\/de\/#website"},"datePublished":"2023-02-16T12:17:26+00:00","dateModified":"2023-05-24T13:18:56+00:00","breadcrumb":{"@id":"https:\/\/lifepath.eu\/de\/agb-coachings\/#breadcrumb"},"inLanguage":"de","potentialAction":[{"@type":"ReadAction","target":["https:\/\/lifepath.eu\/de\/agb-coachings\/"]}]},{"@type":"BreadcrumbList","@id":"https:\/\/lifepath.eu\/de\/agb-coachings\/#breadcrumb","itemListElement":[{"@type":"ListItem","position":1,"name":"Startseite","item":"https:\/\/lifepath.eu\/de\/"},{"@type":"ListItem","position":2,"name":"AGB Coachings"}]},{"@type":"WebSite","@id":"https:\/\/lifepath.eu\/de\/#website","url":"https:\/\/lifepath.eu\/de\/","name":"Mentaltraining als Lebensweg","description":"Deine Online-Pers\u00f6nlichkeitsentwicklung","publisher":{"@id":"https:\/\/lifepath.eu\/de\/#organization"},"potentialAction":[{"@type":"SearchAction","target":{"@type":"EntryPoint","urlTemplate":"https:\/\/lifepath.eu\/de\/?s={search_term_string}"},"query-input":{"@type":"PropertyValueSpecification","valueRequired":true,"valueName":"search_term_string"}}],"inLanguage":"de"},{"@type":"Organization","@id":"https:\/\/lifepath.eu\/de\/#organization","name":"Lifepath","url":"https:\/\/lifepath.eu\/de\/","logo":{"@type":"ImageObject","inLanguage":"de","@id":"https:\/\/lifepath.eu\/de\/#\/schema\/logo\/image\/","url":"https:\/\/lifepath.eu\/wp-content\/uploads\/2023\/02\/LIFEPATH-LOGO-final.png","contentUrl":"https:\/\/lifepath.eu\/wp-content\/uploads\/2023\/02\/LIFEPATH-LOGO-final.png","width":388,"height":266,"caption":"Lifepath"},"image":{"@id":"https:\/\/lifepath.eu\/de\/#\/schema\/logo\/image\/"},"sameAs":["https:\/\/www.facebook.com\/lifepath.eu\/","https:\/\/www.instagram.com\/lifepath.eu\/"]}]}},"_links":{"self":[{"href":"https:\/\/lifepath.eu\/de\/wp-json\/wp\/v2\/pages\/8657","targetHints":{"allow":["GET"]}}],"collection":[{"href":"https:\/\/lifepath.eu\/de\/wp-json\/wp\/v2\/pages"}],"about":[{"href":"https:\/\/lifepath.eu\/de\/wp-json\/wp\/v2\/types\/page"}],"author":[{"embeddable":true,"href":"https:\/\/lifepath.eu\/de\/wp-json\/wp\/v2\/users\/2"}],"replies":[{"embeddable":true,"href":"https:\/\/lifepath.eu\/de\/wp-json\/wp\/v2\/comments?post=8657"}],"version-history":[{"count":0,"href":"https:\/\/lifepath.eu\/de\/wp-json\/wp\/v2\/pages\/8657\/revisions"}],"wp:attachment":[{"href":"https:\/\/lifepath.eu\/de\/wp-json\/wp\/v2\/media?parent=8657"}],"curies":[{"name":"wp","href":"https:\/\/api.w.org\/{rel}","templated":true}]}}