{"id":9147,"date":"2023-03-01T18:10:13","date_gmt":"2023-03-01T17:10:13","guid":{"rendered":"https:\/\/lifepath.eu\/kurse-probe\/"},"modified":"2023-03-02T15:29:06","modified_gmt":"2023-03-02T14:29:06","slug":"alle-online-kurse","status":"publish","type":"page","link":"https:\/\/lifepath.eu\/de\/alle-online-kurse\/","title":{"rendered":"Alle Online-Kurse"},"content":{"rendered":"\t\t<div data-elementor-type=\"wp-page\" data-elementor-id=\"9147\" class=\"elementor elementor-9147\">\n\t\t\t\t\t\t<section class=\"elementor-section elementor-top-section elementor-element elementor-element-09ba8de elementor-section-stretched elementor-section-boxed elementor-section-height-default elementor-section-height-default\" data-id=\"09ba8de\" data-element_type=\"section\" data-e-type=\"section\" data-settings=\"{&quot;stretch_section&quot;:&quot;section-stretched&quot;}\">\n\t\t\t\t\t\t<div class=\"elementor-container elementor-column-gap-default\">\n\t\t\t\t\t<div class=\"elementor-column elementor-col-100 elementor-top-column elementor-element elementor-element-cdfa5ed\" data-id=\"cdfa5ed\" data-element_type=\"column\" data-e-type=\"column\">\n\t\t\t<div class=\"elementor-widget-wrap elementor-element-populated\">\n\t\t\t\t\t\t<section class=\"elementor-section elementor-inner-section elementor-element elementor-element-fe2ac4e elementor-section-boxed elementor-section-height-default elementor-section-height-default\" data-id=\"fe2ac4e\" data-element_type=\"section\" data-e-type=\"section\">\n\t\t\t\t\t\t<div class=\"elementor-container elementor-column-gap-default\">\n\t\t\t\t\t<div class=\"elementor-column elementor-col-33 elementor-inner-column elementor-element elementor-element-8653af8\" data-id=\"8653af8\" data-element_type=\"column\" data-e-type=\"column\">\n\t\t\t<div class=\"elementor-widget-wrap elementor-element-populated\">\n\t\t\t\t\t\t<div class=\"elementor-element elementor-element-b6075b9 elementor-widget elementor-widget-sidebar\" data-id=\"b6075b9\" data-element_type=\"widget\" data-e-type=\"widget\" data-widget_type=\"sidebar.default\">\n\t\t\t\t<div class=\"elementor-widget-container\">\n\t\t\t\t\t<aside id=\"image-box-2\" class=\"widget widget_image-box\"><div class=\"thim-widget-image-box template-base\"><div class=\"thim-image-box default-layout default\"><img fetchpriority=\"high\" decoding=\"async\" src=\"https:\/\/lifepath.eu\/wp-content\/uploads\/2023\/02\/B0F47160-F131-496A-98F6-C9105B504E48.png\" alt=\"Entwickle deine Pers\u00f6nlichkeit\" title=\"Entwickle deine Pers\u00f6nlichkeit\"  width=\"496\" height=\"600\"><\/div><\/div><\/aside><aside id=\"course-categories-2\" class=\"widget widget_course-categories\"><div class=\"thim-widget-course-categories template-course-categories\">\n<\/div><\/aside><aside id=\"courses-3\" class=\"widget widget_courses\"><div class=\"thim-widget-courses template-courses\"><h3 class=\"widget-title\">Beliebte Kurse<\/h3>\t<div class=\"thim-course-list-sidebar\">\n\t\t\t\t\t<div class=\"lpr_course has-post-thumbnail\">\n\t\t\t\t<div class=\"course-thumbnail\"><img decoding=\"async\" src=\"https:\/\/lifepath.eu\/wp-content\/uploads\/2023\/02\/D9438CA2-C46F-447D-A30A-7BC16F858E47-150x150.jpeg\" alt=\"Stress effizient verwalten\"\/><\/div>\t\t\t\t<div class=\"thim-course-content\">\n\t\t\t\t\t<h3 class=\"course-title\">\n\t\t\t\t\t\t<a href=\"https:\/\/lifepath.eu\/de\/kurs\/stressmanagement\/\"> Stress effizient verwalten<\/a>\n\t\t\t\t\t<\/h3>\n\n\t\t\t\t\t<div class=\"course-meta\">\n\t\t\t\t\t\t\n\t\t\t\t\t\t\r\n<div class=\"course-price\">\r\n\t<span class=\"course-item-price\"> <span class=\"price\">75,00 &euro;<\/span> <\/span><\/div>\r\n\t\t\t\t\t<\/div>\n\n\t\t\t\t<\/div>\n\t\t\t<\/div>\n\t\t\t\t\t\t<div class=\"lpr_course has-post-thumbnail\">\n\t\t\t\t<div class=\"course-thumbnail\"><img decoding=\"async\" src=\"https:\/\/lifepath.eu\/wp-content\/uploads\/2023\/02\/EE07DCD7-BF5D-497F-80E3-2876624F77BD-150x150.jpeg\" alt=\"Glaubenss\u00e4tze: Mach sie Dir zu Nutze!\"\/><\/div>\t\t\t\t<div class=\"thim-course-content\">\n\t\t\t\t\t<h3 class=\"course-title\">\n\t\t\t\t\t\t<a href=\"https:\/\/lifepath.eu\/de\/kurs\/glaubenssaetze\/\"> Glaubenss\u00e4tze: Mach sie Dir zu Nutze!<\/a>\n\t\t\t\t\t<\/h3>\n\n\t\t\t\t\t<div class=\"course-meta\">\n\t\t\t\t\t\t\n\t\t\t\t\t\t\r\n<div class=\"course-price\">\r\n\t<span class=\"course-item-price\"> <span class=\"price\">55,00 &euro;<\/span> <\/span><\/div>\r\n\t\t\t\t\t<\/div>\n\n\t\t\t\t<\/div>\n\t\t\t<\/div>\n\t\t\t\t\t\t<div class=\"lpr_course has-post-thumbnail\">\n\t\t\t\t<div class=\"course-thumbnail\"><img decoding=\"async\" src=\"https:\/\/lifepath.eu\/wp-content\/uploads\/2023\/02\/1FCD09DA-1AD7-41C6-8136-0D922469840C-150x150.jpeg\" alt=\"Vors\u00e4tze: Endlich umsetzbar\"\/><\/div>\t\t\t\t<div class=\"thim-course-content\">\n\t\t\t\t\t<h3 class=\"course-title\">\n\t\t\t\t\t\t<a href=\"https:\/\/lifepath.eu\/de\/kurs\/vorsaetze\/\"> Vors\u00e4tze: Endlich umsetzbar<\/a>\n\t\t\t\t\t<\/h3>\n\n\t\t\t\t\t<div class=\"course-meta\">\n\t\t\t\t\t\t\n\t\t\t\t\t\t\r\n<div class=\"course-price\">\r\n\t<span class=\"course-item-price\"> <span class=\"price\">75,00 &euro;<\/span> <\/span><\/div>\r\n\t\t\t\t\t<\/div>\n\n\t\t\t\t<\/div>\n\t\t\t<\/div>\n\t\t\t\t<\/div>\n\t<\/div><\/aside>\t\t\t\t<\/div>\n\t\t\t\t<\/div>\n\t\t\t\t\t<\/div>\n\t\t<\/div>\n\t\t\t\t<div class=\"elementor-column elementor-col-66 elementor-inner-column elementor-element elementor-element-e011d7c\" data-id=\"e011d7c\" data-element_type=\"column\" data-e-type=\"column\">\n\t\t\t<div class=\"elementor-widget-wrap elementor-element-populated\">\n\t\t\t\t\t\t<div class=\"elementor-element elementor-element-0590b5b elementor-widget thim-widget-courses\" data-id=\"0590b5b\" data-element_type=\"widget\" data-e-type=\"widget\" data-widget_type=\"thim-courses.default\">\n\t\t\t\t<div class=\"elementor-widget-container\">\n\t\t\t\t\t\t<div class=\"thim-course-grid\">\n\t\t\t\t\t<div class=\"lpr_course course-grid-3\">\n\t\t\t\t<div class=\"course-item\">\n\t\t\t\t\t<div class=\"course-thumbnail\">\n\t\t\t\t\t\t<a href=\"https:\/\/lifepath.eu\/de\/kurs\/realisiere-deine-traeume\/\">\n\t\t\t\t\t\t\t<img decoding=\"async\" src=\"https:\/\/lifepath.eu\/wp-content\/uploads\/2023\/02\/FE64C575-087B-4251-B979-4947FC383222-400x300.jpeg\" alt=\"Realisiere Deine Tr\u00e4ume\" title=\"FE64C575-087B-4251-B979-4947FC383222\"  width=\"400\" height=\"300\">\t\t\t\t\t\t<\/a>\n\t\t\t\t\t\t<a class=\"course-readmore\" href=\"https:\/\/lifepath.eu\/de\/kurs\/realisiere-deine-traeume\/\">Read More<\/a>\t\t\t\t\t<\/div>\n\t\t\t\t\t<div class=\"thim-course-content\">\n\t\t\t\t\t\t<h2 class=\"course-title\">\n\t\t\t\t\t\t\t<a href=\"https:\/\/lifepath.eu\/de\/kurs\/realisiere-deine-traeume\/\"> Realisiere Deine Tr\u00e4ume<\/a>\n\t\t\t\t\t\t<\/h2>\n\n\t\t\t\t\t\t<div class=\"middle\">\n\t\t\t\t\t\t\t\n<div class=\"course-author\">\n\t<img decoding=\"async\" alt=\"Benutzer-Avatar\" class=\"avatar\" src=\"https:\/\/secure.gravatar.com\/avatar\/4b7adb50a022fc0cf57949027398e10f72b269da71a3c34d3aedb73616ba2c15?s=250&amp;d=mm&amp;r=g\" width=\"250\" height=\"250\" \/>\t<div class=\"author-contain\">\n\t\t<label itemprop=\"jobTitle\">Teacher<\/label>\n\n\t\t<div class=\"value\" itemprop=\"name\">\n\t\t\t<a href=\"https:\/\/lifepath.eu\/de\/realisiere-deine-traeume\/\"> <span class=\"instructor-display-name\">Daniela Delmonego<\/span><\/a>\t\t<\/div>\n\t<\/div>\n<\/div>\n\n<div class=\"course-students\">\n\t<label>Students<\/label>\n\t<div class=\"value\"><i class=\"fa fa-group\"><\/i>\n\t\t0\t<\/div>\n<\/div>\n\t\t\t\t\t\t<\/div>\n\t\t\t\t\t\t<div class=\"course-meta\">\n\t\t\t\t\t\t\t\t\t\t\t\t\t\t<div class=\"course-price\" itemprop=\"offers\" itemscope itemtype=\"http:\/\/schema.org\/Offer\">\n\t\t\t\t\t\t\t\t\r\n<div class=\"course-price\">\r\n\t<span class=\"course-item-price\"> <span class=\"origin-price\">95,00 &euro;<\/span><span class=\"price\">75,00 &euro;<\/span> <\/span><\/div>\r\n\t\t\t\t\t\t\t<\/div>\n\t\t\t\t\t\t<\/div>\n\t\t\t\t\t<\/div>\n\t\t\t\t<\/div>\n\t\t\t<\/div>\n\t\t\t\t\t\t<div class=\"lpr_course course-grid-3\">\n\t\t\t\t<div class=\"course-item\">\n\t\t\t\t\t<div class=\"course-thumbnail\">\n\t\t\t\t\t\t<a href=\"https:\/\/lifepath.eu\/de\/kurs\/glaubenssaetze\/\">\n\t\t\t\t\t\t\t<img loading=\"lazy\" decoding=\"async\" src=\"https:\/\/lifepath.eu\/wp-content\/uploads\/2023\/02\/EE07DCD7-BF5D-497F-80E3-2876624F77BD-400x300.jpeg\" alt=\"Glaubenss\u00e4tze: Mach sie Dir zu Nutze!\" title=\"EE07DCD7-BF5D-497F-80E3-2876624F77BD\"  width=\"400\" height=\"300\">\t\t\t\t\t\t<\/a>\n\t\t\t\t\t\t<a class=\"course-readmore\" href=\"https:\/\/lifepath.eu\/de\/kurs\/glaubenssaetze\/\">Read More<\/a>\t\t\t\t\t<\/div>\n\t\t\t\t\t<div class=\"thim-course-content\">\n\t\t\t\t\t\t<h2 class=\"course-title\">\n\t\t\t\t\t\t\t<a href=\"https:\/\/lifepath.eu\/de\/kurs\/glaubenssaetze\/\"> Glaubenss\u00e4tze: Mach sie Dir zu Nutze!<\/a>\n\t\t\t\t\t\t<\/h2>\n\n\t\t\t\t\t\t<div class=\"middle\">\n\t\t\t\t\t\t\t\n<div class=\"course-author\">\n\t<img decoding=\"async\" alt=\"Benutzer-Avatar\" class=\"avatar\" src=\"https:\/\/secure.gravatar.com\/avatar\/4b7adb50a022fc0cf57949027398e10f72b269da71a3c34d3aedb73616ba2c15?s=250&amp;d=mm&amp;r=g\" width=\"250\" height=\"250\" \/>\t<div class=\"author-contain\">\n\t\t<label itemprop=\"jobTitle\">Teacher<\/label>\n\n\t\t<div class=\"value\" itemprop=\"name\">\n\t\t\t<a href=\"https:\/\/lifepath.eu\/de\/glaubenssaetze\/\"> <span class=\"instructor-display-name\">Daniela Delmonego<\/span><\/a>\t\t<\/div>\n\t<\/div>\n<\/div>\n\n<div class=\"course-students\">\n\t<label>Students<\/label>\n\t<div class=\"value\"><i class=\"fa fa-group\"><\/i>\n\t\t3\t<\/div>\n<\/div>\n\t\t\t\t\t\t<\/div>\n\t\t\t\t\t\t<div class=\"course-meta\">\n\t\t\t\t\t\t\t\t\t\t\t\t\t\t<div class=\"course-price\" itemprop=\"offers\" itemscope itemtype=\"http:\/\/schema.org\/Offer\">\n\t\t\t\t\t\t\t\t\r\n<div class=\"course-price\">\r\n\t<span class=\"course-item-price\"> <span class=\"price\">55,00 &euro;<\/span> <\/span><\/div>\r\n\t\t\t\t\t\t\t<\/div>\n\t\t\t\t\t\t<\/div>\n\t\t\t\t\t<\/div>\n\t\t\t\t<\/div>\n\t\t\t<\/div>\n\t\t\t\t\t\t<div class=\"lpr_course course-grid-3\">\n\t\t\t\t<div class=\"course-item\">\n\t\t\t\t\t<div class=\"course-thumbnail\">\n\t\t\t\t\t\t<a href=\"https:\/\/lifepath.eu\/de\/kurs\/stressmanagement\/\">\n\t\t\t\t\t\t\t<img loading=\"lazy\" decoding=\"async\" src=\"https:\/\/lifepath.eu\/wp-content\/uploads\/2023\/02\/D9438CA2-C46F-447D-A30A-7BC16F858E47-400x300.jpeg\" alt=\"Stress effizient verwalten\" title=\"D9438CA2-C46F-447D-A30A-7BC16F858E47\"  width=\"400\" height=\"300\">\t\t\t\t\t\t<\/a>\n\t\t\t\t\t\t<a class=\"course-readmore\" href=\"https:\/\/lifepath.eu\/de\/kurs\/stressmanagement\/\">Read More<\/a>\t\t\t\t\t<\/div>\n\t\t\t\t\t<div class=\"thim-course-content\">\n\t\t\t\t\t\t<h2 class=\"course-title\">\n\t\t\t\t\t\t\t<a href=\"https:\/\/lifepath.eu\/de\/kurs\/stressmanagement\/\"> Stress effizient verwalten<\/a>\n\t\t\t\t\t\t<\/h2>\n\n\t\t\t\t\t\t<div class=\"middle\">\n\t\t\t\t\t\t\t\n<div class=\"course-author\">\n\t<img decoding=\"async\" alt=\"Benutzer-Avatar\" class=\"avatar\" src=\"https:\/\/secure.gravatar.com\/avatar\/4b7adb50a022fc0cf57949027398e10f72b269da71a3c34d3aedb73616ba2c15?s=250&amp;d=mm&amp;r=g\" width=\"250\" height=\"250\" \/>\t<div class=\"author-contain\">\n\t\t<label itemprop=\"jobTitle\">Teacher<\/label>\n\n\t\t<div class=\"value\" itemprop=\"name\">\n\t\t\t<a href=\"https:\/\/lifepath.eu\/de\/stressmanagement\/\"> <span class=\"instructor-display-name\">Daniela Delmonego<\/span><\/a>\t\t<\/div>\n\t<\/div>\n<\/div>\n\n<div class=\"course-students\">\n\t<label>Students<\/label>\n\t<div class=\"value\"><i class=\"fa fa-group\"><\/i>\n\t\t9\t<\/div>\n<\/div>\n\t\t\t\t\t\t<\/div>\n\t\t\t\t\t\t<div class=\"course-meta\">\n\t\t\t\t\t\t\t\t\t\t\t\t\t\t<div class=\"course-price\" itemprop=\"offers\" itemscope itemtype=\"http:\/\/schema.org\/Offer\">\n\t\t\t\t\t\t\t\t\r\n<div class=\"course-price\">\r\n\t<span class=\"course-item-price\"> <span class=\"price\">75,00 &euro;<\/span> <\/span><\/div>\r\n\t\t\t\t\t\t\t<\/div>\n\t\t\t\t\t\t<\/div>\n\t\t\t\t\t<\/div>\n\t\t\t\t<\/div>\n\t\t\t<\/div>\n\t\t\t\t\t\t<div class=\"lpr_course course-grid-3\">\n\t\t\t\t<div class=\"course-item\">\n\t\t\t\t\t<div class=\"course-thumbnail\">\n\t\t\t\t\t\t<a href=\"https:\/\/lifepath.eu\/de\/kurs\/vorsaetze\/\">\n\t\t\t\t\t\t\t<img loading=\"lazy\" decoding=\"async\" src=\"https:\/\/lifepath.eu\/wp-content\/uploads\/2023\/02\/1FCD09DA-1AD7-41C6-8136-0D922469840C-400x300.jpeg\" alt=\"Vors\u00e4tze: Endlich umsetzbar\" title=\"1FCD09DA-1AD7-41C6-8136-0D922469840C\"  width=\"400\" height=\"300\">\t\t\t\t\t\t<\/a>\n\t\t\t\t\t\t<a class=\"course-readmore\" href=\"https:\/\/lifepath.eu\/de\/kurs\/vorsaetze\/\">Read More<\/a>\t\t\t\t\t<\/div>\n\t\t\t\t\t<div class=\"thim-course-content\">\n\t\t\t\t\t\t<h2 class=\"course-title\">\n\t\t\t\t\t\t\t<a href=\"https:\/\/lifepath.eu\/de\/kurs\/vorsaetze\/\"> Vors\u00e4tze: Endlich umsetzbar<\/a>\n\t\t\t\t\t\t<\/h2>\n\n\t\t\t\t\t\t<div class=\"middle\">\n\t\t\t\t\t\t\t\n<div class=\"course-author\">\n\t<img decoding=\"async\" alt=\"Benutzer-Avatar\" class=\"avatar\" src=\"https:\/\/secure.gravatar.com\/avatar\/4b7adb50a022fc0cf57949027398e10f72b269da71a3c34d3aedb73616ba2c15?s=250&amp;d=mm&amp;r=g\" width=\"250\" height=\"250\" \/>\t<div class=\"author-contain\">\n\t\t<label itemprop=\"jobTitle\">Teacher<\/label>\n\n\t\t<div class=\"value\" itemprop=\"name\">\n\t\t\t<a href=\"https:\/\/lifepath.eu\/de\/vorsaetze\/\"> <span class=\"instructor-display-name\">Daniela Delmonego<\/span><\/a>\t\t<\/div>\n\t<\/div>\n<\/div>\n\n<div class=\"course-students\">\n\t<label>Students<\/label>\n\t<div class=\"value\"><i class=\"fa fa-group\"><\/i>\n\t\t0\t<\/div>\n<\/div>\n\t\t\t\t\t\t<\/div>\n\t\t\t\t\t\t<div class=\"course-meta\">\n\t\t\t\t\t\t\t\t\t\t\t\t\t\t<div class=\"course-price\" itemprop=\"offers\" itemscope itemtype=\"http:\/\/schema.org\/Offer\">\n\t\t\t\t\t\t\t\t\r\n<div class=\"course-price\">\r\n\t<span class=\"course-item-price\"> <span class=\"price\">75,00 &euro;<\/span> <\/span><\/div>\r\n\t\t\t\t\t\t\t<\/div>\n\t\t\t\t\t\t<\/div>\n\t\t\t\t\t<\/div>\n\t\t\t\t<\/div>\n\t\t\t<\/div>\n\t\t\t\t<\/div>\n\t\t\t\t\t<\/div>\n\t\t\t\t<\/div>\n\t\t\t\t\t<\/div>\n\t\t<\/div>\n\t\t\t\t\t<\/div>\n\t\t<\/section>\n\t\t\t\t\t<\/div>\n\t\t<\/div>\n\t\t\t\t\t<\/div>\n\t\t<\/section>\n\t\t\t\t<\/div>\n\t\t","protected":false},"excerpt":{"rendered":"<p>WishlistRead More Ged\u00e4chtnis: Werde ein Pro im Lernen Teacher Daniela Delmonego Students 0 35.00 &euro; WishlistRead More Realisiere Deine Tr\u00e4ume Teacher Daniela Delmonego Students 0 95.00 &euro; 75.00 &euro; WishlistRead More Mentales Training: F\u00fcr ein funktionsf\u00e4higes Gehirn Teacher Daniela Delmonego [&hellip;]<\/p>\n","protected":false},"author":2,"featured_media":0,"parent":0,"menu_order":0,"comment_status":"closed","ping_status":"closed","template":"","meta":{"footnotes":""},"class_list":["post-9147","page","type-page","status-publish","hentry"],"yoast_head":"<!-- This site is optimized with the Yoast SEO plugin v27.5 - https:\/\/yoast.com\/product\/yoast-seo-wordpress\/ -->\n<title>Alle Online-Kurse - Mentaltraining als Lebensweg<\/title>\n<meta name=\"robots\" content=\"index, follow, max-snippet:-1, max-image-preview:large, max-video-preview:-1\" \/>\n<link rel=\"canonical\" href=\"https:\/\/lifepath.eu\/de\/alle-online-kurse\/\" \/>\n<meta property=\"og:locale\" content=\"de_DE\" \/>\n<meta property=\"og:type\" content=\"article\" \/>\n<meta property=\"og:title\" content=\"Alle Online-Kurse - Mentaltraining als Lebensweg\" \/>\n<meta property=\"og:description\" content=\"WishlistRead More Ged\u00e4chtnis: Werde ein Pro im Lernen Teacher Daniela Delmonego Students 0 35.00 &euro; WishlistRead More Realisiere Deine Tr\u00e4ume Teacher Daniela Delmonego Students 0 95.00 &euro; 75.00 &euro; WishlistRead More Mentales Training: F\u00fcr ein funktionsf\u00e4higes Gehirn Teacher Daniela Delmonego [&hellip;]\" \/>\n<meta property=\"og:url\" content=\"https:\/\/lifepath.eu\/de\/alle-online-kurse\/\" \/>\n<meta property=\"og:site_name\" content=\"Mentaltraining als Lebensweg\" \/>\n<meta property=\"article:publisher\" content=\"https:\/\/www.facebook.com\/lifepath.eu\/\" \/>\n<meta property=\"article:modified_time\" content=\"2023-03-02T14:29:06+00:00\" \/>\n<meta property=\"og:image\" content=\"https:\/\/lifepath.eu\/wp-content\/uploads\/2023\/02\/C922C556-252E-4104-AC93-B850462ED246-400x300.jpeg\" \/>\n<meta name=\"twitter:card\" content=\"summary_large_image\" \/>\n<meta name=\"twitter:label1\" content=\"Gesch\u00e4tzte Lesezeit\" \/>\n\t<meta name=\"twitter:data1\" content=\"1\u00a0Minute\" \/>\n<script type=\"application\/ld+json\" class=\"yoast-schema-graph\">{\"@context\":\"https:\\\/\\\/schema.org\",\"@graph\":[{\"@type\":\"WebPage\",\"@id\":\"https:\\\/\\\/lifepath.eu\\\/de\\\/alle-online-kurse\\\/\",\"url\":\"https:\\\/\\\/lifepath.eu\\\/de\\\/alle-online-kurse\\\/\",\"name\":\"Alle Online-Kurse - Mentaltraining als Lebensweg\",\"isPartOf\":{\"@id\":\"https:\\\/\\\/lifepath.eu\\\/de\\\/#website\"},\"primaryImageOfPage\":{\"@id\":\"https:\\\/\\\/lifepath.eu\\\/de\\\/alle-online-kurse\\\/#primaryimage\"},\"image\":{\"@id\":\"https:\\\/\\\/lifepath.eu\\\/de\\\/alle-online-kurse\\\/#primaryimage\"},\"thumbnailUrl\":\"https:\\\/\\\/lifepath.eu\\\/wp-content\\\/uploads\\\/2023\\\/02\\\/C922C556-252E-4104-AC93-B850462ED246-400x300.jpeg\",\"datePublished\":\"2023-03-01T17:10:13+00:00\",\"dateModified\":\"2023-03-02T14:29:06+00:00\",\"breadcrumb\":{\"@id\":\"https:\\\/\\\/lifepath.eu\\\/de\\\/alle-online-kurse\\\/#breadcrumb\"},\"inLanguage\":\"de\",\"potentialAction\":[{\"@type\":\"ReadAction\",\"target\":[\"https:\\\/\\\/lifepath.eu\\\/de\\\/alle-online-kurse\\\/\"]}]},{\"@type\":\"ImageObject\",\"inLanguage\":\"de\",\"@id\":\"https:\\\/\\\/lifepath.eu\\\/de\\\/alle-online-kurse\\\/#primaryimage\",\"url\":\"https:\\\/\\\/lifepath.eu\\\/wp-content\\\/uploads\\\/2023\\\/02\\\/C922C556-252E-4104-AC93-B850462ED246-400x300.jpeg\",\"contentUrl\":\"https:\\\/\\\/lifepath.eu\\\/wp-content\\\/uploads\\\/2023\\\/02\\\/C922C556-252E-4104-AC93-B850462ED246-400x300.jpeg\"},{\"@type\":\"BreadcrumbList\",\"@id\":\"https:\\\/\\\/lifepath.eu\\\/de\\\/alle-online-kurse\\\/#breadcrumb\",\"itemListElement\":[{\"@type\":\"ListItem\",\"position\":1,\"name\":\"Startseite\",\"item\":\"https:\\\/\\\/lifepath.eu\\\/de\\\/\"},{\"@type\":\"ListItem\",\"position\":2,\"name\":\"Alle Online-Kurse\"}]},{\"@type\":\"WebSite\",\"@id\":\"https:\\\/\\\/lifepath.eu\\\/de\\\/#website\",\"url\":\"https:\\\/\\\/lifepath.eu\\\/de\\\/\",\"name\":\"Mentaltraining als Lebensweg\",\"description\":\"Deine Online-Pers\u00f6nlichkeitsentwicklung\",\"publisher\":{\"@id\":\"https:\\\/\\\/lifepath.eu\\\/de\\\/#organization\"},\"potentialAction\":[{\"@type\":\"SearchAction\",\"target\":{\"@type\":\"EntryPoint\",\"urlTemplate\":\"https:\\\/\\\/lifepath.eu\\\/de\\\/?s={search_term_string}\"},\"query-input\":{\"@type\":\"PropertyValueSpecification\",\"valueRequired\":true,\"valueName\":\"search_term_string\"}}],\"inLanguage\":\"de\"},{\"@type\":\"Organization\",\"@id\":\"https:\\\/\\\/lifepath.eu\\\/de\\\/#organization\",\"name\":\"Lifepath\",\"url\":\"https:\\\/\\\/lifepath.eu\\\/de\\\/\",\"logo\":{\"@type\":\"ImageObject\",\"inLanguage\":\"de\",\"@id\":\"https:\\\/\\\/lifepath.eu\\\/de\\\/#\\\/schema\\\/logo\\\/image\\\/\",\"url\":\"https:\\\/\\\/lifepath.eu\\\/wp-content\\\/uploads\\\/2023\\\/02\\\/LIFEPATH-LOGO-final.png\",\"contentUrl\":\"https:\\\/\\\/lifepath.eu\\\/wp-content\\\/uploads\\\/2023\\\/02\\\/LIFEPATH-LOGO-final.png\",\"width\":388,\"height\":266,\"caption\":\"Lifepath\"},\"image\":{\"@id\":\"https:\\\/\\\/lifepath.eu\\\/de\\\/#\\\/schema\\\/logo\\\/image\\\/\"},\"sameAs\":[\"https:\\\/\\\/www.facebook.com\\\/lifepath.eu\\\/\",\"https:\\\/\\\/www.instagram.com\\\/lifepath.eu\\\/\"]}]}<\/script>\n<!-- \/ Yoast SEO plugin. -->","yoast_head_json":{"title":"Alle Online-Kurse - Mentaltraining als Lebensweg","robots":{"index":"index","follow":"follow","max-snippet":"max-snippet:-1","max-image-preview":"max-image-preview:large","max-video-preview":"max-video-preview:-1"},"canonical":"https:\/\/lifepath.eu\/de\/alle-online-kurse\/","og_locale":"de_DE","og_type":"article","og_title":"Alle Online-Kurse - Mentaltraining als Lebensweg","og_description":"WishlistRead More Ged\u00e4chtnis: Werde ein Pro im Lernen Teacher Daniela Delmonego Students 0 35.00 &euro; WishlistRead More Realisiere Deine Tr\u00e4ume Teacher Daniela Delmonego Students 0 95.00 &euro; 75.00 &euro; WishlistRead More Mentales Training: F\u00fcr ein funktionsf\u00e4higes Gehirn Teacher Daniela Delmonego [&hellip;]","og_url":"https:\/\/lifepath.eu\/de\/alle-online-kurse\/","og_site_name":"Mentaltraining als Lebensweg","article_publisher":"https:\/\/www.facebook.com\/lifepath.eu\/","article_modified_time":"2023-03-02T14:29:06+00:00","og_image":[{"url":"https:\/\/lifepath.eu\/wp-content\/uploads\/2023\/02\/C922C556-252E-4104-AC93-B850462ED246-400x300.jpeg","type":"","width":"","height":""}],"twitter_card":"summary_large_image","twitter_misc":{"Gesch\u00e4tzte Lesezeit":"1\u00a0Minute"},"schema":{"@context":"https:\/\/schema.org","@graph":[{"@type":"WebPage","@id":"https:\/\/lifepath.eu\/de\/alle-online-kurse\/","url":"https:\/\/lifepath.eu\/de\/alle-online-kurse\/","name":"Alle Online-Kurse - Mentaltraining als Lebensweg","isPartOf":{"@id":"https:\/\/lifepath.eu\/de\/#website"},"primaryImageOfPage":{"@id":"https:\/\/lifepath.eu\/de\/alle-online-kurse\/#primaryimage"},"image":{"@id":"https:\/\/lifepath.eu\/de\/alle-online-kurse\/#primaryimage"},"thumbnailUrl":"https:\/\/lifepath.eu\/wp-content\/uploads\/2023\/02\/C922C556-252E-4104-AC93-B850462ED246-400x300.jpeg","datePublished":"2023-03-01T17:10:13+00:00","dateModified":"2023-03-02T14:29:06+00:00","breadcrumb":{"@id":"https:\/\/lifepath.eu\/de\/alle-online-kurse\/#breadcrumb"},"inLanguage":"de","potentialAction":[{"@type":"ReadAction","target":["https:\/\/lifepath.eu\/de\/alle-online-kurse\/"]}]},{"@type":"ImageObject","inLanguage":"de","@id":"https:\/\/lifepath.eu\/de\/alle-online-kurse\/#primaryimage","url":"https:\/\/lifepath.eu\/wp-content\/uploads\/2023\/02\/C922C556-252E-4104-AC93-B850462ED246-400x300.jpeg","contentUrl":"https:\/\/lifepath.eu\/wp-content\/uploads\/2023\/02\/C922C556-252E-4104-AC93-B850462ED246-400x300.jpeg"},{"@type":"BreadcrumbList","@id":"https:\/\/lifepath.eu\/de\/alle-online-kurse\/#breadcrumb","itemListElement":[{"@type":"ListItem","position":1,"name":"Startseite","item":"https:\/\/lifepath.eu\/de\/"},{"@type":"ListItem","position":2,"name":"Alle Online-Kurse"}]},{"@type":"WebSite","@id":"https:\/\/lifepath.eu\/de\/#website","url":"https:\/\/lifepath.eu\/de\/","name":"Mentaltraining als Lebensweg","description":"Deine Online-Pers\u00f6nlichkeitsentwicklung","publisher":{"@id":"https:\/\/lifepath.eu\/de\/#organization"},"potentialAction":[{"@type":"SearchAction","target":{"@type":"EntryPoint","urlTemplate":"https:\/\/lifepath.eu\/de\/?s={search_term_string}"},"query-input":{"@type":"PropertyValueSpecification","valueRequired":true,"valueName":"search_term_string"}}],"inLanguage":"de"},{"@type":"Organization","@id":"https:\/\/lifepath.eu\/de\/#organization","name":"Lifepath","url":"https:\/\/lifepath.eu\/de\/","logo":{"@type":"ImageObject","inLanguage":"de","@id":"https:\/\/lifepath.eu\/de\/#\/schema\/logo\/image\/","url":"https:\/\/lifepath.eu\/wp-content\/uploads\/2023\/02\/LIFEPATH-LOGO-final.png","contentUrl":"https:\/\/lifepath.eu\/wp-content\/uploads\/2023\/02\/LIFEPATH-LOGO-final.png","width":388,"height":266,"caption":"Lifepath"},"image":{"@id":"https:\/\/lifepath.eu\/de\/#\/schema\/logo\/image\/"},"sameAs":["https:\/\/www.facebook.com\/lifepath.eu\/","https:\/\/www.instagram.com\/lifepath.eu\/"]}]}},"_links":{"self":[{"href":"https:\/\/lifepath.eu\/de\/wp-json\/wp\/v2\/pages\/9147","targetHints":{"allow":["GET"]}}],"collection":[{"href":"https:\/\/lifepath.eu\/de\/wp-json\/wp\/v2\/pages"}],"about":[{"href":"https:\/\/lifepath.eu\/de\/wp-json\/wp\/v2\/types\/page"}],"author":[{"embeddable":true,"href":"https:\/\/lifepath.eu\/de\/wp-json\/wp\/v2\/users\/2"}],"replies":[{"embeddable":true,"href":"https:\/\/lifepath.eu\/de\/wp-json\/wp\/v2\/comments?post=9147"}],"version-history":[{"count":0,"href":"https:\/\/lifepath.eu\/de\/wp-json\/wp\/v2\/pages\/9147\/revisions"}],"wp:attachment":[{"href":"https:\/\/lifepath.eu\/de\/wp-json\/wp\/v2\/media?parent=9147"}],"curies":[{"name":"wp","href":"https:\/\/api.w.org\/{rel}","templated":true}]}}