{"id":9647,"date":"2023-05-24T11:28:52","date_gmt":"2023-05-24T09:28:52","guid":{"rendered":"https:\/\/lifepath.eu\/?page_id=9647"},"modified":"2023-07-20T15:44:30","modified_gmt":"2023-07-20T13:44:30","slug":"buecher","status":"publish","type":"page","link":"https:\/\/lifepath.eu\/de\/buecher\/","title":{"rendered":"B\u00fccher"},"content":{"rendered":"\n<p>Es gibt keinen perfekten Ratgeber f\u00fcr das eigene Leben. Sie sind eher ein Ansporn oder ein Wegweiser, an sich selbst zu arbeiten. Die eigentliche Arbeit liegt schlie\u00dflich im \u201eAn-sich-arbeiten\u201c. Oft sind wir dabei leider Experten darin uns selbst zu bel\u00fcgen, was es schwieriger macht voranzukommen. Trotzdem sind diese Ratgeber interessant, geben Einblick in die Pers\u00f6nlichkeitsentwicklung und enthalten ein paar \u00dcbungen und Ideen, wie man das eigene Leben in die Hand nehmen kann. Weitere B\u00fccher in englisch oder italienisch findest Du auf der jeweiligen englischen oder italienischen Seite.<\/p>\n\n\n\n<h2 class=\"wp-block-heading\">Mentaltraining<\/h2>\n\n\n\n<figure class=\"wp-block-embed is-type-rich is-provider-amazon wp-block-embed-amazon\"><div class=\"wp-block-embed__wrapper\">\n<iframe title=\"Mentaltraining: Lerne durch mentales Training die Grundlagen f\u00fcr mentale St\u00e4rke kennen und anzuwenden (German Edition)\" type=\"text\/html\" width=\"640\" height=\"550\" style=\"border: none\" allowfullscreen style=\"max-width:100%\" src=\"https:\/\/leggi.amazon.it\/kp\/card?preview=inline&#038;linkCode=kpd&#038;ref_=k4w_oembed_JCirkfGVpOeKgV&#038;asin=B07YYJGW2D&#038;tag=delaless0f-21\"><\/iframe>\n<\/div><\/figure>\n\n\n\n<h2 class=\"wp-block-heading\">Coaching<\/h2>\n\n\n\n<figure class=\"wp-block-embed is-type-rich is-provider-amazon wp-block-embed-amazon\"><div class=\"wp-block-embed__wrapper\">\n<iframe title=\"Coach dich selbst, sonst coacht dich keiner: 101 Tipps zur Verwirklichung Ihrer beruflichen und privaten Ziele (German Edition)\" type=\"text\/html\" width=\"640\" height=\"550\" style=\"border: none\" allowfullscreen style=\"max-width:100%\" src=\"https:\/\/leggi.amazon.it\/kp\/card?preview=inline&#038;linkCode=kpd&#038;ref_=k4w_oembed_5egeFWcN4ldN4X&#038;asin=B006OUB0BI&#038;tag=delaless0f-21\"><\/iframe>\n<\/div><\/figure>\n\n\n\n<figure class=\"wp-block-embed is-type-rich is-provider-amazon wp-block-embed-amazon\"><div class=\"wp-block-embed__wrapper\">\n<iframe title=\"Ich k\u00f6nnte alles tun, wenn ich nur w\u00fcsste, was ich will (German Edition)\" type=\"text\/html\" width=\"640\" height=\"550\" style=\"border: none\" allowfullscreen style=\"max-width:100%\" src=\"https:\/\/leggi.amazon.it\/kp\/card?preview=inline&#038;linkCode=kpd&#038;ref_=k4w_oembed_Y0IEj33fBPgLoH&#038;asin=B01GRS9TXC&#038;tag=delaless0f-21\"><\/iframe>\n<\/div><\/figure>\n","protected":false},"excerpt":{"rendered":"<p>Es gibt keinen perfekten Ratgeber f\u00fcr das eigene Leben. Sie sind eher ein Ansporn oder ein Wegweiser, an sich selbst zu arbeiten. Die eigentliche Arbeit liegt schlie\u00dflich im \u201eAn-sich-arbeiten\u201c. Oft sind wir dabei leider Experten darin uns selbst zu bel\u00fcgen, [&hellip;]<\/p>\n","protected":false},"author":2,"featured_media":0,"parent":0,"menu_order":0,"comment_status":"closed","ping_status":"closed","template":"","meta":{"footnotes":""},"class_list":["post-9647","page","type-page","status-publish","hentry"],"yoast_head":"<!-- This site is optimized with the Yoast SEO plugin v27.3 - https:\/\/yoast.com\/product\/yoast-seo-wordpress\/ -->\n<title>B\u00fccher - Mentaltraining als Lebensweg<\/title>\n<meta name=\"robots\" content=\"index, follow, max-snippet:-1, max-image-preview:large, max-video-preview:-1\" \/>\n<link rel=\"canonical\" href=\"https:\/\/lifepath.eu\/de\/buecher\/\" \/>\n<meta property=\"og:locale\" content=\"de_DE\" \/>\n<meta property=\"og:type\" content=\"article\" \/>\n<meta property=\"og:title\" content=\"B\u00fccher - Mentaltraining als Lebensweg\" \/>\n<meta property=\"og:description\" content=\"Es gibt keinen perfekten Ratgeber f\u00fcr das eigene Leben. Sie sind eher ein Ansporn oder ein Wegweiser, an sich selbst zu arbeiten. Die eigentliche Arbeit liegt schlie\u00dflich im \u201eAn-sich-arbeiten\u201c. Oft sind wir dabei leider Experten darin uns selbst zu bel\u00fcgen, [&hellip;]\" \/>\n<meta property=\"og:url\" content=\"https:\/\/lifepath.eu\/de\/buecher\/\" \/>\n<meta property=\"og:site_name\" content=\"Mentaltraining als Lebensweg\" \/>\n<meta property=\"article:publisher\" content=\"https:\/\/www.facebook.com\/lifepath.eu\/\" \/>\n<meta property=\"article:modified_time\" content=\"2023-07-20T13:44:30+00:00\" \/>\n<meta name=\"twitter:card\" content=\"summary_large_image\" \/>\n<meta name=\"twitter:label1\" content=\"Gesch\u00e4tzte Lesezeit\" \/>\n\t<meta name=\"twitter:data1\" content=\"1\u00a0Minute\" \/>\n<script type=\"application\/ld+json\" class=\"yoast-schema-graph\">{\"@context\":\"https:\\\/\\\/schema.org\",\"@graph\":[{\"@type\":\"WebPage\",\"@id\":\"https:\\\/\\\/lifepath.eu\\\/de\\\/buecher\\\/\",\"url\":\"https:\\\/\\\/lifepath.eu\\\/de\\\/buecher\\\/\",\"name\":\"B\u00fccher - Mentaltraining als Lebensweg\",\"isPartOf\":{\"@id\":\"https:\\\/\\\/lifepath.eu\\\/de\\\/#website\"},\"datePublished\":\"2023-05-24T09:28:52+00:00\",\"dateModified\":\"2023-07-20T13:44:30+00:00\",\"breadcrumb\":{\"@id\":\"https:\\\/\\\/lifepath.eu\\\/de\\\/buecher\\\/#breadcrumb\"},\"inLanguage\":\"de\",\"potentialAction\":[{\"@type\":\"ReadAction\",\"target\":[\"https:\\\/\\\/lifepath.eu\\\/de\\\/buecher\\\/\"]}]},{\"@type\":\"BreadcrumbList\",\"@id\":\"https:\\\/\\\/lifepath.eu\\\/de\\\/buecher\\\/#breadcrumb\",\"itemListElement\":[{\"@type\":\"ListItem\",\"position\":1,\"name\":\"Startseite\",\"item\":\"https:\\\/\\\/lifepath.eu\\\/de\\\/\"},{\"@type\":\"ListItem\",\"position\":2,\"name\":\"B\u00fccher\"}]},{\"@type\":\"WebSite\",\"@id\":\"https:\\\/\\\/lifepath.eu\\\/de\\\/#website\",\"url\":\"https:\\\/\\\/lifepath.eu\\\/de\\\/\",\"name\":\"Mentaltraining als Lebensweg\",\"description\":\"Deine Online-Pers\u00f6nlichkeitsentwicklung\",\"publisher\":{\"@id\":\"https:\\\/\\\/lifepath.eu\\\/de\\\/#organization\"},\"potentialAction\":[{\"@type\":\"SearchAction\",\"target\":{\"@type\":\"EntryPoint\",\"urlTemplate\":\"https:\\\/\\\/lifepath.eu\\\/de\\\/?s={search_term_string}\"},\"query-input\":{\"@type\":\"PropertyValueSpecification\",\"valueRequired\":true,\"valueName\":\"search_term_string\"}}],\"inLanguage\":\"de\"},{\"@type\":\"Organization\",\"@id\":\"https:\\\/\\\/lifepath.eu\\\/de\\\/#organization\",\"name\":\"Lifepath\",\"url\":\"https:\\\/\\\/lifepath.eu\\\/de\\\/\",\"logo\":{\"@type\":\"ImageObject\",\"inLanguage\":\"de\",\"@id\":\"https:\\\/\\\/lifepath.eu\\\/de\\\/#\\\/schema\\\/logo\\\/image\\\/\",\"url\":\"https:\\\/\\\/lifepath.eu\\\/wp-content\\\/uploads\\\/2023\\\/02\\\/LIFEPATH-LOGO-final.png\",\"contentUrl\":\"https:\\\/\\\/lifepath.eu\\\/wp-content\\\/uploads\\\/2023\\\/02\\\/LIFEPATH-LOGO-final.png\",\"width\":388,\"height\":266,\"caption\":\"Lifepath\"},\"image\":{\"@id\":\"https:\\\/\\\/lifepath.eu\\\/de\\\/#\\\/schema\\\/logo\\\/image\\\/\"},\"sameAs\":[\"https:\\\/\\\/www.facebook.com\\\/lifepath.eu\\\/\",\"https:\\\/\\\/www.instagram.com\\\/lifepath.eu\\\/\"]}]}<\/script>\n<!-- \/ Yoast SEO plugin. -->","yoast_head_json":{"title":"B\u00fccher - Mentaltraining als Lebensweg","robots":{"index":"index","follow":"follow","max-snippet":"max-snippet:-1","max-image-preview":"max-image-preview:large","max-video-preview":"max-video-preview:-1"},"canonical":"https:\/\/lifepath.eu\/de\/buecher\/","og_locale":"de_DE","og_type":"article","og_title":"B\u00fccher - Mentaltraining als Lebensweg","og_description":"Es gibt keinen perfekten Ratgeber f\u00fcr das eigene Leben. Sie sind eher ein Ansporn oder ein Wegweiser, an sich selbst zu arbeiten. Die eigentliche Arbeit liegt schlie\u00dflich im \u201eAn-sich-arbeiten\u201c. Oft sind wir dabei leider Experten darin uns selbst zu bel\u00fcgen, [&hellip;]","og_url":"https:\/\/lifepath.eu\/de\/buecher\/","og_site_name":"Mentaltraining als Lebensweg","article_publisher":"https:\/\/www.facebook.com\/lifepath.eu\/","article_modified_time":"2023-07-20T13:44:30+00:00","twitter_card":"summary_large_image","twitter_misc":{"Gesch\u00e4tzte Lesezeit":"1\u00a0Minute"},"schema":{"@context":"https:\/\/schema.org","@graph":[{"@type":"WebPage","@id":"https:\/\/lifepath.eu\/de\/buecher\/","url":"https:\/\/lifepath.eu\/de\/buecher\/","name":"B\u00fccher - Mentaltraining als Lebensweg","isPartOf":{"@id":"https:\/\/lifepath.eu\/de\/#website"},"datePublished":"2023-05-24T09:28:52+00:00","dateModified":"2023-07-20T13:44:30+00:00","breadcrumb":{"@id":"https:\/\/lifepath.eu\/de\/buecher\/#breadcrumb"},"inLanguage":"de","potentialAction":[{"@type":"ReadAction","target":["https:\/\/lifepath.eu\/de\/buecher\/"]}]},{"@type":"BreadcrumbList","@id":"https:\/\/lifepath.eu\/de\/buecher\/#breadcrumb","itemListElement":[{"@type":"ListItem","position":1,"name":"Startseite","item":"https:\/\/lifepath.eu\/de\/"},{"@type":"ListItem","position":2,"name":"B\u00fccher"}]},{"@type":"WebSite","@id":"https:\/\/lifepath.eu\/de\/#website","url":"https:\/\/lifepath.eu\/de\/","name":"Mentaltraining als Lebensweg","description":"Deine Online-Pers\u00f6nlichkeitsentwicklung","publisher":{"@id":"https:\/\/lifepath.eu\/de\/#organization"},"potentialAction":[{"@type":"SearchAction","target":{"@type":"EntryPoint","urlTemplate":"https:\/\/lifepath.eu\/de\/?s={search_term_string}"},"query-input":{"@type":"PropertyValueSpecification","valueRequired":true,"valueName":"search_term_string"}}],"inLanguage":"de"},{"@type":"Organization","@id":"https:\/\/lifepath.eu\/de\/#organization","name":"Lifepath","url":"https:\/\/lifepath.eu\/de\/","logo":{"@type":"ImageObject","inLanguage":"de","@id":"https:\/\/lifepath.eu\/de\/#\/schema\/logo\/image\/","url":"https:\/\/lifepath.eu\/wp-content\/uploads\/2023\/02\/LIFEPATH-LOGO-final.png","contentUrl":"https:\/\/lifepath.eu\/wp-content\/uploads\/2023\/02\/LIFEPATH-LOGO-final.png","width":388,"height":266,"caption":"Lifepath"},"image":{"@id":"https:\/\/lifepath.eu\/de\/#\/schema\/logo\/image\/"},"sameAs":["https:\/\/www.facebook.com\/lifepath.eu\/","https:\/\/www.instagram.com\/lifepath.eu\/"]}]}},"_links":{"self":[{"href":"https:\/\/lifepath.eu\/de\/wp-json\/wp\/v2\/pages\/9647","targetHints":{"allow":["GET"]}}],"collection":[{"href":"https:\/\/lifepath.eu\/de\/wp-json\/wp\/v2\/pages"}],"about":[{"href":"https:\/\/lifepath.eu\/de\/wp-json\/wp\/v2\/types\/page"}],"author":[{"embeddable":true,"href":"https:\/\/lifepath.eu\/de\/wp-json\/wp\/v2\/users\/2"}],"replies":[{"embeddable":true,"href":"https:\/\/lifepath.eu\/de\/wp-json\/wp\/v2\/comments?post=9647"}],"version-history":[{"count":0,"href":"https:\/\/lifepath.eu\/de\/wp-json\/wp\/v2\/pages\/9647\/revisions"}],"wp:attachment":[{"href":"https:\/\/lifepath.eu\/de\/wp-json\/wp\/v2\/media?parent=9647"}],"curies":[{"name":"wp","href":"https:\/\/api.w.org\/{rel}","templated":true}]}}