{"id":10673,"date":"2016-04-20T17:49:46","date_gmt":"2016-04-20T15:49:46","guid":{"rendered":"https:\/\/lifepath.eu\/su-di-me\/"},"modified":"2025-01-31T12:02:40","modified_gmt":"2025-01-31T11:02:40","slug":"su-di-me","status":"publish","type":"page","link":"https:\/\/lifepath.eu\/it\/su-di-me\/","title":{"rendered":"Su di me"},"content":{"rendered":"\t\t<div data-elementor-type=\"wp-post\" data-elementor-id=\"10673\" class=\"elementor elementor-10673 elementor-5644\">\n\t\t\t\t\t\t<section class=\"elementor-section elementor-top-section elementor-element elementor-element-1757dcb1 thim_1_col_tablet elementor-section-boxed elementor-section-height-default elementor-section-height-default\" data-id=\"1757dcb1\" data-element_type=\"section\" data-e-type=\"section\">\n\t\t\t\t\t\t<div class=\"elementor-container elementor-column-gap-extended\">\n\t\t\t\t\t<div class=\"elementor-column elementor-col-50 elementor-top-column elementor-element elementor-element-19d46503\" data-id=\"19d46503\" data-element_type=\"column\" data-e-type=\"column\">\n\t\t\t<div class=\"elementor-widget-wrap elementor-element-populated\">\n\t\t\t\t\t\t<div class=\"elementor-element elementor-element-580c427e elementor-widget elementor-widget-wp-widget-text\" data-id=\"580c427e\" data-element_type=\"widget\" data-e-type=\"widget\" data-widget_type=\"wp-widget-text.default\">\n\t\t\t\t<div class=\"elementor-widget-container\">\n\t\t\t\t\t<h5>Ciao, mi chiamo Daniela Delmonego<\/h5>\t\t\t<div class=\"textwidget\"><\/div>\n\t\t\t\t\t\t<\/div>\n\t\t\t\t<\/div>\n\t\t\t\t<div class=\"elementor-element elementor-element-77ad1623 elementor-widget elementor-widget-wp-widget-text\" data-id=\"77ad1623\" data-element_type=\"widget\" data-e-type=\"widget\" data-widget_type=\"wp-widget-text.default\">\n\t\t\t\t<div class=\"elementor-widget-container\">\n\t\t\t\t\t\t\t\t<div class=\"textwidget\"><p>&#8230;e sono una <strong>mental coach<\/strong> (trainer mentale) laureata in psicologia e scienze della comunicazione. In ottobre 2024 ho concluso i miei studi in <strong>Psicologia Comportamenta<\/strong>le e <strong>Cognitiva<\/strong> Applicata, il che \u00e8 molto stimolante e mi permette di supportarti con un know-how ancora maggiore.<\/p>\n<p>Dal marzo 2021 lavoro in proprio come mental coach sotto il nome di <b>Lifepath<\/b>.<\/p>\n<p>Il progetto <b>MyLife<\/b> (&#8220;La mia vita&#8221;), invece, \u00e8 nato gi\u00e0 nel 2017 dopo la mia formazione di mental coach e si \u00e8 sviluppato a partire dalla bozza originale del mind-mapping. Ora trovi questo progetto davanti a te sotto forma di un percorso formativo di un anno per guidarti attraverso le sfide del <b>tuo viaggio di vita<\/b>.<\/p>\n<\/div>\n\t\t\t\t\t\t<\/div>\n\t\t\t\t<\/div>\n\t\t\t\t\t<\/div>\n\t\t<\/div>\n\t\t\t\t<div class=\"elementor-column elementor-col-50 elementor-top-column elementor-element elementor-element-71285b3f\" data-id=\"71285b3f\" data-element_type=\"column\" data-e-type=\"column\">\n\t\t\t<div class=\"elementor-widget-wrap elementor-element-populated\">\n\t\t\t\t\t\t<div class=\"elementor-element elementor-element-74f3d97 elementor-widget elementor-widget-spacer\" data-id=\"74f3d97\" data-element_type=\"widget\" data-e-type=\"widget\" data-widget_type=\"spacer.default\">\n\t\t\t\t<div class=\"elementor-widget-container\">\n\t\t\t\t\t\t\t<div class=\"elementor-spacer\">\n\t\t\t<div class=\"elementor-spacer-inner\"><\/div>\n\t\t<\/div>\n\t\t\t\t\t\t<\/div>\n\t\t\t\t<\/div>\n\t\t\t\t<div class=\"elementor-element elementor-element-761d9ea3 elementor-widget elementor-widget-image\" data-id=\"761d9ea3\" data-element_type=\"widget\" data-e-type=\"widget\" data-widget_type=\"image.default\">\n\t\t\t\t<div class=\"elementor-widget-container\">\n\t\t\t\t\t\t\t\t\t\t\t\t\t\t\t<img fetchpriority=\"high\" decoding=\"async\" width=\"2000\" height=\"1333\" src=\"https:\/\/lifepath.eu\/wp-content\/uploads\/2023\/06\/Daniela_About_me.webp\" class=\"attachment-full size-full wp-image-10782\" alt=\"Mentaltrainerin Daniela\" srcset=\"https:\/\/lifepath.eu\/wp-content\/uploads\/2023\/06\/Daniela_About_me.webp 2000w, https:\/\/lifepath.eu\/wp-content\/uploads\/2023\/06\/Daniela_About_me-300x200.webp 300w, https:\/\/lifepath.eu\/wp-content\/uploads\/2023\/06\/Daniela_About_me-1024x682.webp 1024w, https:\/\/lifepath.eu\/wp-content\/uploads\/2023\/06\/Daniela_About_me-768x512.webp 768w, https:\/\/lifepath.eu\/wp-content\/uploads\/2023\/06\/Daniela_About_me-1536x1024.webp 1536w\" sizes=\"(max-width: 2000px) 100vw, 2000px\" \/>\t\t\t\t\t\t\t\t\t\t\t\t\t\t\t<\/div>\n\t\t\t\t<\/div>\n\t\t\t\t\t<\/div>\n\t\t<\/div>\n\t\t\t\t\t<\/div>\n\t\t<\/section>\n\t\t\t\t<section class=\"elementor-section elementor-top-section elementor-element elementor-element-1882bb45 elementor-section-stretched elementor-section-boxed elementor-section-height-default elementor-section-height-default\" data-id=\"1882bb45\" data-element_type=\"section\" data-e-type=\"section\" data-settings=\"{&quot;stretch_section&quot;:&quot;section-stretched&quot;,&quot;background_background&quot;:&quot;classic&quot;}\">\n\t\t\t\t\t\t<div class=\"elementor-container elementor-column-gap-no\">\n\t\t\t\t\t<div class=\"elementor-column elementor-col-100 elementor-top-column elementor-element elementor-element-3c646928\" data-id=\"3c646928\" data-element_type=\"column\" data-e-type=\"column\">\n\t\t\t<div class=\"elementor-widget-wrap elementor-element-populated\">\n\t\t\t\t\t\t<div class=\"elementor-element elementor-element-52a644d3 elementor-widget elementor-widget-thim-heading\" data-id=\"52a644d3\" data-element_type=\"widget\" data-e-type=\"widget\" data-widget_type=\"thim-heading.default\">\n\t\t\t\t<div class=\"elementor-widget-container\">\n\t\t\t\t\t<div class=\"sc_heading   text-center\"><h3 style=\"color:#333333;font-size:32px;font-weight:500;\" class=\"title\">La mia <strong>personalit\u00e0<\/strong><\/h3><span class=\"line\"><\/span><\/div>\t\t\t\t<\/div>\n\t\t\t\t<\/div>\n\t\t\t\t<section class=\"elementor-section elementor-inner-section elementor-element elementor-element-124119b3 thim-list-text elementor-section-boxed elementor-section-height-default elementor-section-height-default\" data-id=\"124119b3\" data-element_type=\"section\" data-e-type=\"section\">\n\t\t\t\t\t\t<div class=\"elementor-container elementor-column-gap-default\">\n\t\t\t\t\t<div class=\"elementor-column elementor-col-50 elementor-inner-column elementor-element elementor-element-5242cf6d\" data-id=\"5242cf6d\" data-element_type=\"column\" data-e-type=\"column\">\n\t\t\t<div class=\"elementor-widget-wrap elementor-element-populated\">\n\t\t\t\t\t\t<div class=\"elementor-element elementor-element-e46b0ae elementor-widget elementor-widget-image\" data-id=\"e46b0ae\" data-element_type=\"widget\" data-e-type=\"widget\" data-widget_type=\"image.default\">\n\t\t\t\t<div class=\"elementor-widget-container\">\n\t\t\t\t\t\t\t\t\t\t\t\t\t\t\t<img decoding=\"async\" width=\"640\" height=\"453\" src=\"https:\/\/lifepath.eu\/wp-content\/uploads\/2023\/09\/Argomenti-di-Lifepath-1024x724.png\" class=\"attachment-large size-large wp-image-11239\" alt=\"\" srcset=\"https:\/\/lifepath.eu\/wp-content\/uploads\/2023\/09\/Argomenti-di-Lifepath-1024x724.png 1024w, https:\/\/lifepath.eu\/wp-content\/uploads\/2023\/09\/Argomenti-di-Lifepath-300x212.png 300w, https:\/\/lifepath.eu\/wp-content\/uploads\/2023\/09\/Argomenti-di-Lifepath-768x543.png 768w, https:\/\/lifepath.eu\/wp-content\/uploads\/2023\/09\/Argomenti-di-Lifepath-1536x1086.png 1536w, https:\/\/lifepath.eu\/wp-content\/uploads\/2023\/09\/Argomenti-di-Lifepath.png 2000w\" sizes=\"(max-width: 640px) 100vw, 640px\" \/>\t\t\t\t\t\t\t\t\t\t\t\t\t\t\t<\/div>\n\t\t\t\t<\/div>\n\t\t\t\t\t<\/div>\n\t\t<\/div>\n\t\t\t\t<div class=\"elementor-column elementor-col-50 elementor-inner-column elementor-element elementor-element-a5160fe\" data-id=\"a5160fe\" data-element_type=\"column\" data-e-type=\"column\">\n\t\t\t<div class=\"elementor-widget-wrap elementor-element-populated\">\n\t\t\t\t\t\t<div class=\"elementor-element elementor-element-6c8b3030 elementor-widget elementor-widget-wp-widget-text\" data-id=\"6c8b3030\" data-element_type=\"widget\" data-e-type=\"widget\" data-widget_type=\"wp-widget-text.default\">\n\t\t\t\t<div class=\"elementor-widget-container\">\n\t\t\t\t\t\t\t\t<div class=\"textwidget\"><p>Mi piace fare domande. E sopratutto le giuste domande!<\/p>\n<p>Quelli che aprono una <strong>nuova prospettiv<\/strong>a, che ci fanno uscire dal problema per andare verso la <strong>soluzione<\/strong>. Quelli che ci liberano dalla prigione dei nostri pensieri abituali.<\/p>\n<p>Perch\u00e9 sono proprio queste domande a fornirci nuove comprensioni e prospettive. Insieme <strong>districhiamo<\/strong> le <strong>preoccupazioni<\/strong> pi\u00f9 diverse e troviamo un modo che si adatti alla tua attuale <strong>situazione di vita<\/strong>.<strong><br \/>\n<\/strong><\/p>\n<p>Per me l&#8217;<strong>apprezzamento<\/strong> e l&#8217;<strong>atteggiamento dialogico<\/strong> sono di grande importanza, perch\u00e9 creano uno spazio protetto in cui possiamo esplorare insieme i vostri problemi.<\/p>\n<p>A sinistra: Argomenti che mi ispirano.<\/p>\n<p>&nbsp;<\/p>\n<p>&nbsp;<\/p>\n<\/div>\n\t\t\t\t\t\t<\/div>\n\t\t\t\t<\/div>\n\t\t\t\t\t<\/div>\n\t\t<\/div>\n\t\t\t\t\t<\/div>\n\t\t<\/section>\n\t\t\t\t\t<\/div>\n\t\t<\/div>\n\t\t\t\t\t<\/div>\n\t\t<\/section>\n\t\t\t\t<section class=\"elementor-section elementor-top-section elementor-element elementor-element-4cb826b4 elementor-section-stretched elementor-section-boxed elementor-section-height-default elementor-section-height-default\" data-id=\"4cb826b4\" data-element_type=\"section\" data-e-type=\"section\" data-settings=\"{&quot;stretch_section&quot;:&quot;section-stretched&quot;,&quot;background_background&quot;:&quot;classic&quot;}\">\n\t\t\t\t\t\t\t<div class=\"elementor-background-overlay\"><\/div>\n\t\t\t\t\t\t\t<div class=\"elementor-container elementor-column-gap-default\">\n\t\t\t\t\t<div class=\"elementor-column elementor-col-100 elementor-top-column elementor-element elementor-element-50e97eb0\" data-id=\"50e97eb0\" data-element_type=\"column\" data-e-type=\"column\">\n\t\t\t<div class=\"elementor-widget-wrap elementor-element-populated\">\n\t\t\t\t\t\t<div class=\"elementor-element elementor-element-f13c676 elementor-widget elementor-widget-thim-heading\" data-id=\"f13c676\" data-element_type=\"widget\" data-e-type=\"widget\" data-widget_type=\"thim-heading.default\">\n\t\t\t\t<div class=\"elementor-widget-container\">\n\t\t\t\t\t<div class=\"sc_heading   text-center\"><h3 style=\"color:#FFFFFF;font-size:32px;font-weight:500;\" class=\"title\">Le mie stazioni di <strong>conoscenza<\/strong><\/h3><span style=\"background-color:#FFFFFF\" class=\"line\"><\/span><\/div>\t\t\t\t<\/div>\n\t\t\t\t<\/div>\n\t\t\t\t<div class=\"elementor-element elementor-element-5fed0ef5 elementor-widget thim-widget-timeline-slider\" data-id=\"5fed0ef5\" data-element_type=\"widget\" data-e-type=\"widget\" data-widget_type=\"thim-timeline-slider.default\">\n\t\t\t\t<div class=\"elementor-widget-container\">\n\t\t\t\t\t<div class=\"thim-timeline-slider\">\n\t<div class=\"container\">\n\t\t<div class=\"thim-carousel-wrapper \" data-navigation=\"1\"\n\t\t\tdata-visible=\"2\">\n\n\t\t\t\t\t\t\t<div class=\"item\">\n\t\t\t\t\t<div class=\"top\">\n\t\t\t\t\t\t<h3 class=\"title\">Scienza della Comunicazione<\/h3>\n\t\t\t\t\t\t<div class=\"description\">Laurea presso la Libera Universit\u00e0 di Bolzano<\/br>\nTrilingue: tedesco, italiano, inglese<\/br>\n<\/br>\n- Responsabili della comunicazione in amministrazioni e aziende in un contesto multilingue<\/br>\n- Psicologia della comunicazione<\/br>\n- Psicologia del lavoro e delle organizzazioni<\/br>\n- Metodi di lavoro di gruppo<\/br>\n- Sistemi informativi e gestione della conoscenza<\/br>\n- Progettazione web<\/br>\n- Linguistica<\/br>\n- ...<\/div>\n\t\t\t\t\t<\/div>\n\n\t\t\t\t\t<div class=\"bottom\">\n\t\t\t\t\t\t<div class=\"dot\"><\/div>\n\t\t\t\t\t\t<div class=\"time\">2012<\/div>\n\t\t\t\t\t<\/div>\n\t\t\t\t<\/div>\n\t\t\t\t\t\t\t<div class=\"item\">\n\t\t\t\t\t<div class=\"top\">\n\t\t\t\t\t\t<h3 class=\"title\">Formazione come mental coach<\/h3>\n\t\t\t\t\t\t<div class=\"description\">presso l'Accademia Cusanus di Bressanone <\/br>\n\nVisitato di nuovo nel 2019 come co-trainer <\/br>\n <\/br>\n- Il funzionamento del cervello e il potere dei pensieri e della mente inconscia <\/br>\n- Responsabilit\u00e0 personale, autogestione e autoconsapevolezza <\/br>\n- Pianificazione della vita e definizione degli obiettivi <\/br>\n- Il successo inizia nella mente <\/br>\n- Sciogliere paure e blocchi <\/br>\n- Rilassamento profondo e tecniche mentali in trance <\/br>\n- Salutogenese<\/div>\n\t\t\t\t\t<\/div>\n\n\t\t\t\t\t<div class=\"bottom\">\n\t\t\t\t\t\t<div class=\"dot\"><\/div>\n\t\t\t\t\t\t<div class=\"time\">2017<\/div>\n\t\t\t\t\t<\/div>\n\t\t\t\t<\/div>\n\t\t\t\t\t\t\t<div class=\"item\">\n\t\t\t\t\t<div class=\"top\">\n\t\t\t\t\t\t<h3 class=\"title\">Formazione e sviluppo del personale<\/h3>\n\t\t\t\t\t\t<div class=\"description\">presso la Volksbank<\/br>\n<\/br>\n- Coordinamento di vari progetti di formazione e corsi di formazione individuali<\/br>\n- Amministratore e gestore dei contenuti del portale LMS Docebo<\/br>\n- Sviluppo di report e statistiche sulla formazione<\/div>\n\t\t\t\t\t<\/div>\n\n\t\t\t\t\t<div class=\"bottom\">\n\t\t\t\t\t\t<div class=\"dot\"><\/div>\n\t\t\t\t\t\t<div class=\"time\">2017 - 2021<\/div>\n\t\t\t\t\t<\/div>\n\t\t\t\t<\/div>\n\t\t\t\t\t\t\t<div class=\"item\">\n\t\t\t\t\t<div class=\"top\">\n\t\t\t\t\t\t<h3 class=\"title\">Formazione come agente del cambiamento<\/h3>\n\t\t\t\t\t\t<div class=\"description\">organizzato da Blufink<\/br>\nDare forma al cambiamento in modo positivo:<\/br>\n<\/br>\n- Raggiungere la chiarezza interiore, costruire un atteggiamento dialogico<\/br>\n- Consentire un reale lavoro di squadra e collaborazione<\/br>\n- Strumenti e metodi<\/br>\n- Pratica su prototipi propri con coaching di accompagnamento<\/div>\n\t\t\t\t\t<\/div>\n\n\t\t\t\t\t<div class=\"bottom\">\n\t\t\t\t\t\t<div class=\"dot\"><\/div>\n\t\t\t\t\t\t<div class=\"time\">2022<\/div>\n\t\t\t\t\t<\/div>\n\t\t\t\t<\/div>\n\t\t\t\t\t\t\t<div class=\"item\">\n\t\t\t\t\t<div class=\"top\">\n\t\t\t\t\t\t<h3 class=\"title\">Psicologia comportamentale e cognitiva applicata<\/h3>\n\t\t\t\t\t\t<div class=\"description\">Master in Psicologia all'Universit\u00e0 Giustino Fortunato<\/br>\n\n- Psicologia dei cicli di vita<\/br>\n- Teoria dei test psicologici<\/br>\n- Psicologia della salute<\/br>\n- Benessere organizzativo e sviluppo delle performance<\/br>\n- Psicologia delle emozioni<\/br>\n- Psicologia relazionale<\/br>\n- Neuroscienze<\/div>\n\t\t\t\t\t<\/div>\n\n\t\t\t\t\t<div class=\"bottom\">\n\t\t\t\t\t\t<div class=\"dot\"><\/div>\n\t\t\t\t\t\t<div class=\"time\">2022-2024<\/div>\n\t\t\t\t\t<\/div>\n\t\t\t\t<\/div>\n\t\t\t\t\t<\/div>\n\t<\/div>\n\n\t<div class=\"line\"><\/div>\n<\/div>\n\t\t\t\t<\/div>\n\t\t\t\t<\/div>\n\t\t\t\t\t<\/div>\n\t\t<\/div>\n\t\t\t\t\t<\/div>\n\t\t<\/section>\n\t\t\t\t<\/div>\n\t\t","protected":false},"excerpt":{"rendered":"<p>La mia personalit\u00e0 Le mie stazioni di conoscenza Scienza della Comunicazione Laurea presso la Libera Universit\u00e0 di Bolzano Trilingue: tedesco, italiano, inglese &#8211; Responsabili della comunicazione in amministrazioni e aziende in un contesto multilingue &#8211; Psicologia della comunicazione &#8211; Psicologia [&hellip;]<\/p>\n","protected":false},"author":2,"featured_media":0,"parent":0,"menu_order":0,"comment_status":"closed","ping_status":"closed","template":"","meta":{"footnotes":""},"class_list":["post-10673","page","type-page","status-publish","hentry"],"yoast_head":"<!-- This site is optimized with the Yoast SEO plugin v27.3 - https:\/\/yoast.com\/product\/yoast-seo-wordpress\/ -->\n<title>Su di me - Il training mentale come stile di vita<\/title>\n<meta name=\"robots\" content=\"index, follow, max-snippet:-1, max-image-preview:large, max-video-preview:-1\" \/>\n<link rel=\"canonical\" href=\"https:\/\/lifepath.eu\/it\/su-di-me\/\" \/>\n<meta property=\"og:locale\" content=\"it_IT\" \/>\n<meta property=\"og:type\" content=\"article\" \/>\n<meta property=\"og:title\" content=\"Su di me - Il training mentale come stile di vita\" \/>\n<meta property=\"og:description\" content=\"La mia personalit\u00e0 Le mie stazioni di conoscenza Scienza della Comunicazione Laurea presso la Libera Universit\u00e0 di Bolzano Trilingue: tedesco, italiano, inglese &#8211; Responsabili della comunicazione in amministrazioni e aziende in un contesto multilingue &#8211; Psicologia della comunicazione &#8211; Psicologia [&hellip;]\" \/>\n<meta property=\"og:url\" content=\"https:\/\/lifepath.eu\/it\/su-di-me\/\" \/>\n<meta property=\"og:site_name\" content=\"Il training mentale come stile di vita\" \/>\n<meta property=\"article:publisher\" content=\"https:\/\/www.facebook.com\/lifepath.eu\/\" \/>\n<meta property=\"article:modified_time\" content=\"2025-01-31T11:02:40+00:00\" \/>\n<meta property=\"og:image\" content=\"https:\/\/lifepath.eu\/wp-content\/uploads\/2023\/06\/Daniela_About_me.webp\" \/>\n\t<meta property=\"og:image:width\" content=\"2000\" \/>\n\t<meta property=\"og:image:height\" content=\"1333\" \/>\n\t<meta property=\"og:image:type\" content=\"image\/webp\" \/>\n<meta name=\"twitter:card\" content=\"summary_large_image\" \/>\n<meta name=\"twitter:label1\" content=\"Tempo di lettura stimato\" \/>\n\t<meta name=\"twitter:data1\" content=\"4 minuti\" \/>\n<script type=\"application\/ld+json\" class=\"yoast-schema-graph\">{\"@context\":\"https:\\\/\\\/schema.org\",\"@graph\":[{\"@type\":\"WebPage\",\"@id\":\"https:\\\/\\\/lifepath.eu\\\/it\\\/su-di-me\\\/\",\"url\":\"https:\\\/\\\/lifepath.eu\\\/it\\\/su-di-me\\\/\",\"name\":\"Su di me - Il training mentale come stile di vita\",\"isPartOf\":{\"@id\":\"https:\\\/\\\/lifepath.eu\\\/it\\\/#website\"},\"primaryImageOfPage\":{\"@id\":\"https:\\\/\\\/lifepath.eu\\\/it\\\/su-di-me\\\/#primaryimage\"},\"image\":{\"@id\":\"https:\\\/\\\/lifepath.eu\\\/it\\\/su-di-me\\\/#primaryimage\"},\"thumbnailUrl\":\"https:\\\/\\\/lifepath.eu\\\/wp-content\\\/uploads\\\/2023\\\/06\\\/Daniela_About_me.webp\",\"datePublished\":\"2016-04-20T15:49:46+00:00\",\"dateModified\":\"2025-01-31T11:02:40+00:00\",\"breadcrumb\":{\"@id\":\"https:\\\/\\\/lifepath.eu\\\/it\\\/su-di-me\\\/#breadcrumb\"},\"inLanguage\":\"it-IT\",\"potentialAction\":[{\"@type\":\"ReadAction\",\"target\":[\"https:\\\/\\\/lifepath.eu\\\/it\\\/su-di-me\\\/\"]}]},{\"@type\":\"ImageObject\",\"inLanguage\":\"it-IT\",\"@id\":\"https:\\\/\\\/lifepath.eu\\\/it\\\/su-di-me\\\/#primaryimage\",\"url\":\"https:\\\/\\\/lifepath.eu\\\/wp-content\\\/uploads\\\/2023\\\/06\\\/Daniela_About_me.webp\",\"contentUrl\":\"https:\\\/\\\/lifepath.eu\\\/wp-content\\\/uploads\\\/2023\\\/06\\\/Daniela_About_me.webp\"},{\"@type\":\"BreadcrumbList\",\"@id\":\"https:\\\/\\\/lifepath.eu\\\/it\\\/su-di-me\\\/#breadcrumb\",\"itemListElement\":[{\"@type\":\"ListItem\",\"position\":1,\"name\":\"Startseite\",\"item\":\"https:\\\/\\\/lifepath.eu\\\/it\\\/\"},{\"@type\":\"ListItem\",\"position\":2,\"name\":\"Su di me\"}]},{\"@type\":\"WebSite\",\"@id\":\"https:\\\/\\\/lifepath.eu\\\/it\\\/#website\",\"url\":\"https:\\\/\\\/lifepath.eu\\\/it\\\/\",\"name\":\"Il training mentale come stile di vita\",\"description\":\"Il tuo sviluppo personale\",\"publisher\":{\"@id\":\"https:\\\/\\\/lifepath.eu\\\/it\\\/#organization\"},\"potentialAction\":[{\"@type\":\"SearchAction\",\"target\":{\"@type\":\"EntryPoint\",\"urlTemplate\":\"https:\\\/\\\/lifepath.eu\\\/it\\\/?s={search_term_string}\"},\"query-input\":{\"@type\":\"PropertyValueSpecification\",\"valueRequired\":true,\"valueName\":\"search_term_string\"}}],\"inLanguage\":\"it-IT\"},{\"@type\":\"Organization\",\"@id\":\"https:\\\/\\\/lifepath.eu\\\/it\\\/#organization\",\"name\":\"Lifepath\",\"url\":\"https:\\\/\\\/lifepath.eu\\\/it\\\/\",\"logo\":{\"@type\":\"ImageObject\",\"inLanguage\":\"it-IT\",\"@id\":\"https:\\\/\\\/lifepath.eu\\\/it\\\/#\\\/schema\\\/logo\\\/image\\\/\",\"url\":\"https:\\\/\\\/lifepath.eu\\\/wp-content\\\/uploads\\\/2023\\\/02\\\/LIFEPATH-LOGO-final.png\",\"contentUrl\":\"https:\\\/\\\/lifepath.eu\\\/wp-content\\\/uploads\\\/2023\\\/02\\\/LIFEPATH-LOGO-final.png\",\"width\":388,\"height\":266,\"caption\":\"Lifepath\"},\"image\":{\"@id\":\"https:\\\/\\\/lifepath.eu\\\/it\\\/#\\\/schema\\\/logo\\\/image\\\/\"},\"sameAs\":[\"https:\\\/\\\/www.facebook.com\\\/lifepath.eu\\\/\",\"https:\\\/\\\/www.instagram.com\\\/lifepath.eu\\\/\"]}]}<\/script>\n<!-- \/ Yoast SEO plugin. -->","yoast_head_json":{"title":"Su di me - Il training mentale come stile di vita","robots":{"index":"index","follow":"follow","max-snippet":"max-snippet:-1","max-image-preview":"max-image-preview:large","max-video-preview":"max-video-preview:-1"},"canonical":"https:\/\/lifepath.eu\/it\/su-di-me\/","og_locale":"it_IT","og_type":"article","og_title":"Su di me - Il training mentale come stile di vita","og_description":"La mia personalit\u00e0 Le mie stazioni di conoscenza Scienza della Comunicazione Laurea presso la Libera Universit\u00e0 di Bolzano Trilingue: tedesco, italiano, inglese &#8211; Responsabili della comunicazione in amministrazioni e aziende in un contesto multilingue &#8211; Psicologia della comunicazione &#8211; Psicologia [&hellip;]","og_url":"https:\/\/lifepath.eu\/it\/su-di-me\/","og_site_name":"Il training mentale come stile di vita","article_publisher":"https:\/\/www.facebook.com\/lifepath.eu\/","article_modified_time":"2025-01-31T11:02:40+00:00","og_image":[{"width":2000,"height":1333,"url":"https:\/\/lifepath.eu\/wp-content\/uploads\/2023\/06\/Daniela_About_me.webp","type":"image\/webp"}],"twitter_card":"summary_large_image","twitter_misc":{"Tempo di lettura stimato":"4 minuti"},"schema":{"@context":"https:\/\/schema.org","@graph":[{"@type":"WebPage","@id":"https:\/\/lifepath.eu\/it\/su-di-me\/","url":"https:\/\/lifepath.eu\/it\/su-di-me\/","name":"Su di me - Il training mentale come stile di vita","isPartOf":{"@id":"https:\/\/lifepath.eu\/it\/#website"},"primaryImageOfPage":{"@id":"https:\/\/lifepath.eu\/it\/su-di-me\/#primaryimage"},"image":{"@id":"https:\/\/lifepath.eu\/it\/su-di-me\/#primaryimage"},"thumbnailUrl":"https:\/\/lifepath.eu\/wp-content\/uploads\/2023\/06\/Daniela_About_me.webp","datePublished":"2016-04-20T15:49:46+00:00","dateModified":"2025-01-31T11:02:40+00:00","breadcrumb":{"@id":"https:\/\/lifepath.eu\/it\/su-di-me\/#breadcrumb"},"inLanguage":"it-IT","potentialAction":[{"@type":"ReadAction","target":["https:\/\/lifepath.eu\/it\/su-di-me\/"]}]},{"@type":"ImageObject","inLanguage":"it-IT","@id":"https:\/\/lifepath.eu\/it\/su-di-me\/#primaryimage","url":"https:\/\/lifepath.eu\/wp-content\/uploads\/2023\/06\/Daniela_About_me.webp","contentUrl":"https:\/\/lifepath.eu\/wp-content\/uploads\/2023\/06\/Daniela_About_me.webp"},{"@type":"BreadcrumbList","@id":"https:\/\/lifepath.eu\/it\/su-di-me\/#breadcrumb","itemListElement":[{"@type":"ListItem","position":1,"name":"Startseite","item":"https:\/\/lifepath.eu\/it\/"},{"@type":"ListItem","position":2,"name":"Su di me"}]},{"@type":"WebSite","@id":"https:\/\/lifepath.eu\/it\/#website","url":"https:\/\/lifepath.eu\/it\/","name":"Il training mentale come stile di vita","description":"Il tuo sviluppo personale","publisher":{"@id":"https:\/\/lifepath.eu\/it\/#organization"},"potentialAction":[{"@type":"SearchAction","target":{"@type":"EntryPoint","urlTemplate":"https:\/\/lifepath.eu\/it\/?s={search_term_string}"},"query-input":{"@type":"PropertyValueSpecification","valueRequired":true,"valueName":"search_term_string"}}],"inLanguage":"it-IT"},{"@type":"Organization","@id":"https:\/\/lifepath.eu\/it\/#organization","name":"Lifepath","url":"https:\/\/lifepath.eu\/it\/","logo":{"@type":"ImageObject","inLanguage":"it-IT","@id":"https:\/\/lifepath.eu\/it\/#\/schema\/logo\/image\/","url":"https:\/\/lifepath.eu\/wp-content\/uploads\/2023\/02\/LIFEPATH-LOGO-final.png","contentUrl":"https:\/\/lifepath.eu\/wp-content\/uploads\/2023\/02\/LIFEPATH-LOGO-final.png","width":388,"height":266,"caption":"Lifepath"},"image":{"@id":"https:\/\/lifepath.eu\/it\/#\/schema\/logo\/image\/"},"sameAs":["https:\/\/www.facebook.com\/lifepath.eu\/","https:\/\/www.instagram.com\/lifepath.eu\/"]}]}},"_links":{"self":[{"href":"https:\/\/lifepath.eu\/it\/wp-json\/wp\/v2\/pages\/10673","targetHints":{"allow":["GET"]}}],"collection":[{"href":"https:\/\/lifepath.eu\/it\/wp-json\/wp\/v2\/pages"}],"about":[{"href":"https:\/\/lifepath.eu\/it\/wp-json\/wp\/v2\/types\/page"}],"author":[{"embeddable":true,"href":"https:\/\/lifepath.eu\/it\/wp-json\/wp\/v2\/users\/2"}],"replies":[{"embeddable":true,"href":"https:\/\/lifepath.eu\/it\/wp-json\/wp\/v2\/comments?post=10673"}],"version-history":[{"count":9,"href":"https:\/\/lifepath.eu\/it\/wp-json\/wp\/v2\/pages\/10673\/revisions"}],"predecessor-version":[{"id":13628,"href":"https:\/\/lifepath.eu\/it\/wp-json\/wp\/v2\/pages\/10673\/revisions\/13628"}],"wp:attachment":[{"href":"https:\/\/lifepath.eu\/it\/wp-json\/wp\/v2\/media?parent=10673"}],"curies":[{"name":"wp","href":"https:\/\/api.w.org\/{rel}","templated":true}]}}