{"id":12764,"date":"2024-08-30T17:58:56","date_gmt":"2024-08-30T15:58:56","guid":{"rendered":"https:\/\/lifepath.eu\/cerchio-delle-donne\/"},"modified":"2025-09-19T12:36:54","modified_gmt":"2025-09-19T10:36:54","slug":"cerchio-delle-donne","status":"publish","type":"page","link":"https:\/\/lifepath.eu\/it\/cerchio-delle-donne\/","title":{"rendered":"Cerchio delle Donne"},"content":{"rendered":"\t\t<div data-elementor-type=\"wp-page\" data-elementor-id=\"12764\" class=\"elementor elementor-12764 elementor-12700\">\n\t\t\t\t\t\t<section class=\"elementor-section elementor-top-section elementor-element elementor-element-7a78ec1 elementor-section-boxed elementor-section-height-default elementor-section-height-default\" data-id=\"7a78ec1\" data-element_type=\"section\" data-e-type=\"section\">\n\t\t\t\t\t\t<div class=\"elementor-container elementor-column-gap-default\">\n\t\t\t\t\t<div class=\"elementor-column elementor-col-50 elementor-top-column elementor-element elementor-element-f56c58d\" data-id=\"f56c58d\" data-element_type=\"column\" data-e-type=\"column\">\n\t\t\t<div class=\"elementor-widget-wrap elementor-element-populated\">\n\t\t\t\t\t\t<div class=\"elementor-element elementor-element-739c9a7 elementor-widget elementor-widget-text-editor\" data-id=\"739c9a7\" data-element_type=\"widget\" data-e-type=\"widget\" data-widget_type=\"text-editor.default\">\n\t\t\t\t<div class=\"elementor-widget-container\">\n\t\t\t\t\t\t\t\t\t<div class=\"entry-content\">\n<p>Cerchi un luogo dove poterti connettere profondamente con te stessa e con altre donne? Uno spazio in cui la <b>tua voce venga ascoltata<\/b>, i <b>tuoi sentimenti onorati<\/b> e le <b>tue esperienze condivise<\/b>? Il nostro Cerchio delle Donne \u00e8 proprio questo: un punto di incontro sacro che si tiene ogni primo marted\u00ec sera del mese, in cui ci riuniamo per esplorare diversi temi che toccano il nostro cuore e la nostra anima.  <\/p>\n<\/div>\n\t\t\t\t\t\t\t\t<\/div>\n\t\t\t\t<\/div>\n\t\t\t\t<div class=\"elementor-element elementor-element-fbd19a6 elementor-widget elementor-widget-thim-heading\" data-id=\"fbd19a6\" data-element_type=\"widget\" data-e-type=\"widget\" data-widget_type=\"thim-heading.default\">\n\t\t\t\t<div class=\"elementor-widget-container\">\n\t\t\t\t\t<div class=\"sc_heading   \"><h3 class=\"title\">Che cos'\u00e8 un Cerchio delle Donne<\/h3><span class=\"line\"><\/span><\/div>\t\t\t\t<\/div>\n\t\t\t\t<\/div>\n\t\t\t\t<div class=\"elementor-element elementor-element-6f31f9b elementor-widget elementor-widget-text-editor\" data-id=\"6f31f9b\" data-element_type=\"widget\" data-e-type=\"widget\" data-widget_type=\"text-editor.default\">\n\t\t\t\t<div class=\"elementor-widget-container\">\n\t\t\t\t\t\t\t\t\t<div class=\"entry-content\">\n<p>Un Cerchio delle Donne \u00e8 uno <strong>spazio sicuro e nutriente<\/strong> dove donne di tutte le et\u00e0 e di tutte le origini si riuniscono per <strong>condividere, ascoltare e crescere insieme<\/strong>. Nel nostro cerchio, l&#8217;attenzione \u00e8 rivolta al dialogo autentico e al sostegno reciproco. \u00c8 un luogo in cui puoi esprimere il tuo vero s\u00e9 senza giudizio, essere vista e ascoltata nella tua verit\u00e0, e connetterti a un livello profondo e significativo con altre donne.  <\/p>\n<\/div>\n\t\t\t\t\t\t\t\t<\/div>\n\t\t\t\t<\/div>\n\t\t\t\t<div class=\"elementor-element elementor-element-f5c4ef2 elementor-widget elementor-widget-thim-heading\" data-id=\"f5c4ef2\" data-element_type=\"widget\" data-e-type=\"widget\" data-widget_type=\"thim-heading.default\">\n\t\t\t\t<div class=\"elementor-widget-container\">\n\t\t\t\t\t<div class=\"sc_heading   \"><h3 class=\"title\">Perch\u00e9 dovresti partecipare?<\/h3><span class=\"line\"><\/span><\/div>\t\t\t\t<\/div>\n\t\t\t\t<\/div>\n\t\t\t\t<div class=\"elementor-element elementor-element-208fc69 elementor-widget elementor-widget-text-editor\" data-id=\"208fc69\" data-element_type=\"widget\" data-e-type=\"widget\" data-widget_type=\"text-editor.default\">\n\t\t\t\t<div class=\"elementor-widget-container\">\n\t\t\t\t\t\t\t\t\t<p>Se stai cercando un luogo dove puoi essere veramente te stessa, esplorare nuove idee e connetterti con una <b>comunit\u00e0 di donne che ti sostiene<\/b>, il nostro Cerchio delle Donne \u00e8 perfetto per te. Che tu stia affrontando <b>sfide personali<\/b>, <b>cercando nuove prospettive<\/b>, o semplicemente abbia bisogno di un <b>posto dove ricaricarti<\/b>, qui troverai ci\u00f2 che cerchi. Insieme creiamo uno spazio nutriente per esplorare, imparare e crescere.  <\/p><\/p>\n\t\t\t\t\t\t\t\t<\/div>\n\t\t\t\t<\/div>\n\t\t\t\t<div class=\"elementor-element elementor-element-596c300 elementor-widget elementor-widget-thim-heading\" data-id=\"596c300\" data-element_type=\"widget\" data-e-type=\"widget\" data-widget_type=\"thim-heading.default\">\n\t\t\t\t<div class=\"elementor-widget-container\">\n\t\t\t\t\t<div class=\"sc_heading   \"><h3 class=\"title\">Pronta a unirti a noi?<\/h3><p class=\"sub-heading\" style=\"\">Diventa parte di questo viaggio di connessione, guarigione e trasformazione.<\/p><span class=\"line\"><\/span><\/div>\t\t\t\t<\/div>\n\t\t\t\t<\/div>\n\t\t\t\t<div class=\"elementor-element elementor-element-c7b6319 elementor-widget elementor-widget-text-editor\" data-id=\"c7b6319\" data-element_type=\"widget\" data-e-type=\"widget\" data-widget_type=\"text-editor.default\">\n\t\t\t\t<div class=\"elementor-widget-container\">\n\t\t\t\t\t\t\t\t\t<p>Unisciti a noi <b>ogni primo marted\u00ec sera del mese <\/b>ed esplora la magia del nostro Cerchio delle Donne. Non importa dove ti trovi nel tuo percorso, qui avrai sempre un posto. Porta con te il tuo cuore aperto, le tue storie e la tua saggezza. Creiamo insieme qualcosa di meraviglioso.   <\/p>\n<p><strong>Iscriviti oggi stesso ed entra in un Cerchio di sorellanza, sostegno e empowerment!<\/strong><\/p><p>La partecipazione \u00e8 <strong>gratuita<\/strong>.<\/p>\n<p>Non vedo l&#8217;ora di darti il benvenuto!<\/p>\t\t\t\t\t\t\t\t<\/div>\n\t\t\t\t<\/div>\n\t\t\t\t\t<\/div>\n\t\t<\/div>\n\t\t\t\t<div class=\"elementor-column elementor-col-50 elementor-top-column elementor-element elementor-element-ee0e842\" data-id=\"ee0e842\" data-element_type=\"column\" data-e-type=\"column\">\n\t\t\t<div class=\"elementor-widget-wrap elementor-element-populated\">\n\t\t\t\t\t\t<div class=\"elementor-element elementor-element-e1189d6 elementor-widget thim-widget-accordion\" data-id=\"e1189d6\" data-element_type=\"widget\" data-e-type=\"widget\" data-widget_type=\"thim-accordion.default\">\n\t\t\t\t<div class=\"elementor-widget-container\">\n\t\t\t\t\t\n<div class=\"thim-widget-accordion\">\n\t\t<div id=\"accordion_69dffcd68665c\" class=\"panel-group\" role=\"tablist\" aria-multiselectable=\"true\">\n\t\t<!-- List Panel -->\n\t\t\n\t\t<div class=\"panel panel-default\">\n\t\t\t<div class=\"panel-heading\" role=\"tab\" id=\"heading_accordion_69dffcd68665c_0\">\n\t\t\t\t<h4 class=\"panel-title\">\n\t\t\t\t\t<a role=\"button\" class=\"\" data-toggle=\"collapse\"\n\t\t\t\t\t\tdata-parent=\"#accordion_69dffcd68665c\"\n\t\t\t\t\t\thref=\"#collapse_accordion_69dffcd68665c_0\" aria-expanded=\"false\">\n\t\t\t\t\t\tDate\t\t\t\t\t<\/a>\n\t\t\t\t<\/h4>\n\t\t\t<\/div>\n\t\t\t<div id=\"collapse_accordion_69dffcd68665c_0\"\n\t\t\t\tclass=\"panel-collapse collapse in\" role=\"tabpanel\"\n\t\t\t\taria-labelledby=\"heading_accordion_69dffcd68665c_0\">\n\t\t\t\t<div class=\"panel-body\">\n\t\t\t\t\tOgni primo gioved\u00ec del mese<\/br><\/br>Gen, Feb, Mar, Ott, Nov und Dic: <b>ore 18.15 - 20.00<\/b><\/br>\nApr, Set: <b>ore 19.15 - 21.00 Uhr<\/b> +Tamburi & Musica Medicina fino a mezzanotte<\/br>\n<b><\/b> Mag, Giu, Lug, Ago: <b>ore 20.15 - 22.00<\/b> + Tamburi & Musica Medicina fino a mezzanotte\n\n<h2>Gli ultimi incontri nel 2025<\/h2>\n\ud83c\udfe0 Lun, 13.10 (ted)<\/br>\n\ud83c\udfe0 Lun, 10.11 (ita)<\/br>\n\ud83c\udfe0 Lun, 15.12 (ted\/ita)<\/br>\n\n<h2>2026<\/h2>\n<table><tr>\n<th>\ud83c\udfe0<\/br>8 Gen. 2026, Gio (ted)<\/th>\n<th>\ud83c\udfe0<\/br>5 Feb. 2026, Gio (ita)<\/th>\n<th>\ud83c\udfe0<\/br>5 Mar. 2026, Gio (ted)<\/th>\n<th>\ud83d\udd25<\/br>2 Apr. 2026, Gio (ita)<\/th>\n<th>\ud83d\udd25<\/br>5 Mag 2026, Mar ! (ted)<\/th>\n<th>\ud83d\udd25<\/br>4 Giu. 2026, Gio (ita)<\/th>\n<\/tr>\n<tr>\n<th>\ud83d\udd25<\/br>2 Lug. 2026, Gio (ted)<\/th>\n<th>\ud83d\udd25<\/br>6 Ago. 2026, Gio (ita)<\/th>\n<th>\ud83d\udd25<\/br>3 Set. 2026, Gio (ted)\n<\/th><th>\ud83c\udfe0<\/br>1 Ott. 2026, Gio (ita)<\/th>\n<th>\ud83c\udfe0<\/br>5 Nov. 2026, Gio (ted)<\/th>\n<th>\ud83c\udfe0<\/br>10 Dic. 2026, Gio (ted)<\/th><\/tr>\n<\/table>\t\t\t\t<\/div>\n\t\t\t<\/div>\n\t\t<\/div>\n\t\t\t\t\t\t\t\t\t\t\t\t\t<div class=\"panel panel-default\">\n\t\t\t\t<div class=\"panel-heading\" role=\"tab\"\n\t\t\t\t\tid=\"heading_accordion_69dffcd68665c_1\">\n\t\t\t\t\t<h4 class=\"panel-title\">\n\t\t\t\t\t\t<a role=\"button\" class=\"collapsed\" data-toggle=\"collapse\"\n\t\t\t\t\t\t\tdata-parent=\"#accordion_69dffcd68665c\"\n\t\t\t\t\t\t\thref=\"#collapse_accordion_69dffcd68665c_1\"\n\t\t\t\t\t\t\taria-expanded=\"false\">\n\t\t\t\t\t\t\tLuogo\t\t\t\t\t\t<\/a>\n\t\t\t\t\t<\/h4>\n\t\t\t\t<\/div>\n\t\t\t\t<div id=\"collapse_accordion_69dffcd68665c_1\"\n\t\t\t\t\tclass=\"panel-collapse collapse\" role=\"tabpanel\"\n\t\t\t\t\taria-labelledby=\"heading_accordion_69dffcd68665c_1\">\n\t\t\t\t\t<div class=\"panel-body\">\n\t\t\t\t\t\t<b>Primavera ed estate<\/b>:<\/br>\n\ud83d\udd25 Bosco dei Bricconi<\/br>\n<\/br>\n<b>Autunno ed inverno<\/b>:<\/br>\n\ud83c\udfe0 Via Giovanni Caproni Stra\u00dfe 9<\/br> 39100 Bolzano\t\t\t\t\t<\/div>\n\t\t\t\t<\/div>\n\t\t\t<\/div>\n\n\t\t\t\t<!-- End: List Panel -->\n\t<\/div>\n\n<\/div>\n\t\t\t\t<\/div>\n\t\t\t\t<\/div>\n\t\t\t\t<div class=\"elementor-element elementor-element-1ed8049 elementor-widget elementor-widget-html\" data-id=\"1ed8049\" data-element_type=\"widget\" data-e-type=\"widget\" data-widget_type=\"html.default\">\n\t\t\t\t<div class=\"elementor-widget-container\">\n\t\t\t\t\t<iframe width=\"640px\" height=\"1000px\" src=\"https:\/\/forms.cloud.microsoft\/Pages\/ResponsePage.aspx?id=2hvYfMb8Ck2f3Xg2-Rc48nduMli32wNEhXNZnHMML-xUMEdXNDRaWUdPUTJNTEdVWVVFVTJDTEc5SC4u&embed=true\" frameborder=\"0\" marginwidth=\"0\" marginheight=\"0\" style=\"border: none; max-width:100%; max-height:100vh\" allowfullscreen webkitallowfullscreen mozallowfullscreen msallowfullscreen> <\/iframe>\t\t\t\t<\/div>\n\t\t\t\t<\/div>\n\t\t\t\t\t<\/div>\n\t\t<\/div>\n\t\t\t\t\t<\/div>\n\t\t<\/section>\n\t\t\t\t<section class=\"elementor-section elementor-top-section elementor-element elementor-element-0eb45a3 elementor-section-boxed elementor-section-height-default elementor-section-height-default\" data-id=\"0eb45a3\" data-element_type=\"section\" data-e-type=\"section\">\n\t\t\t\t\t\t<div class=\"elementor-container elementor-column-gap-default\">\n\t\t\t\t\t<div class=\"elementor-column elementor-col-100 elementor-top-column elementor-element elementor-element-9ee6a0c\" data-id=\"9ee6a0c\" data-element_type=\"column\" data-e-type=\"column\">\n\t\t\t<div class=\"elementor-widget-wrap elementor-element-populated\">\n\t\t\t\t\t\t<div class=\"elementor-element elementor-element-6173386 elementor-widget elementor-widget-thim-heading\" data-id=\"6173386\" data-element_type=\"widget\" data-e-type=\"widget\" data-widget_type=\"thim-heading.default\">\n\t\t\t\t<div class=\"elementor-widget-container\">\n\t\t\t\t\t<div class=\"sc_heading   text-center\"><h2 class=\"title\">Le fondamenta del Cerchio delle Donne<\/h2><span class=\"line\"><\/span><\/div>\t\t\t\t<\/div>\n\t\t\t\t<\/div>\n\t\t\t\t\t<\/div>\n\t\t<\/div>\n\t\t\t\t\t<\/div>\n\t\t<\/section>\n\t\t\t\t<section class=\"elementor-section elementor-top-section elementor-element elementor-element-28acd76 elementor-section-boxed elementor-section-height-default elementor-section-height-default\" data-id=\"28acd76\" data-element_type=\"section\" data-e-type=\"section\">\n\t\t\t\t\t\t<div class=\"elementor-container elementor-column-gap-default\">\n\t\t\t\t\t<div class=\"elementor-column elementor-col-50 elementor-top-column elementor-element elementor-element-b0b9ca2\" data-id=\"b0b9ca2\" data-element_type=\"column\" data-e-type=\"column\">\n\t\t\t<div class=\"elementor-widget-wrap elementor-element-populated\">\n\t\t\t\t\t\t<div class=\"elementor-element elementor-element-dcf1448 elementor-widget elementor-widget-text-editor\" data-id=\"dcf1448\" data-element_type=\"widget\" data-e-type=\"widget\" data-widget_type=\"text-editor.default\">\n\t\t\t\t<div class=\"elementor-widget-container\">\n\t\t\t\t\t\t\t\t\t<p><strong>Ispirato dall&#8217;antica pratica del cerchio sciamanico<\/strong><\/p>\n<p>Il nostro Cerchio delle Donne si ispira all&#8217;antica pratica del cerchio sciamanico. In molte culture indigene, i cerchi sciamanici sono utilizzati per la guarigione, la guida e la connessione con il mondo degli spiriti. Sono luoghi di ascolto profondo, di condivisione della conoscenza e di guarigione comunitaria. Integrando elementi di questa antica pratica, il nostro cerchio diventa uno spazio dove le donne moderne possono riconnettersi con queste tradizioni senza tempo di incontro collettivo per sostenersi a vicenda, guarire e crescere. Nel nostro cerchio, onoriamo i ritmi naturali della vita, la saggezza dei nostri antenati e la forza dell\u2019intenzione collettiva.<br \/>Ci saranno anche momenti speciali in cui canteremo <b>semplici canti sciamanici<\/b> e <b>suoneremo insieme tamburi sciamanici<\/b>. Queste pratiche non sono solo musica, ma potenti strumenti per connetterci con la nostra forza interiore e l&#8217;una con l&#8217;altra. Il ritmo dei tamburi e l&#8217;unione delle nostre voci ci aiutano a ridurre lo stress, a radicarci e a immergerci in un sentimento pi\u00f9 profondo di forza e vitalit\u00e0.      <\/p>\n\t\t\t\t\t\t\t\t<\/div>\n\t\t\t\t<\/div>\n\t\t\t\t\t<\/div>\n\t\t<\/div>\n\t\t\t\t<div class=\"elementor-column elementor-col-50 elementor-top-column elementor-element elementor-element-3abea1b\" data-id=\"3abea1b\" data-element_type=\"column\" data-e-type=\"column\">\n\t\t\t<div class=\"elementor-widget-wrap elementor-element-populated\">\n\t\t\t\t\t\t<div class=\"elementor-element elementor-element-1dc4682 elementor-widget elementor-widget-text-editor\" data-id=\"1dc4682\" data-element_type=\"widget\" data-e-type=\"widget\" data-widget_type=\"text-editor.default\">\n\t\t\t\t<div class=\"elementor-widget-container\">\n\t\t\t\t\t\t\t\t\t<p><strong>La tecnica del dialogo di David Bohm<\/strong><\/p>\n<p>Centrale per i nostri incontri \u00e8 la tecnica del dialogo di David Bohm, un fisico e filosofo noto per le sue idee sul pensiero e la comunicazione. Il dialogo bohmino \u00e8 un tipo di conversazione che promuove l&#8217;<b>ascolto profondo e la riflessione<\/b>. Si tratta di andare oltre le conversazioni superficiali per esplorare i significati pi\u00f9 profondi dietro le nostre parole e i nostri pensieri. Nel nostro Cerchio delle Donne, utilizziamo questa tecnica per creare uno spazio in cui ogni donna possa esprimere la propria verit\u00e0, esplorare le nostre differenze con curiosit\u00e0 e compassione, e far emergere nuove intuizioni e comprensioni.<br \/>Questo approccio ci aiuta ad accedere all&#8217;intelligenza collettiva del gruppo e a promuovere un senso di unit\u00e0 e di scopo comune. Si tratta di parlare dal cuore e di ascoltare con una mente aperta, creando uno spazio trasformativo in cui la vera comprensione e connessione possono prosperare.    <\/p>\n\t\t\t\t\t\t\t\t<\/div>\n\t\t\t\t<\/div>\n\t\t\t\t\t<\/div>\n\t\t<\/div>\n\t\t\t\t\t<\/div>\n\t\t<\/section>\n\t\t\t\t<\/div>\n\t\t","protected":false},"excerpt":{"rendered":"<p>Cerchi un luogo dove poterti connettere profondamente con te stessa e con altre donne? Uno spazio in cui la tua voce venga ascoltata, i tuoi sentimenti onorati e le tue esperienze condivise? Il nostro Cerchio delle Donne \u00e8 proprio questo: [&hellip;]<\/p>\n","protected":false},"author":2,"featured_media":12676,"parent":0,"menu_order":0,"comment_status":"closed","ping_status":"closed","template":"","meta":{"footnotes":""},"class_list":["post-12764","page","type-page","status-publish","has-post-thumbnail","hentry"],"yoast_head":"<!-- This site is optimized with the Yoast SEO plugin v27.3 - https:\/\/yoast.com\/product\/yoast-seo-wordpress\/ -->\n<title>Cerchio delle Donne - Il training mentale come stile di vita<\/title>\n<meta name=\"robots\" content=\"index, follow, max-snippet:-1, max-image-preview:large, max-video-preview:-1\" \/>\n<link rel=\"canonical\" href=\"https:\/\/lifepath.eu\/it\/cerchio-delle-donne\/\" \/>\n<meta property=\"og:locale\" content=\"it_IT\" \/>\n<meta property=\"og:type\" content=\"article\" \/>\n<meta property=\"og:title\" content=\"Cerchio delle Donne - Il training mentale come stile di vita\" \/>\n<meta property=\"og:description\" content=\"Cerchi un luogo dove poterti connettere profondamente con te stessa e con altre donne? Uno spazio in cui la tua voce venga ascoltata, i tuoi sentimenti onorati e le tue esperienze condivise? Il nostro Cerchio delle Donne \u00e8 proprio questo: [&hellip;]\" \/>\n<meta property=\"og:url\" content=\"https:\/\/lifepath.eu\/it\/cerchio-delle-donne\/\" \/>\n<meta property=\"og:site_name\" content=\"Il training mentale come stile di vita\" \/>\n<meta property=\"article:publisher\" content=\"https:\/\/www.facebook.com\/lifepath.eu\/\" \/>\n<meta property=\"article:modified_time\" content=\"2025-09-19T10:36:54+00:00\" \/>\n<meta property=\"og:image\" content=\"https:\/\/lifepath.eu\/wp-content\/uploads\/2024\/08\/group-women-meditating-together-meadow-scaled.jpg\" \/>\n\t<meta property=\"og:image:width\" content=\"2560\" \/>\n\t<meta property=\"og:image:height\" content=\"1707\" \/>\n\t<meta property=\"og:image:type\" content=\"image\/jpeg\" \/>\n<meta name=\"twitter:card\" content=\"summary_large_image\" \/>\n<meta name=\"twitter:label1\" content=\"Tempo di lettura stimato\" \/>\n\t<meta name=\"twitter:data1\" content=\"5 minuti\" \/>\n<script type=\"application\/ld+json\" class=\"yoast-schema-graph\">{\"@context\":\"https:\\\/\\\/schema.org\",\"@graph\":[{\"@type\":\"WebPage\",\"@id\":\"https:\\\/\\\/lifepath.eu\\\/it\\\/cerchio-delle-donne\\\/\",\"url\":\"https:\\\/\\\/lifepath.eu\\\/it\\\/cerchio-delle-donne\\\/\",\"name\":\"Cerchio delle Donne - Il training mentale come stile di vita\",\"isPartOf\":{\"@id\":\"https:\\\/\\\/lifepath.eu\\\/it\\\/#website\"},\"primaryImageOfPage\":{\"@id\":\"https:\\\/\\\/lifepath.eu\\\/it\\\/cerchio-delle-donne\\\/#primaryimage\"},\"image\":{\"@id\":\"https:\\\/\\\/lifepath.eu\\\/it\\\/cerchio-delle-donne\\\/#primaryimage\"},\"thumbnailUrl\":\"https:\\\/\\\/lifepath.eu\\\/wp-content\\\/uploads\\\/2024\\\/08\\\/group-women-meditating-together-meadow-scaled.jpg\",\"datePublished\":\"2024-08-30T15:58:56+00:00\",\"dateModified\":\"2025-09-19T10:36:54+00:00\",\"breadcrumb\":{\"@id\":\"https:\\\/\\\/lifepath.eu\\\/it\\\/cerchio-delle-donne\\\/#breadcrumb\"},\"inLanguage\":\"it-IT\",\"potentialAction\":[{\"@type\":\"ReadAction\",\"target\":[\"https:\\\/\\\/lifepath.eu\\\/it\\\/cerchio-delle-donne\\\/\"]}]},{\"@type\":\"ImageObject\",\"inLanguage\":\"it-IT\",\"@id\":\"https:\\\/\\\/lifepath.eu\\\/it\\\/cerchio-delle-donne\\\/#primaryimage\",\"url\":\"https:\\\/\\\/lifepath.eu\\\/wp-content\\\/uploads\\\/2024\\\/08\\\/group-women-meditating-together-meadow-scaled.jpg\",\"contentUrl\":\"https:\\\/\\\/lifepath.eu\\\/wp-content\\\/uploads\\\/2024\\\/08\\\/group-women-meditating-together-meadow-scaled.jpg\",\"width\":2560,\"height\":1707,\"caption\":\"Women are sitting in lotus position and meditating on green meadow in park.\"},{\"@type\":\"BreadcrumbList\",\"@id\":\"https:\\\/\\\/lifepath.eu\\\/it\\\/cerchio-delle-donne\\\/#breadcrumb\",\"itemListElement\":[{\"@type\":\"ListItem\",\"position\":1,\"name\":\"Startseite\",\"item\":\"https:\\\/\\\/lifepath.eu\\\/it\\\/\"},{\"@type\":\"ListItem\",\"position\":2,\"name\":\"Cerchio delle Donne\"}]},{\"@type\":\"WebSite\",\"@id\":\"https:\\\/\\\/lifepath.eu\\\/it\\\/#website\",\"url\":\"https:\\\/\\\/lifepath.eu\\\/it\\\/\",\"name\":\"Il training mentale come stile di vita\",\"description\":\"Il tuo sviluppo personale\",\"publisher\":{\"@id\":\"https:\\\/\\\/lifepath.eu\\\/it\\\/#organization\"},\"potentialAction\":[{\"@type\":\"SearchAction\",\"target\":{\"@type\":\"EntryPoint\",\"urlTemplate\":\"https:\\\/\\\/lifepath.eu\\\/it\\\/?s={search_term_string}\"},\"query-input\":{\"@type\":\"PropertyValueSpecification\",\"valueRequired\":true,\"valueName\":\"search_term_string\"}}],\"inLanguage\":\"it-IT\"},{\"@type\":\"Organization\",\"@id\":\"https:\\\/\\\/lifepath.eu\\\/it\\\/#organization\",\"name\":\"Lifepath\",\"url\":\"https:\\\/\\\/lifepath.eu\\\/it\\\/\",\"logo\":{\"@type\":\"ImageObject\",\"inLanguage\":\"it-IT\",\"@id\":\"https:\\\/\\\/lifepath.eu\\\/it\\\/#\\\/schema\\\/logo\\\/image\\\/\",\"url\":\"https:\\\/\\\/lifepath.eu\\\/wp-content\\\/uploads\\\/2023\\\/02\\\/LIFEPATH-LOGO-final.png\",\"contentUrl\":\"https:\\\/\\\/lifepath.eu\\\/wp-content\\\/uploads\\\/2023\\\/02\\\/LIFEPATH-LOGO-final.png\",\"width\":388,\"height\":266,\"caption\":\"Lifepath\"},\"image\":{\"@id\":\"https:\\\/\\\/lifepath.eu\\\/it\\\/#\\\/schema\\\/logo\\\/image\\\/\"},\"sameAs\":[\"https:\\\/\\\/www.facebook.com\\\/lifepath.eu\\\/\",\"https:\\\/\\\/www.instagram.com\\\/lifepath.eu\\\/\"]}]}<\/script>\n<!-- \/ Yoast SEO plugin. -->","yoast_head_json":{"title":"Cerchio delle Donne - Il training mentale come stile di vita","robots":{"index":"index","follow":"follow","max-snippet":"max-snippet:-1","max-image-preview":"max-image-preview:large","max-video-preview":"max-video-preview:-1"},"canonical":"https:\/\/lifepath.eu\/it\/cerchio-delle-donne\/","og_locale":"it_IT","og_type":"article","og_title":"Cerchio delle Donne - Il training mentale come stile di vita","og_description":"Cerchi un luogo dove poterti connettere profondamente con te stessa e con altre donne? Uno spazio in cui la tua voce venga ascoltata, i tuoi sentimenti onorati e le tue esperienze condivise? Il nostro Cerchio delle Donne \u00e8 proprio questo: [&hellip;]","og_url":"https:\/\/lifepath.eu\/it\/cerchio-delle-donne\/","og_site_name":"Il training mentale come stile di vita","article_publisher":"https:\/\/www.facebook.com\/lifepath.eu\/","article_modified_time":"2025-09-19T10:36:54+00:00","og_image":[{"width":2560,"height":1707,"url":"https:\/\/lifepath.eu\/wp-content\/uploads\/2024\/08\/group-women-meditating-together-meadow-scaled.jpg","type":"image\/jpeg"}],"twitter_card":"summary_large_image","twitter_misc":{"Tempo di lettura stimato":"5 minuti"},"schema":{"@context":"https:\/\/schema.org","@graph":[{"@type":"WebPage","@id":"https:\/\/lifepath.eu\/it\/cerchio-delle-donne\/","url":"https:\/\/lifepath.eu\/it\/cerchio-delle-donne\/","name":"Cerchio delle Donne - Il training mentale come stile di vita","isPartOf":{"@id":"https:\/\/lifepath.eu\/it\/#website"},"primaryImageOfPage":{"@id":"https:\/\/lifepath.eu\/it\/cerchio-delle-donne\/#primaryimage"},"image":{"@id":"https:\/\/lifepath.eu\/it\/cerchio-delle-donne\/#primaryimage"},"thumbnailUrl":"https:\/\/lifepath.eu\/wp-content\/uploads\/2024\/08\/group-women-meditating-together-meadow-scaled.jpg","datePublished":"2024-08-30T15:58:56+00:00","dateModified":"2025-09-19T10:36:54+00:00","breadcrumb":{"@id":"https:\/\/lifepath.eu\/it\/cerchio-delle-donne\/#breadcrumb"},"inLanguage":"it-IT","potentialAction":[{"@type":"ReadAction","target":["https:\/\/lifepath.eu\/it\/cerchio-delle-donne\/"]}]},{"@type":"ImageObject","inLanguage":"it-IT","@id":"https:\/\/lifepath.eu\/it\/cerchio-delle-donne\/#primaryimage","url":"https:\/\/lifepath.eu\/wp-content\/uploads\/2024\/08\/group-women-meditating-together-meadow-scaled.jpg","contentUrl":"https:\/\/lifepath.eu\/wp-content\/uploads\/2024\/08\/group-women-meditating-together-meadow-scaled.jpg","width":2560,"height":1707,"caption":"Women are sitting in lotus position and meditating on green meadow in park."},{"@type":"BreadcrumbList","@id":"https:\/\/lifepath.eu\/it\/cerchio-delle-donne\/#breadcrumb","itemListElement":[{"@type":"ListItem","position":1,"name":"Startseite","item":"https:\/\/lifepath.eu\/it\/"},{"@type":"ListItem","position":2,"name":"Cerchio delle Donne"}]},{"@type":"WebSite","@id":"https:\/\/lifepath.eu\/it\/#website","url":"https:\/\/lifepath.eu\/it\/","name":"Il training mentale come stile di vita","description":"Il tuo sviluppo personale","publisher":{"@id":"https:\/\/lifepath.eu\/it\/#organization"},"potentialAction":[{"@type":"SearchAction","target":{"@type":"EntryPoint","urlTemplate":"https:\/\/lifepath.eu\/it\/?s={search_term_string}"},"query-input":{"@type":"PropertyValueSpecification","valueRequired":true,"valueName":"search_term_string"}}],"inLanguage":"it-IT"},{"@type":"Organization","@id":"https:\/\/lifepath.eu\/it\/#organization","name":"Lifepath","url":"https:\/\/lifepath.eu\/it\/","logo":{"@type":"ImageObject","inLanguage":"it-IT","@id":"https:\/\/lifepath.eu\/it\/#\/schema\/logo\/image\/","url":"https:\/\/lifepath.eu\/wp-content\/uploads\/2023\/02\/LIFEPATH-LOGO-final.png","contentUrl":"https:\/\/lifepath.eu\/wp-content\/uploads\/2023\/02\/LIFEPATH-LOGO-final.png","width":388,"height":266,"caption":"Lifepath"},"image":{"@id":"https:\/\/lifepath.eu\/it\/#\/schema\/logo\/image\/"},"sameAs":["https:\/\/www.facebook.com\/lifepath.eu\/","https:\/\/www.instagram.com\/lifepath.eu\/"]}]}},"_links":{"self":[{"href":"https:\/\/lifepath.eu\/it\/wp-json\/wp\/v2\/pages\/12764","targetHints":{"allow":["GET"]}}],"collection":[{"href":"https:\/\/lifepath.eu\/it\/wp-json\/wp\/v2\/pages"}],"about":[{"href":"https:\/\/lifepath.eu\/it\/wp-json\/wp\/v2\/types\/page"}],"author":[{"embeddable":true,"href":"https:\/\/lifepath.eu\/it\/wp-json\/wp\/v2\/users\/2"}],"replies":[{"embeddable":true,"href":"https:\/\/lifepath.eu\/it\/wp-json\/wp\/v2\/comments?post=12764"}],"version-history":[{"count":21,"href":"https:\/\/lifepath.eu\/it\/wp-json\/wp\/v2\/pages\/12764\/revisions"}],"predecessor-version":[{"id":15112,"href":"https:\/\/lifepath.eu\/it\/wp-json\/wp\/v2\/pages\/12764\/revisions\/15112"}],"wp:featuredmedia":[{"embeddable":true,"href":"https:\/\/lifepath.eu\/it\/wp-json\/wp\/v2\/media\/12676"}],"wp:attachment":[{"href":"https:\/\/lifepath.eu\/it\/wp-json\/wp\/v2\/media?parent=12764"}],"curies":[{"name":"wp","href":"https:\/\/api.w.org\/{rel}","templated":true}]}}