{"id":14142,"date":"2025-04-30T11:34:22","date_gmt":"2025-04-30T09:34:22","guid":{"rendered":"https:\/\/lifepath.eu\/?page_id=14142"},"modified":"2025-05-03T00:34:49","modified_gmt":"2025-05-02T22:34:49","slug":"progetti","status":"publish","type":"page","link":"https:\/\/lifepath.eu\/it\/progetti\/","title":{"rendered":"Progetti per una societ\u00e0 pi\u00f9 forte"},"content":{"rendered":"\t\t<div data-elementor-type=\"wp-page\" data-elementor-id=\"14142\" class=\"elementor elementor-14142 elementor-14137\">\n\t\t\t\t\t\t<section class=\"elementor-section elementor-top-section elementor-element elementor-element-67d6a30 elementor-section-boxed elementor-section-height-default elementor-section-height-default\" data-id=\"67d6a30\" data-element_type=\"section\" data-e-type=\"section\">\n\t\t\t\t\t\t<div class=\"elementor-container elementor-column-gap-default\">\n\t\t\t\t\t<div class=\"elementor-column elementor-col-100 elementor-top-column elementor-element elementor-element-b69f9d1\" data-id=\"b69f9d1\" data-element_type=\"column\" data-e-type=\"column\">\n\t\t\t<div class=\"elementor-widget-wrap elementor-element-populated\">\n\t\t\t\t\t\t<div class=\"elementor-element elementor-element-0e7e729 elementor-widget elementor-widget-thim-heading\" data-id=\"0e7e729\" data-element_type=\"widget\" data-e-type=\"widget\" data-widget_type=\"thim-heading.default\">\n\t\t\t\t<div class=\"elementor-widget-container\">\n\t\t\t\t\t<div class=\"sc_heading   \"><h3 class=\"title\">Perch\u00e9 sostengo questi progetti<\/h3><span class=\"line\"><\/span><\/div>\t\t\t\t<\/div>\n\t\t\t\t<\/div>\n\t\t\t\t<div class=\"elementor-element elementor-element-c9ae73b elementor-widget elementor-widget-text-editor\" data-id=\"c9ae73b\" data-element_type=\"widget\" data-e-type=\"widget\" data-widget_type=\"text-editor.default\">\n\t\t\t\t<div class=\"elementor-widget-container\">\n\t\t\t\t\t\t\t\t\t<p class=\"\" data-start=\"135\" data-end=\"417\">In un periodo di profondi cambiamenti sociali, economici ed ecologici, abbiamo bisogno di iniziative che non puntino principalmente al profitto o alla visibilit\u00e0, ma che mettano al centro le persone, la sostenibilit\u00e0 e la coesione sociale.<\/p><p class=\"\" data-start=\"419\" data-end=\"607\">Per questo motivo: non votare me \u2013 sostieni direttamente progetti, iniziative e candidat\u0259 che si impegnano con coraggio e cuore per una societ\u00e0 pi\u00f9 giusta, consapevole e vitale.<\/p><p class=\"\" data-start=\"609\" data-end=\"934\">In questa pagina trovi una selezione di progetti che sostengo. La lista non \u00e8 completa e non pretende di esserlo \u2013 vuole ispirare e mostrare ci\u00f2 che \u00e8 possibile. Se ti riconosci nei loro valori, <strong>sostienili con il tuo voto, il tuo tempo o il tuo impegno.<\/strong>  <\/p>\t\t\t\t\t\t\t\t<\/div>\n\t\t\t\t<\/div>\n\t\t\t\t<div class=\"elementor-element elementor-element-a42aef1 elementor-widget elementor-widget-thim-heading\" data-id=\"a42aef1\" data-element_type=\"widget\" data-e-type=\"widget\" data-widget_type=\"thim-heading.default\">\n\t\t\t\t<div class=\"elementor-widget-container\">\n\t\t\t\t\t<div class=\"sc_heading   \"><h3 class=\"title\">Progetti ed Associazioni<\/h3><p class=\"sub-heading\" style=\"\">che si impegnano per una buona societ\u00e0<\/p><span class=\"line\"><\/span><\/div>\t\t\t\t<\/div>\n\t\t\t\t<\/div>\n\t\t\t\t<div class=\"elementor-element elementor-element-c24090c elementor-icon-list--layout-traditional elementor-list-item-link-full_width elementor-widget elementor-widget-icon-list\" data-id=\"c24090c\" data-element_type=\"widget\" data-e-type=\"widget\" data-widget_type=\"icon-list.default\">\n\t\t\t\t<div class=\"elementor-widget-container\">\n\t\t\t\t\t\t\t<ul class=\"elementor-icon-list-items\">\n\t\t\t\t\t\t\t<li class=\"elementor-icon-list-item\">\n\t\t\t\t\t\t\t\t\t\t\t<a href=\"https:\/\/afzack.com\/\">\n\n\t\t\t\t\t\t\t\t\t\t\t\t<span class=\"elementor-icon-list-icon\">\n\t\t\t\t\t\t\t<i aria-hidden=\"true\" class=\"fas fa-users\"><\/i>\t\t\t\t\t\t<\/span>\n\t\t\t\t\t\t\t\t\t\t<span class=\"elementor-icon-list-text\">Afzack<\/span>\n\t\t\t\t\t\t\t\t\t\t\t<\/a>\n\t\t\t\t\t\t\t\t\t<\/li>\n\t\t\t\t\t\t\t\t<li class=\"elementor-icon-list-item\">\n\t\t\t\t\t\t\t\t\t\t\t<a href=\"https:\/\/basis.space\/\">\n\n\t\t\t\t\t\t\t\t\t\t\t\t<span class=\"elementor-icon-list-icon\">\n\t\t\t\t\t\t\t<i aria-hidden=\"true\" class=\"tk tk-puzzle-piece\"><\/i>\t\t\t\t\t\t<\/span>\n\t\t\t\t\t\t\t\t\t\t<span class=\"elementor-icon-list-text\">Basis Venosta Space<\/span>\n\t\t\t\t\t\t\t\t\t\t\t<\/a>\n\t\t\t\t\t\t\t\t\t<\/li>\n\t\t\t\t\t\t\t\t<li class=\"elementor-icon-list-item\">\n\t\t\t\t\t\t\t\t\t\t\t<a href=\"https:\/\/www.blumenwiesen-pratifioriti.bz.it\/it\">\n\n\t\t\t\t\t\t\t\t\t\t\t\t<span class=\"elementor-icon-list-icon\">\n\t\t\t\t\t\t\t<i aria-hidden=\"true\" class=\"tk tk-spa\"><\/i>\t\t\t\t\t\t<\/span>\n\t\t\t\t\t\t\t\t\t\t<span class=\"elementor-icon-list-text\">Prati fioriti<\/span>\n\t\t\t\t\t\t\t\t\t\t\t<\/a>\n\t\t\t\t\t\t\t\t\t<\/li>\n\t\t\t\t\t\t\t\t<li class=\"elementor-icon-list-item\">\n\t\t\t\t\t\t\t\t\t\t\t<a href=\"https:\/\/climateaction.bz\/it\/progetti\/bozen-fiorisce\/\">\n\n\t\t\t\t\t\t\t\t\t\t\t\t<span class=\"elementor-icon-list-icon\">\n\t\t\t\t\t\t\t<i aria-hidden=\"true\" class=\"fas fa-seedling\"><\/i>\t\t\t\t\t\t<\/span>\n\t\t\t\t\t\t\t\t\t\t<span class=\"elementor-icon-list-text\">Bozen fiorisce<\/span>\n\t\t\t\t\t\t\t\t\t\t\t<\/a>\n\t\t\t\t\t\t\t\t\t<\/li>\n\t\t\t\t\t\t\t\t<li class=\"elementor-icon-list-item\">\n\t\t\t\t\t\t\t\t\t\t\t<a href=\"https:\/\/www.lgbt.bz.it\/\">\n\n\t\t\t\t\t\t\t\t\t\t\t\t<span class=\"elementor-icon-list-icon\">\n\t\t\t\t\t\t\t<i aria-hidden=\"true\" class=\"tk tk-alternate-transgender\"><\/i>\t\t\t\t\t\t<\/span>\n\t\t\t\t\t\t\t\t\t\t<span class=\"elementor-icon-list-text\">Centaurus<\/span>\n\t\t\t\t\t\t\t\t\t\t\t<\/a>\n\t\t\t\t\t\t\t\t\t<\/li>\n\t\t\t\t\t\t\t\t<li class=\"elementor-icon-list-item\">\n\t\t\t\t\t\t\t\t\t\t\t<a href=\"https:\/\/climateaction.bz\/it\">\n\n\t\t\t\t\t\t\t\t\t\t\t\t<span class=\"elementor-icon-list-icon\">\n\t\t\t\t\t\t\t<i aria-hidden=\"true\" class=\"fas fa-leaf\"><\/i>\t\t\t\t\t\t<\/span>\n\t\t\t\t\t\t\t\t\t\t<span class=\"elementor-icon-list-text\">Climate Action<\/span>\n\t\t\t\t\t\t\t\t\t\t\t<\/a>\n\t\t\t\t\t\t\t\t\t<\/li>\n\t\t\t\t\t\t\t\t<li class=\"elementor-icon-list-item\">\n\t\t\t\t\t\t\t\t\t\t\t<a href=\"https:\/\/drinbz.it\/\">\n\n\t\t\t\t\t\t\t\t\t\t\t\t<span class=\"elementor-icon-list-icon\">\n\t\t\t\t\t\t\t<i aria-hidden=\"true\" class=\"fas fa-crow\"><\/i>\t\t\t\t\t\t<\/span>\n\t\t\t\t\t\t\t\t\t\t<span class=\"elementor-icon-list-text\">Drin Co-Working Space<\/span>\n\t\t\t\t\t\t\t\t\t\t\t<\/a>\n\t\t\t\t\t\t\t\t\t<\/li>\n\t\t\t\t\t\t\t\t<li class=\"elementor-icon-list-item\">\n\t\t\t\t\t\t\t\t\t\t\t<a href=\"https:\/\/fiab-staa.it\/it\">\n\n\t\t\t\t\t\t\t\t\t\t\t\t<span class=\"elementor-icon-list-icon\">\n\t\t\t\t\t\t\t<i aria-hidden=\"true\" class=\"fas fa-bicycle\"><\/i>\t\t\t\t\t\t<\/span>\n\t\t\t\t\t\t\t\t\t\t<span class=\"elementor-icon-list-text\">Fiab Alto Adige<\/span>\n\t\t\t\t\t\t\t\t\t\t\t<\/a>\n\t\t\t\t\t\t\t\t\t<\/li>\n\t\t\t\t\t\t\t\t<li class=\"elementor-icon-list-item\">\n\t\t\t\t\t\t\t\t\t\t\t<a href=\"https:\/\/www.instagram.com\/frauenmarsch.donneinmarcia\/\">\n\n\t\t\t\t\t\t\t\t\t\t\t\t<span class=\"elementor-icon-list-icon\">\n\t\t\t\t\t\t\t<i aria-hidden=\"true\" class=\"fas fa-venus\"><\/i>\t\t\t\t\t\t<\/span>\n\t\t\t\t\t\t\t\t\t\t<span class=\"elementor-icon-list-text\">Donne in marcia<\/span>\n\t\t\t\t\t\t\t\t\t\t\t<\/a>\n\t\t\t\t\t\t\t\t\t<\/li>\n\t\t\t\t\t\t\t\t<li class=\"elementor-icon-list-item\">\n\t\t\t\t\t\t\t\t\t\t\t<a href=\"https:\/\/montessori.coop\/it\">\n\n\t\t\t\t\t\t\t\t\t\t\t\t<span class=\"elementor-icon-list-icon\">\n\t\t\t\t\t\t\t<i aria-hidden=\"true\" class=\"fas fa-child\"><\/i>\t\t\t\t\t\t<\/span>\n\t\t\t\t\t\t\t\t\t\t<span class=\"elementor-icon-list-text\">Montessori<\/span>\n\t\t\t\t\t\t\t\t\t\t\t<\/a>\n\t\t\t\t\t\t\t\t\t<\/li>\n\t\t\t\t\t\t\t\t<li class=\"elementor-icon-list-item\">\n\t\t\t\t\t\t\t\t\t\t\t<a href=\"https:\/\/www.netz.bz.it\/\">\n\n\t\t\t\t\t\t\t\t\t\t\t\t<span class=\"elementor-icon-list-icon\">\n\t\t\t\t\t\t\t<i aria-hidden=\"true\" class=\"fas fa-compress\"><\/i>\t\t\t\t\t\t<\/span>\n\t\t\t\t\t\t\t\t\t\t<span class=\"elementor-icon-list-text\">Netz - cultura giovani<\/span>\n\t\t\t\t\t\t\t\t\t\t\t<\/a>\n\t\t\t\t\t\t\t\t\t<\/li>\n\t\t\t\t\t\t\t\t<li class=\"elementor-icon-list-item\">\n\t\t\t\t\t\t\t\t\t\t\t<a href=\"https:\/\/www.instagram.com\/pedaleradicale\/\">\n\n\t\t\t\t\t\t\t\t\t\t\t\t<span class=\"elementor-icon-list-icon\">\n\t\t\t\t\t\t\t<i aria-hidden=\"true\" class=\"tk tk-bicycle\"><\/i>\t\t\t\t\t\t<\/span>\n\t\t\t\t\t\t\t\t\t\t<span class=\"elementor-icon-list-text\">Pedale Radicale Ciclofficina<\/span>\n\t\t\t\t\t\t\t\t\t\t\t<\/a>\n\t\t\t\t\t\t\t\t\t<\/li>\n\t\t\t\t\t\t\t\t<li class=\"elementor-icon-list-item\">\n\t\t\t\t\t\t\t\t\t\t\t<a href=\"https:\/\/www.refill.bz.it\/it\">\n\n\t\t\t\t\t\t\t\t\t\t\t\t<span class=\"elementor-icon-list-icon\">\n\t\t\t\t\t\t\t<i aria-hidden=\"true\" class=\"fas fa-tint\"><\/i>\t\t\t\t\t\t<\/span>\n\t\t\t\t\t\t\t\t\t\t<span class=\"elementor-icon-list-text\">Refill - Punti d'acqua potabile<\/span>\n\t\t\t\t\t\t\t\t\t\t\t<\/a>\n\t\t\t\t\t\t\t\t\t<\/li>\n\t\t\t\t\t\t\t\t<li class=\"elementor-icon-list-item\">\n\t\t\t\t\t\t\t\t\t\t\t<a href=\"https:\/\/www.eurac.edu\/it\/blogs\/imagining-futures\/rompere-il-silenzio-un-documentario-per-dare-voce-alle-sopravvissute\">\n\n\t\t\t\t\t\t\t\t\t\t\t\t<span class=\"elementor-icon-list-icon\">\n\t\t\t\t\t\t\t<i aria-hidden=\"true\" class=\"tk tk-chess-queen\"><\/i>\t\t\t\t\t\t<\/span>\n\t\t\t\t\t\t\t\t\t\t<span class=\"elementor-icon-list-text\">Rompiamo il silenzio<\/span>\n\t\t\t\t\t\t\t\t\t\t\t<\/a>\n\t\t\t\t\t\t\t\t\t<\/li>\n\t\t\t\t\t\t\t\t<li class=\"elementor-icon-list-item\">\n\t\t\t\t\t\t\t\t\t\t\t<a href=\"https:\/\/www.future.bz.it\/it\/partner-della-rete\/tutti-partner-della-rete\">\n\n\t\t\t\t\t\t\t\t\t\t\t\t<span class=\"elementor-icon-list-icon\">\n\t\t\t\t\t\t\t<i aria-hidden=\"true\" class=\"fas fa-chess\"><\/i>\t\t\t\t\t\t<\/span>\n\t\t\t\t\t\t\t\t\t\t<span class=\"elementor-icon-list-text\">Ulteriori Organizazzioni e Associazioni<\/span>\n\t\t\t\t\t\t\t\t\t\t\t<\/a>\n\t\t\t\t\t\t\t\t\t<\/li>\n\t\t\t\t\t\t<\/ul>\n\t\t\t\t\t\t<\/div>\n\t\t\t\t<\/div>\n\t\t\t\t\t<\/div>\n\t\t<\/div>\n\t\t\t\t\t<\/div>\n\t\t<\/section>\n\t\t\t\t<\/div>\n\t\t","protected":false},"excerpt":{"rendered":"<p>Perch\u00e9 sostengo questi progetti In un periodo di profondi cambiamenti sociali, economici ed ecologici, abbiamo bisogno di iniziative che non puntino principalmente al profitto o alla visibilit\u00e0, ma che mettano al centro le persone, la sostenibilit\u00e0 e la coesione sociale. [&hellip;]<\/p>\n","protected":false},"author":2,"featured_media":0,"parent":0,"menu_order":0,"comment_status":"closed","ping_status":"closed","template":"","meta":{"footnotes":""},"class_list":["post-14142","page","type-page","status-publish","hentry"],"yoast_head":"<!-- This site is optimized with the Yoast SEO plugin v27.3 - https:\/\/yoast.com\/product\/yoast-seo-wordpress\/ -->\n<title>Progetti per una societ\u00e0 pi\u00f9 forte - Il training mentale come stile di vita<\/title>\n<meta name=\"robots\" content=\"index, follow, max-snippet:-1, max-image-preview:large, max-video-preview:-1\" \/>\n<link rel=\"canonical\" href=\"https:\/\/lifepath.eu\/it\/progetti\/\" \/>\n<meta property=\"og:locale\" content=\"it_IT\" \/>\n<meta property=\"og:type\" content=\"article\" \/>\n<meta property=\"og:title\" content=\"Progetti per una societ\u00e0 pi\u00f9 forte - Il training mentale come stile di vita\" \/>\n<meta property=\"og:description\" content=\"Perch\u00e9 sostengo questi progetti In un periodo di profondi cambiamenti sociali, economici ed ecologici, abbiamo bisogno di iniziative che non puntino principalmente al profitto o alla visibilit\u00e0, ma che mettano al centro le persone, la sostenibilit\u00e0 e la coesione sociale. [&hellip;]\" \/>\n<meta property=\"og:url\" content=\"https:\/\/lifepath.eu\/it\/progetti\/\" \/>\n<meta property=\"og:site_name\" content=\"Il training mentale come stile di vita\" \/>\n<meta property=\"article:publisher\" content=\"https:\/\/www.facebook.com\/lifepath.eu\/\" \/>\n<meta property=\"article:modified_time\" content=\"2025-05-02T22:34:49+00:00\" \/>\n<meta name=\"twitter:card\" content=\"summary_large_image\" \/>\n<meta name=\"twitter:label1\" content=\"Tempo di lettura stimato\" \/>\n\t<meta name=\"twitter:data1\" content=\"1 minuto\" \/>\n<script type=\"application\/ld+json\" class=\"yoast-schema-graph\">{\"@context\":\"https:\\\/\\\/schema.org\",\"@graph\":[{\"@type\":\"WebPage\",\"@id\":\"https:\\\/\\\/lifepath.eu\\\/it\\\/progetti\\\/\",\"url\":\"https:\\\/\\\/lifepath.eu\\\/it\\\/progetti\\\/\",\"name\":\"Progetti per una societ\u00e0 pi\u00f9 forte - Il training mentale come stile di vita\",\"isPartOf\":{\"@id\":\"https:\\\/\\\/lifepath.eu\\\/it\\\/#website\"},\"datePublished\":\"2025-04-30T09:34:22+00:00\",\"dateModified\":\"2025-05-02T22:34:49+00:00\",\"breadcrumb\":{\"@id\":\"https:\\\/\\\/lifepath.eu\\\/it\\\/progetti\\\/#breadcrumb\"},\"inLanguage\":\"it-IT\",\"potentialAction\":[{\"@type\":\"ReadAction\",\"target\":[\"https:\\\/\\\/lifepath.eu\\\/it\\\/progetti\\\/\"]}]},{\"@type\":\"BreadcrumbList\",\"@id\":\"https:\\\/\\\/lifepath.eu\\\/it\\\/progetti\\\/#breadcrumb\",\"itemListElement\":[{\"@type\":\"ListItem\",\"position\":1,\"name\":\"Startseite\",\"item\":\"https:\\\/\\\/lifepath.eu\\\/it\\\/\"},{\"@type\":\"ListItem\",\"position\":2,\"name\":\"Progetti per una societ\u00e0 pi\u00f9 forte\"}]},{\"@type\":\"WebSite\",\"@id\":\"https:\\\/\\\/lifepath.eu\\\/it\\\/#website\",\"url\":\"https:\\\/\\\/lifepath.eu\\\/it\\\/\",\"name\":\"Il training mentale come stile di vita\",\"description\":\"Il tuo sviluppo personale\",\"publisher\":{\"@id\":\"https:\\\/\\\/lifepath.eu\\\/it\\\/#organization\"},\"potentialAction\":[{\"@type\":\"SearchAction\",\"target\":{\"@type\":\"EntryPoint\",\"urlTemplate\":\"https:\\\/\\\/lifepath.eu\\\/it\\\/?s={search_term_string}\"},\"query-input\":{\"@type\":\"PropertyValueSpecification\",\"valueRequired\":true,\"valueName\":\"search_term_string\"}}],\"inLanguage\":\"it-IT\"},{\"@type\":\"Organization\",\"@id\":\"https:\\\/\\\/lifepath.eu\\\/it\\\/#organization\",\"name\":\"Lifepath\",\"url\":\"https:\\\/\\\/lifepath.eu\\\/it\\\/\",\"logo\":{\"@type\":\"ImageObject\",\"inLanguage\":\"it-IT\",\"@id\":\"https:\\\/\\\/lifepath.eu\\\/it\\\/#\\\/schema\\\/logo\\\/image\\\/\",\"url\":\"https:\\\/\\\/lifepath.eu\\\/wp-content\\\/uploads\\\/2023\\\/02\\\/LIFEPATH-LOGO-final.png\",\"contentUrl\":\"https:\\\/\\\/lifepath.eu\\\/wp-content\\\/uploads\\\/2023\\\/02\\\/LIFEPATH-LOGO-final.png\",\"width\":388,\"height\":266,\"caption\":\"Lifepath\"},\"image\":{\"@id\":\"https:\\\/\\\/lifepath.eu\\\/it\\\/#\\\/schema\\\/logo\\\/image\\\/\"},\"sameAs\":[\"https:\\\/\\\/www.facebook.com\\\/lifepath.eu\\\/\",\"https:\\\/\\\/www.instagram.com\\\/lifepath.eu\\\/\"]}]}<\/script>\n<!-- \/ Yoast SEO plugin. -->","yoast_head_json":{"title":"Progetti per una societ\u00e0 pi\u00f9 forte - Il training mentale come stile di vita","robots":{"index":"index","follow":"follow","max-snippet":"max-snippet:-1","max-image-preview":"max-image-preview:large","max-video-preview":"max-video-preview:-1"},"canonical":"https:\/\/lifepath.eu\/it\/progetti\/","og_locale":"it_IT","og_type":"article","og_title":"Progetti per una societ\u00e0 pi\u00f9 forte - Il training mentale come stile di vita","og_description":"Perch\u00e9 sostengo questi progetti In un periodo di profondi cambiamenti sociali, economici ed ecologici, abbiamo bisogno di iniziative che non puntino principalmente al profitto o alla visibilit\u00e0, ma che mettano al centro le persone, la sostenibilit\u00e0 e la coesione sociale. [&hellip;]","og_url":"https:\/\/lifepath.eu\/it\/progetti\/","og_site_name":"Il training mentale come stile di vita","article_publisher":"https:\/\/www.facebook.com\/lifepath.eu\/","article_modified_time":"2025-05-02T22:34:49+00:00","twitter_card":"summary_large_image","twitter_misc":{"Tempo di lettura stimato":"1 minuto"},"schema":{"@context":"https:\/\/schema.org","@graph":[{"@type":"WebPage","@id":"https:\/\/lifepath.eu\/it\/progetti\/","url":"https:\/\/lifepath.eu\/it\/progetti\/","name":"Progetti per una societ\u00e0 pi\u00f9 forte - Il training mentale come stile di vita","isPartOf":{"@id":"https:\/\/lifepath.eu\/it\/#website"},"datePublished":"2025-04-30T09:34:22+00:00","dateModified":"2025-05-02T22:34:49+00:00","breadcrumb":{"@id":"https:\/\/lifepath.eu\/it\/progetti\/#breadcrumb"},"inLanguage":"it-IT","potentialAction":[{"@type":"ReadAction","target":["https:\/\/lifepath.eu\/it\/progetti\/"]}]},{"@type":"BreadcrumbList","@id":"https:\/\/lifepath.eu\/it\/progetti\/#breadcrumb","itemListElement":[{"@type":"ListItem","position":1,"name":"Startseite","item":"https:\/\/lifepath.eu\/it\/"},{"@type":"ListItem","position":2,"name":"Progetti per una societ\u00e0 pi\u00f9 forte"}]},{"@type":"WebSite","@id":"https:\/\/lifepath.eu\/it\/#website","url":"https:\/\/lifepath.eu\/it\/","name":"Il training mentale come stile di vita","description":"Il tuo sviluppo personale","publisher":{"@id":"https:\/\/lifepath.eu\/it\/#organization"},"potentialAction":[{"@type":"SearchAction","target":{"@type":"EntryPoint","urlTemplate":"https:\/\/lifepath.eu\/it\/?s={search_term_string}"},"query-input":{"@type":"PropertyValueSpecification","valueRequired":true,"valueName":"search_term_string"}}],"inLanguage":"it-IT"},{"@type":"Organization","@id":"https:\/\/lifepath.eu\/it\/#organization","name":"Lifepath","url":"https:\/\/lifepath.eu\/it\/","logo":{"@type":"ImageObject","inLanguage":"it-IT","@id":"https:\/\/lifepath.eu\/it\/#\/schema\/logo\/image\/","url":"https:\/\/lifepath.eu\/wp-content\/uploads\/2023\/02\/LIFEPATH-LOGO-final.png","contentUrl":"https:\/\/lifepath.eu\/wp-content\/uploads\/2023\/02\/LIFEPATH-LOGO-final.png","width":388,"height":266,"caption":"Lifepath"},"image":{"@id":"https:\/\/lifepath.eu\/it\/#\/schema\/logo\/image\/"},"sameAs":["https:\/\/www.facebook.com\/lifepath.eu\/","https:\/\/www.instagram.com\/lifepath.eu\/"]}]}},"_links":{"self":[{"href":"https:\/\/lifepath.eu\/it\/wp-json\/wp\/v2\/pages\/14142","targetHints":{"allow":["GET"]}}],"collection":[{"href":"https:\/\/lifepath.eu\/it\/wp-json\/wp\/v2\/pages"}],"about":[{"href":"https:\/\/lifepath.eu\/it\/wp-json\/wp\/v2\/types\/page"}],"author":[{"embeddable":true,"href":"https:\/\/lifepath.eu\/it\/wp-json\/wp\/v2\/users\/2"}],"replies":[{"embeddable":true,"href":"https:\/\/lifepath.eu\/it\/wp-json\/wp\/v2\/comments?post=14142"}],"version-history":[{"count":11,"href":"https:\/\/lifepath.eu\/it\/wp-json\/wp\/v2\/pages\/14142\/revisions"}],"predecessor-version":[{"id":14194,"href":"https:\/\/lifepath.eu\/it\/wp-json\/wp\/v2\/pages\/14142\/revisions\/14194"}],"wp:attachment":[{"href":"https:\/\/lifepath.eu\/it\/wp-json\/wp\/v2\/media?parent=14142"}],"curies":[{"name":"wp","href":"https:\/\/api.w.org\/{rel}","templated":true}]}}